{"id":9,"date":"2014-03-13T06:47:40","date_gmt":"2014-03-13T06:47:40","guid":{"rendered":"http:\/\/bmibearings.com\/?page_id=9"},"modified":"2026-03-27T09:11:51","modified_gmt":"2026-03-27T09:11:51","slug":"home","status":"publish","type":"page","link":"https:\/\/bmibearings.com\/fr\/","title":{"rendered":"Accueil"},"content":{"rendered":"<p>&nbsp;<\/p>\r\n<!--FRENCH -->\r\n<div class=\"su-row\"><div class=\"su-column su-column-size-1-2\"><div class=\"su-column-inner su-u-clearfix su-u-trim\"> <div id=\"metaslider-id-1051\" style=\"max-width: 750px;\" class=\"ml-slider-3-107-0 metaslider metaslider-flex metaslider-1051 ml-slider has-dots-nav ms-theme-default\" role=\"region\" aria-label=\"New Slider\" data-height=\"271\" data-width=\"750\">\n    <div id=\"metaslider_container_1051\">\n        <div id=\"metaslider_1051\">\n            <ul class='slides'>\n                <li style=\"display: block; width: 100%;\" class=\"slide-5291 ms-image \" aria-roledescription=\"slide\" data-date=\"2025-10-03 08:56:14\" data-filename=\"product_group_web-750x271.jpg\" data-slide-type=\"image\"><img loading=\"lazy\" decoding=\"async\" src=\"https:\/\/bmibearings.com\/wp-content\/uploads\/2025\/10\/product_group_web-750x271.jpg\" height=\"271\" width=\"750\" alt=\"\" class=\"slider-1051 slide-5291 msDefaultImage\" title=\"product_group_web\" \/><\/li>\n                <li style=\"display: none; width: 100%;\" class=\"slide-2172 ms-image \" aria-roledescription=\"slide\" data-date=\"2019-06-25 06:19:37\" data-filename=\"sealed-spherical-roller-bmibearings.jpg\" data-slide-type=\"image\"><img loading=\"lazy\" decoding=\"async\" src=\"https:\/\/bmibearings.com\/wp-content\/uploads\/2021\/06\/sealed-spherical-roller-bmibearings.jpg\" height=\"271\" width=\"750\" alt=\"sealed-spherical-roller-bmibearings\" class=\"slider-1051 slide-2172 msDefaultImage\" title=\"sealed-spherical-roller-bmibearings\" \/><\/li>\n                <li style=\"display: none; width: 100%;\" class=\"slide-1053 ms-image \" aria-roledescription=\"slide\" data-date=\"2015-06-13 15:29:52\" data-filename=\"slide2.jpg\" data-slide-type=\"image\"><img loading=\"lazy\" decoding=\"async\" src=\"https:\/\/bmibearings.com\/wp-content\/uploads\/2015\/06\/slide2.jpg\" height=\"271\" width=\"750\" alt=\"\" class=\"slider-1051 slide-1053 msDefaultImage\" \/><\/li>\n                <li style=\"display: none; width: 100%;\" class=\"slide-1056 ms-image \" aria-roledescription=\"slide\" data-date=\"2015-06-13 15:29:58\" data-filename=\"slide5.jpg\" data-slide-type=\"image\"><img loading=\"lazy\" decoding=\"async\" src=\"https:\/\/bmibearings.com\/wp-content\/uploads\/2015\/06\/slide5.jpg\" height=\"271\" width=\"750\" alt=\"\" class=\"slider-1051 slide-1056 msDefaultImage\" \/><\/li>\n                <li style=\"display: none; width: 100%;\" class=\"slide-4593 ms-image \" aria-roledescription=\"slide\" data-date=\"2021-08-09 10:09:16\" data-filename=\"slide-backup.jpg\" data-slide-type=\"image\"><img loading=\"lazy\" decoding=\"async\" src=\"https:\/\/bmibearings.com\/wp-content\/uploads\/2021\/08\/slide-backup.jpg\" height=\"271\" width=\"750\" alt=\"\" class=\"slider-1051 slide-4593 msDefaultImage\" title=\"slide-backup\" \/><\/li>\n                <li style=\"display: none; width: 100%;\" class=\"slide-4594 ms-image \" aria-roledescription=\"slide\" data-date=\"2021-08-09 10:09:16\" data-filename=\"slide-Propellor-shafts.jpg\" data-slide-type=\"image\"><img loading=\"lazy\" decoding=\"async\" src=\"https:\/\/bmibearings.com\/wp-content\/uploads\/2021\/08\/slide-Propellor-shafts.jpg\" height=\"271\" width=\"750\" alt=\"\" class=\"slider-1051 slide-4594 msDefaultImage\" title=\"slide-Propellor-shafts\" \/><\/li>\n                <li style=\"display: none; width: 100%;\" class=\"slide-4595 ms-image \" aria-roledescription=\"slide\" data-date=\"2021-08-09 10:09:16\" data-filename=\"slide-Sinter-plant.jpg\" data-slide-type=\"image\"><img loading=\"lazy\" decoding=\"async\" src=\"https:\/\/bmibearings.com\/wp-content\/uploads\/2021\/08\/slide-Sinter-plant.jpg\" height=\"271\" width=\"750\" alt=\"\" class=\"slider-1051 slide-4595 msDefaultImage\" title=\"slide-Sinter-plant\" \/><\/li>\n                <li style=\"display: none; width: 100%;\" class=\"slide-4596 ms-image \" aria-roledescription=\"slide\" data-date=\"2021-08-09 10:09:16\" data-filename=\"CARB-bearings-slide.jpg\" data-slide-type=\"image\"><img loading=\"lazy\" decoding=\"async\" src=\"https:\/\/bmibearings.com\/wp-content\/uploads\/2022\/08\/CARB-bearings-slide.jpg\" height=\"271\" width=\"750\" alt=\"\" class=\"slider-1051 slide-4596 msDefaultImage\" title=\"CARB-bearings-slide\" \/><\/li>\n                <li style=\"display: none; width: 100%;\" class=\"slide-4597 ms-image \" aria-roledescription=\"slide\" data-date=\"2021-08-09 10:09:16\" data-filename=\"slide-Type-E.jpg\" data-slide-type=\"image\"><img loading=\"lazy\" decoding=\"async\" src=\"https:\/\/bmibearings.com\/wp-content\/uploads\/2021\/08\/slide-Type-E.jpg\" height=\"271\" width=\"750\" alt=\"\" class=\"slider-1051 slide-4597 msDefaultImage\" title=\"slide-Type-E\" \/><\/li>\n            <\/ul>\n        <\/div>\n        \n    <\/div>\n<\/div><\/div><\/div> <div class=\"su-column su-column-size-1-2\"><div class=\"su-column-inner su-u-clearfix su-u-trim\">\r\n<div class=\"langrow1\">\r\n<div class=\"\">40 ans d&rsquo;exp\u00e9rience<\/div>\r\n<div class=\"\">20+ pays exportent<\/div>\r\n<div class=\"\">3 r\u00e9compenses d&rsquo;EEPC pour les meilleures exportations<\/div>\r\n<\/div>\r\n<div class=\"langrow1\">\r\n<div class=\"\">1000+ tailles en stock<\/div>\r\n<div class=\"\">Maison d&rsquo;exportation Star<\/div>\r\n<div class=\"\">Plus de 100 employ\u00e9s<\/div>\r\n<\/div>\r\n<div class=\"langrow2\">\r\n<div class=\"\">Plus de 1000 clients satisfaits<\/div>\r\n<\/div>\r\n<\/div><\/div><\/div> <div class=\"su-divider su-divider-style-default\" style=\"margin:15px 0;border-width:3px;border-color:#999999\"><\/div>\r\n<div class=\"homebuttons\"><a href=\"http:\/\/bmibearings.com\/wp-content\/uploads\/2022\/12\/BMI-PROFILE-2022.pdf\" class=\"su-button su-button-style-default su-button-wide\" style=\"color:#FFFFFF;background-color:#E4A239;border-color:#b7822e;border-radius:5px\" target=\"_blank\" rel=\"noopener noreferrer\"><span style=\"color:#FFFFFF;padding:6px 16px;font-size:13px;line-height:20px;border-color:#edbe75;border-radius:5px;text-shadow:none\"><i class=\"sui sui-download\" style=\"font-size:13px;color:#FFFFFF\"><\/i> T\u00e9l\u00e9chargez la brochure BMI ici <\/span><\/a><div class=\"su-button-center\"><a href=\"http:\/\/bmibearings.com\/wp-content\/uploads\/2024\/09\/BMI_Catalogue-2024.pdf\" class=\"su-button su-button-style-3d\" style=\"color:#ffffff;background-color:#E4A239;border-color:#b7822e;border-radius:10px\" target=\"_blank\" rel=\"noopener noreferrer\" download=\"http:\/\/bmibearings.com\/wp-content\/uploads\/2024\/09\/BMI_Catalogue-2024.pdf\"><span style=\"color:#ffffff;padding:8px 26px;font-size:20px;line-height:30px;border-color:#edbe75;border-radius:10px;text-shadow:none\"><i class=\"sui sui-download\" style=\"font-size:20px;color:#ffffff\"><\/i> T\u00e9l\u00e9chargez le catalogue de produits ici<\/span><\/a><\/div> <a href=\"http:\/\/bmibearings.com\/wp-content\/uploads\/2026\/03\/BMI_master_profile_2632026_web.pdf\" class=\"su-button su-button-style-default su-button-wide\" style=\"color:#FFFFFF;background-color:#E4A239;border-color:#b7822e;border-radius:5px\" target=\"_blank\" rel=\"noopener noreferrer\"><span style=\"color:#FFFFFF;padding:6px 16px;font-size:13px;line-height:20px;border-color:#edbe75;border-radius:5px;text-shadow:none\"><i class=\"sui sui-download\" style=\"font-size:13px;color:#FFFFFF\"><\/i> T\u00e9l\u00e9charger la pr\u00e9sentation du profil BMI ici<\/span><\/a><\/div>\r\n<div class=\"su-divider su-divider-style-default\" style=\"margin:15px 0;border-width:3px;border-color:#999999\"><\/div> <div class=\"su-row\"> <div class=\"su-column su-column-size-1-3\"><div class=\"su-column-inner su-u-clearfix su-u-trim\">\r\n<h3>Ventes selon le type de roulement<\/h3>\r\n<div class=\"visualizer-front-container\" id=\"chart_wrapper_visualizer-864-1185857554\"><style type=\"text\/css\" name=\"visualizer-custom-css\" id=\"customcss-visualizer-864\">.locker,.locker-loader{position:absolute;top:0;left:0;width:100%;height:100%}.locker{z-index:1000;opacity:.8;background-color:#fff;-ms-filter:\"progid:DXImageTransform.Microsoft.Alpha(Opacity=80)\";filter:alpha(opacity=80)}.locker-loader{z-index:1001;background:url(https:\/\/bmibearings.com\/wp-content\/plugins\/visualizer\/images\/ajax-loader.gif) no-repeat center center}.dt-button{display:none!important}.visualizer-front-container.visualizer-lazy-render{content-visibility: auto;}.google-visualization-controls-categoryfilter label.google-visualization-controls-label {vertical-align: middle;}.google-visualization-controls-categoryfilter li.goog-inline-block {margin: 0 0.2em;}.google-visualization-controls-categoryfilter li {padding: 0 0.2em;}.visualizer-front-container .dataTables_scrollHeadInner{margin: 0 auto;}<\/style><div id=\"visualizer-864-1185857554\" class=\"visualizer-front  visualizer-front-864\"><\/div><!-- Not showing structured data for chart 864 because title is empty --><\/div><\/div><\/div> <div class=\"su-column su-column-size-1-3\"><div class=\"su-column-inner su-u-clearfix su-u-trim\">\r\n<h3>Statistiques d&rsquo;exportation par r\u00e9gion<\/h3>\r\n<div class=\"visualizer-front-container\" id=\"chart_wrapper_visualizer-866-512883714\"><style type=\"text\/css\" name=\"visualizer-custom-css\" id=\"customcss-visualizer-866\">.locker,.locker-loader{position:absolute;top:0;left:0;width:100%;height:100%}.locker{z-index:1000;opacity:.8;background-color:#fff;-ms-filter:\"progid:DXImageTransform.Microsoft.Alpha(Opacity=80)\";filter:alpha(opacity=80)}.locker-loader{z-index:1001;background:url(https:\/\/bmibearings.com\/wp-content\/plugins\/visualizer\/images\/ajax-loader.gif) no-repeat center center}.dt-button{display:none!important}.visualizer-front-container.visualizer-lazy-render{content-visibility: auto;}.google-visualization-controls-categoryfilter label.google-visualization-controls-label {vertical-align: middle;}.google-visualization-controls-categoryfilter li.goog-inline-block {margin: 0 0.2em;}.google-visualization-controls-categoryfilter li {padding: 0 0.2em;}.visualizer-front-container .dataTables_scrollHeadInner{margin: 0 auto;}<\/style><div id=\"visualizer-866-512883714\" class=\"visualizer-front  visualizer-front-866\"><\/div><!-- Not showing structured data for chart 866 because title is empty --><\/div><\/div><\/div> <div class=\"su-column su-column-size-1-3\"><div class=\"su-column-inner su-u-clearfix su-u-trim\"> <a href=\"http:\/\/bmibearings.com\/exhibitions\/\" class=\"su-button su-button-style-default su-button-wide\" style=\"color:#FFFFFF;background-color:#f75118;border-color:#c64114;border-radius:5px\" target=\"_blank\" rel=\"noopener noreferrer\"><span style=\"color:#FFFFFF;padding:6px 16px;font-size:13px;line-height:20px;border-color:#fa865e;border-radius:5px;text-shadow:none\"><i class=\"sui sui-download\" style=\"font-size:13px;color:#FFFFFF\"><\/i> Participation de BMI \u00e0 des salons internationaux<\/span><\/a> <a href=\"http:\/\/bmibearings.com\/wp-content\/uploads\/2025\/12\/BMI_STOCK-LIST.xlsx\" class=\"su-button su-button-style-default su-button-wide\" style=\"color:#FFFFFF;background-color:#E4A239;border-color:#b7822e;border-radius:5px\" target=\"_blank\" rel=\"noopener noreferrer\"><span style=\"color:#FFFFFF;padding:6px 16px;font-size:13px;line-height:20px;border-color:#edbe75;border-radius:5px;text-shadow:none\"><i class=\"sui sui-download\" style=\"font-size:13px;color:#FFFFFF\"><\/i> T\u00e9l\u00e9chargez ici la liste des stocks<\/span><\/a> <div class=\"su-button-center\"><a href=\"http:\/\/bmibearings.com\/interchange\/\" class=\"su-button su-button-style-flat su-button-wide\" style=\"color:#FFFFFF;background-color:#31477a;border-color:#283962;border-radius:5px\" target=\"_blank\" rel=\"noopener noreferrer\"><span style=\"color:#FFFFFF;padding:6px 16px;font-size:13px;line-height:20px;border-color:#6f7fa2;border-radius:5px;text-shadow:none\"><i class=\"sui sui-search\" style=\"font-size:13px;color:#FFFFFF\"><\/i> Rechercher des roulements par num\u00e9ro de pi\u00e8ce ou dimension<\/span><\/a><\/div> <\/div><\/div> <\/div> <\/p>","protected":false},"excerpt":{"rendered":"<p>&nbsp;<\/p>\n","protected":false},"author":2,"featured_media":0,"parent":0,"menu_order":0,"comment_status":"closed","ping_status":"closed","template":"page-templates\/front-page.php","meta":{"_themeisle_gutenberg_block_has_review":false,"footnotes":""},"class_list":["post-9","page","type-page","status-publish","hentry"],"yoast_head":"<!-- This site is optimized with the Yoast SEO plugin v27.3 - https:\/\/yoast.com\/product\/yoast-seo-wordpress\/ -->\n<title>(Deutsch) BMI Bearings - Home<\/title>\n<meta name=\"description\" content=\"Bearing Manufacturing India (BMI Bearings) is an ISO 9001 Certified with 2 manufacturing units focused on different product segments with customers in more than 45 countries and offices in 2 continents (USA &amp; Europe). We are catering more than 720 standard &amp; special sizes to our customers.\" \/>\n<meta name=\"robots\" content=\"index, follow, max-snippet:-1, max-image-preview:large, max-video-preview:-1\" \/>\n<link rel=\"canonical\" href=\"https:\/\/bmibearings.com\/\" \/>\n<meta property=\"og:locale\" content=\"fr_FR\" \/>\n<meta property=\"og:type\" content=\"article\" \/>\n<meta property=\"og:title\" content=\"[:de]BMI Bearings - Home[:en]Bearing Manufacturing India - [:ru]BMI Bearings - Home[:]\" \/>\n<meta property=\"og:description\" content=\"Bearing Manufacturing India (BMI Bearings) is an ISO 9001 Certified with 2 manufacturing units focused on different product segments with customers in more than 45 countries and offices in 2 continents (USA &amp; Europe). We are catering more than 720 standard &amp; special sizes to our customers.\" \/>\n<meta property=\"og:url\" content=\"https:\/\/bmibearings.com\/\" \/>\n<meta property=\"og:site_name\" content=\"Bearing Manufacturing India\" \/>\n<meta property=\"article:modified_time\" content=\"2026-03-27T09:11:51+00:00\" \/>\n<meta name=\"twitter:card\" content=\"summary_large_image\" \/>\n<meta name=\"twitter:label1\" content=\"Dur\u00e9e de lecture estim\u00e9e\" \/>\n\t<meta name=\"twitter:data1\" content=\"1 minute\" \/>\n<script type=\"application\/ld+json\" class=\"yoast-schema-graph\">{\"@context\":\"https:\\\/\\\/schema.org\",\"@graph\":[{\"@type\":\"WebPage\",\"@id\":\"https:\\\/\\\/bmibearings.com\\\/\",\"url\":\"https:\\\/\\\/bmibearings.com\\\/\",\"name\":\"[:de]BMI Bearings - Home[:en]Bearing Manufacturing India - [:ru]BMI Bearings - Home[:]\",\"isPartOf\":{\"@id\":\"https:\\\/\\\/bmibearings.com\\\/ru\\\/#website\"},\"datePublished\":\"2014-03-13T06:47:40+00:00\",\"dateModified\":\"2026-03-27T09:11:51+00:00\",\"description\":\"Bearing Manufacturing India (BMI Bearings) is an ISO 9001 Certified with 2 manufacturing units focused on different product segments with customers in more than 45 countries and offices in 2 continents (USA & Europe). We are catering more than 720 standard & special sizes to our customers.\",\"breadcrumb\":{\"@id\":\"https:\\\/\\\/bmibearings.com\\\/#breadcrumb\"},\"inLanguage\":\"fr-FR\",\"potentialAction\":[{\"@type\":\"ReadAction\",\"target\":[\"https:\\\/\\\/bmibearings.com\\\/\"]}]},{\"@type\":\"BreadcrumbList\",\"@id\":\"https:\\\/\\\/bmibearings.com\\\/#breadcrumb\",\"itemListElement\":[{\"@type\":\"ListItem\",\"position\":1,\"name\":\"Home\",\"item\":\"https:\\\/\\\/bmibearings.com\\\/\"},{\"@type\":\"ListItem\",\"position\":2,\"name\":\"Home\"}]},{\"@type\":\"WebSite\",\"@id\":\"https:\\\/\\\/bmibearings.com\\\/ru\\\/#website\",\"url\":\"https:\\\/\\\/bmibearings.com\\\/ru\\\/\",\"name\":\"Bearing Manufacturing India\",\"description\":\"\",\"publisher\":{\"@id\":\"https:\\\/\\\/bmibearings.com\\\/ru\\\/#organization\"},\"potentialAction\":[{\"@type\":\"SearchAction\",\"target\":{\"@type\":\"EntryPoint\",\"urlTemplate\":\"https:\\\/\\\/bmibearings.com\\\/ru\\\/?s={search_term_string}\"},\"query-input\":{\"@type\":\"PropertyValueSpecification\",\"valueRequired\":true,\"valueName\":\"search_term_string\"}}],\"inLanguage\":\"fr-FR\"},{\"@type\":\"Organization\",\"@id\":\"https:\\\/\\\/bmibearings.com\\\/ru\\\/#organization\",\"name\":\"Bearing Manufacturing India\",\"url\":\"https:\\\/\\\/bmibearings.com\\\/ru\\\/\",\"logo\":{\"@type\":\"ImageObject\",\"inLanguage\":\"fr-FR\",\"@id\":\"https:\\\/\\\/bmibearings.com\\\/ru\\\/#\\\/schema\\\/logo\\\/image\\\/\",\"url\":\"https:\\\/\\\/bmibearings.com\\\/wp-content\\\/uploads\\\/2014\\\/03\\\/logo211.png\",\"contentUrl\":\"https:\\\/\\\/bmibearings.com\\\/wp-content\\\/uploads\\\/2014\\\/03\\\/logo211.png\",\"width\":541,\"height\":72,\"caption\":\"Bearing Manufacturing India\"},\"image\":{\"@id\":\"https:\\\/\\\/bmibearings.com\\\/ru\\\/#\\\/schema\\\/logo\\\/image\\\/\"}}]}<\/script>\n<!-- \/ Yoast SEO plugin. -->","yoast_head_json":{"title":"(Deutsch) BMI Bearings - Home","description":"Bearing Manufacturing India (BMI Bearings) is an ISO 9001 Certified with 2 manufacturing units focused on different product segments with customers in more than 45 countries and offices in 2 continents (USA & Europe). We are catering more than 720 standard & special sizes to our customers.","robots":{"index":"index","follow":"follow","max-snippet":"max-snippet:-1","max-image-preview":"max-image-preview:large","max-video-preview":"max-video-preview:-1"},"canonical":"https:\/\/bmibearings.com\/","og_locale":"fr_FR","og_type":"article","og_title":"[:de]BMI Bearings - Home[:en]Bearing Manufacturing India - [:ru]BMI Bearings - Home[:]","og_description":"Bearing Manufacturing India (BMI Bearings) is an ISO 9001 Certified with 2 manufacturing units focused on different product segments with customers in more than 45 countries and offices in 2 continents (USA & Europe). We are catering more than 720 standard & special sizes to our customers.","og_url":"https:\/\/bmibearings.com\/","og_site_name":"Bearing Manufacturing India","article_modified_time":"2026-03-27T09:11:51+00:00","twitter_card":"summary_large_image","twitter_misc":{"Dur\u00e9e de lecture estim\u00e9e":"1 minute"},"schema":{"@context":"https:\/\/schema.org","@graph":[{"@type":"WebPage","@id":"https:\/\/bmibearings.com\/","url":"https:\/\/bmibearings.com\/","name":"[:de]BMI Bearings - Home[:en]Bearing Manufacturing India - [:ru]BMI Bearings - Home[:]","isPartOf":{"@id":"https:\/\/bmibearings.com\/ru\/#website"},"datePublished":"2014-03-13T06:47:40+00:00","dateModified":"2026-03-27T09:11:51+00:00","description":"Bearing Manufacturing India (BMI Bearings) is an ISO 9001 Certified with 2 manufacturing units focused on different product segments with customers in more than 45 countries and offices in 2 continents (USA & Europe). We are catering more than 720 standard & special sizes to our customers.","breadcrumb":{"@id":"https:\/\/bmibearings.com\/#breadcrumb"},"inLanguage":"fr-FR","potentialAction":[{"@type":"ReadAction","target":["https:\/\/bmibearings.com\/"]}]},{"@type":"BreadcrumbList","@id":"https:\/\/bmibearings.com\/#breadcrumb","itemListElement":[{"@type":"ListItem","position":1,"name":"Home","item":"https:\/\/bmibearings.com\/"},{"@type":"ListItem","position":2,"name":"Home"}]},{"@type":"WebSite","@id":"https:\/\/bmibearings.com\/ru\/#website","url":"https:\/\/bmibearings.com\/ru\/","name":"Bearing Manufacturing India","description":"","publisher":{"@id":"https:\/\/bmibearings.com\/ru\/#organization"},"potentialAction":[{"@type":"SearchAction","target":{"@type":"EntryPoint","urlTemplate":"https:\/\/bmibearings.com\/ru\/?s={search_term_string}"},"query-input":{"@type":"PropertyValueSpecification","valueRequired":true,"valueName":"search_term_string"}}],"inLanguage":"fr-FR"},{"@type":"Organization","@id":"https:\/\/bmibearings.com\/ru\/#organization","name":"Bearing Manufacturing India","url":"https:\/\/bmibearings.com\/ru\/","logo":{"@type":"ImageObject","inLanguage":"fr-FR","@id":"https:\/\/bmibearings.com\/ru\/#\/schema\/logo\/image\/","url":"https:\/\/bmibearings.com\/wp-content\/uploads\/2014\/03\/logo211.png","contentUrl":"https:\/\/bmibearings.com\/wp-content\/uploads\/2014\/03\/logo211.png","width":541,"height":72,"caption":"Bearing Manufacturing India"},"image":{"@id":"https:\/\/bmibearings.com\/ru\/#\/schema\/logo\/image\/"}}]}},"_links":{"self":[{"href":"https:\/\/bmibearings.com\/fr\/wp-json\/wp\/v2\/pages\/9","targetHints":{"allow":["GET"]}}],"collection":[{"href":"https:\/\/bmibearings.com\/fr\/wp-json\/wp\/v2\/pages"}],"about":[{"href":"https:\/\/bmibearings.com\/fr\/wp-json\/wp\/v2\/types\/page"}],"author":[{"embeddable":true,"href":"https:\/\/bmibearings.com\/fr\/wp-json\/wp\/v2\/users\/2"}],"replies":[{"embeddable":true,"href":"https:\/\/bmibearings.com\/fr\/wp-json\/wp\/v2\/comments?post=9"}],"version-history":[{"count":6,"href":"https:\/\/bmibearings.com\/fr\/wp-json\/wp\/v2\/pages\/9\/revisions"}],"predecessor-version":[{"id":5519,"href":"https:\/\/bmibearings.com\/fr\/wp-json\/wp\/v2\/pages\/9\/revisions\/5519"}],"wp:attachment":[{"href":"https:\/\/bmibearings.com\/fr\/wp-json\/wp\/v2\/media?parent=9"}],"curies":[{"name":"wp","href":"https:\/\/api.w.org\/{rel}","templated":true}]}}