{"id":722,"date":"2014-03-13T06:47:40","date_gmt":"2014-03-13T06:47:40","guid":{"rendered":"http:\/\/bmibearings.com\/?page_id=5"},"modified":"2026-05-01T08:23:48","modified_gmt":"2026-05-01T08:23:48","slug":"careers","status":"publish","type":"page","link":"https:\/\/bmibearings.com\/fr\/about-us\/careers\/","title":{"rendered":"Carri\u00e8res"},"content":{"rendered":"<p><strong>Si vous \u00eates pr\u00eat pour une carri\u00e8re stimulante <\/strong>qui vous offre la possibilit\u00e9 d&rsquo;\u00e9voluer personnellement et professionnellement, tournez-vous vers Bearing Manufacturing India (BMI) et commencez \u00e0 travailler sur les technologies les plus avanc\u00e9es.<\/p>\r\n<p><strong>Nous sommes une entreprise manufacturi\u00e8re \u00e0 croissance rapide<\/strong> avec un programme de r\u00e9mun\u00e9ration comp\u00e9titif.<br \/>Ajoutez votre CV \u00e0 notre base de donn\u00e9es et en cas de correspondance appropri\u00e9e, nous vous contacterons sous peu.<\/p>\r\n<p><strong>Nous recrutons actuellement \u00e0 plusieurs niveaux <\/strong>et si vous souhaitez explorer de nouvelles opportunit\u00e9s avec nous, veuillez envoyer votre CV \u00e0 hr@bmibearings.com<\/p>\r\n\r\n<p>&nbsp;<\/p>","protected":false},"excerpt":{"rendered":"<p>Si vous \u00eates pr\u00eat pour une carri\u00e8re stimulante qui vous offre la possibilit\u00e9 d&rsquo;\u00e9voluer personnellement et professionnellement, tournez-vous vers Bearing Manufacturing India (BMI) et commencez \u00e0 travailler sur les technologies les plus avanc\u00e9es. Nous sommes une entreprise manufacturi\u00e8re \u00e0 croissance rapide avec un programme de r\u00e9mun\u00e9ration comp\u00e9titif.Ajoutez votre CV \u00e0 notre base de donn\u00e9es et [&hellip;]<\/p>\n","protected":false},"author":2,"featured_media":616,"parent":185,"menu_order":0,"comment_status":"closed","ping_status":"closed","template":"","meta":{"_acf_changed":false,"_themeisle_gutenberg_block_has_review":false,"footnotes":""},"tags":[],"class_list":["post-722","page","type-page","status-publish","has-post-thumbnail","hentry"],"acf":[],"yoast_head":"<!-- This site is optimized with the Yoast SEO plugin v27.3 - https:\/\/yoast.com\/product\/yoast-seo-wordpress\/ -->\n<title>Carri\u00e8res Bearing Manufacturing India<\/title>\n<meta name=\"description\" content=\"(English) If you&#039;re ready for a challenging career that provides you with the ability to advance personally and professionally, look to Bearing Manufacturing India (BMI)\" \/>\n<meta name=\"robots\" content=\"index, follow, max-snippet:-1, max-image-preview:large, max-video-preview:-1\" \/>\n<link rel=\"canonical\" href=\"https:\/\/bmibearings.com\/about-us\/careers\/\" \/>\n<meta property=\"og:locale\" content=\"fr_FR\" \/>\n<meta property=\"og:type\" content=\"article\" \/>\n<meta property=\"og:title\" content=\"Carri\u00e8res Bearing Manufacturing India\" \/>\n<meta property=\"og:description\" content=\"{:en}If you&#039;re ready for a challenging career that provides you with the ability to advance personally and professionally, look to Bearing Manufacturing India (BMI){:}\" \/>\n<meta property=\"og:url\" content=\"https:\/\/bmibearings.com\/about-us\/careers\/\" \/>\n<meta property=\"og:site_name\" content=\"Bearing Manufacturing India\" \/>\n<meta property=\"article:modified_time\" content=\"2026-05-01T08:23:48+00:00\" \/>\n<meta property=\"og:image\" content=\"http:\/\/bmibearings.com\/wp-content\/uploads\/2014\/03\/hdr-career11.jpg\" \/>\n\t<meta property=\"og:image:width\" content=\"1000\" \/>\n\t<meta property=\"og:image:height\" content=\"290\" \/>\n\t<meta property=\"og:image:type\" content=\"image\/jpeg\" \/>\n<meta name=\"twitter:card\" content=\"summary_large_image\" \/>\n<meta name=\"twitter:label1\" content=\"Dur\u00e9e de lecture estim\u00e9e\" \/>\n\t<meta name=\"twitter:data1\" content=\"1 minute\" \/>\n<script type=\"application\/ld+json\" class=\"yoast-schema-graph\">{\"@context\":\"https:\\\/\\\/schema.org\",\"@graph\":[{\"@type\":\"WebPage\",\"@id\":\"https:\\\/\\\/bmibearings.com\\\/about-us\\\/careers\\\/\",\"url\":\"https:\\\/\\\/bmibearings.com\\\/about-us\\\/careers\\\/\",\"name\":\"Carri\u00e8res Bearing Manufacturing India\",\"isPartOf\":{\"@id\":\"https:\\\/\\\/bmibearings.com\\\/ru\\\/#website\"},\"primaryImageOfPage\":{\"@id\":\"https:\\\/\\\/bmibearings.com\\\/about-us\\\/careers\\\/#primaryimage\"},\"image\":{\"@id\":\"https:\\\/\\\/bmibearings.com\\\/about-us\\\/careers\\\/#primaryimage\"},\"thumbnailUrl\":\"https:\\\/\\\/bmibearings.com\\\/wp-content\\\/uploads\\\/2014\\\/03\\\/hdr-career11.jpg\",\"datePublished\":\"2014-03-13T06:47:40+00:00\",\"dateModified\":\"2026-05-01T08:23:48+00:00\",\"description\":\"{:en}If you're ready for a challenging career that provides you with the ability to advance personally and professionally, look to Bearing Manufacturing India (BMI){:}\",\"breadcrumb\":{\"@id\":\"https:\\\/\\\/bmibearings.com\\\/about-us\\\/careers\\\/#breadcrumb\"},\"inLanguage\":\"fr-FR\",\"potentialAction\":[{\"@type\":\"ReadAction\",\"target\":[\"https:\\\/\\\/bmibearings.com\\\/about-us\\\/careers\\\/\"]}]},{\"@type\":\"ImageObject\",\"inLanguage\":\"fr-FR\",\"@id\":\"https:\\\/\\\/bmibearings.com\\\/about-us\\\/careers\\\/#primaryimage\",\"url\":\"https:\\\/\\\/bmibearings.com\\\/wp-content\\\/uploads\\\/2014\\\/03\\\/hdr-career11.jpg\",\"contentUrl\":\"https:\\\/\\\/bmibearings.com\\\/wp-content\\\/uploads\\\/2014\\\/03\\\/hdr-career11.jpg\",\"width\":1000,\"height\":290},{\"@type\":\"BreadcrumbList\",\"@id\":\"https:\\\/\\\/bmibearings.com\\\/about-us\\\/careers\\\/#breadcrumb\",\"itemListElement\":[{\"@type\":\"ListItem\",\"position\":1,\"name\":\"Home\",\"item\":\"https:\\\/\\\/bmibearings.com\\\/\"},{\"@type\":\"ListItem\",\"position\":2,\"name\":\"Chi siamo\",\"item\":\"https:\\\/\\\/bmibearings.com\\\/it\\\/about-us\\\/\"},{\"@type\":\"ListItem\",\"position\":3,\"name\":\"Careers\"}]},{\"@type\":\"WebSite\",\"@id\":\"https:\\\/\\\/bmibearings.com\\\/ru\\\/#website\",\"url\":\"https:\\\/\\\/bmibearings.com\\\/ru\\\/\",\"name\":\"Bearing Manufacturing India\",\"description\":\"\",\"publisher\":{\"@id\":\"https:\\\/\\\/bmibearings.com\\\/ru\\\/#organization\"},\"potentialAction\":[{\"@type\":\"SearchAction\",\"target\":{\"@type\":\"EntryPoint\",\"urlTemplate\":\"https:\\\/\\\/bmibearings.com\\\/ru\\\/?s={search_term_string}\"},\"query-input\":{\"@type\":\"PropertyValueSpecification\",\"valueRequired\":true,\"valueName\":\"search_term_string\"}}],\"inLanguage\":\"fr-FR\"},{\"@type\":\"Organization\",\"@id\":\"https:\\\/\\\/bmibearings.com\\\/ru\\\/#organization\",\"name\":\"Bearing Manufacturing India\",\"url\":\"https:\\\/\\\/bmibearings.com\\\/ru\\\/\",\"logo\":{\"@type\":\"ImageObject\",\"inLanguage\":\"fr-FR\",\"@id\":\"https:\\\/\\\/bmibearings.com\\\/ru\\\/#\\\/schema\\\/logo\\\/image\\\/\",\"url\":\"https:\\\/\\\/bmibearings.com\\\/wp-content\\\/uploads\\\/2014\\\/03\\\/logo211.png\",\"contentUrl\":\"https:\\\/\\\/bmibearings.com\\\/wp-content\\\/uploads\\\/2014\\\/03\\\/logo211.png\",\"width\":541,\"height\":72,\"caption\":\"Bearing Manufacturing India\"},\"image\":{\"@id\":\"https:\\\/\\\/bmibearings.com\\\/ru\\\/#\\\/schema\\\/logo\\\/image\\\/\"}}]}<\/script>\n<!-- \/ Yoast SEO plugin. -->","yoast_head_json":{"title":"Carri\u00e8res Bearing Manufacturing India","description":"(English) If you're ready for a challenging career that provides you with the ability to advance personally and professionally, look to Bearing Manufacturing India (BMI)","robots":{"index":"index","follow":"follow","max-snippet":"max-snippet:-1","max-image-preview":"max-image-preview:large","max-video-preview":"max-video-preview:-1"},"canonical":"https:\/\/bmibearings.com\/about-us\/careers\/","og_locale":"fr_FR","og_type":"article","og_title":"Carri\u00e8res Bearing Manufacturing India","og_description":"{:en}If you're ready for a challenging career that provides you with the ability to advance personally and professionally, look to Bearing Manufacturing India (BMI){:}","og_url":"https:\/\/bmibearings.com\/about-us\/careers\/","og_site_name":"Bearing Manufacturing India","article_modified_time":"2026-05-01T08:23:48+00:00","og_image":[{"width":1000,"height":290,"url":"http:\/\/bmibearings.com\/wp-content\/uploads\/2014\/03\/hdr-career11.jpg","type":"image\/jpeg"}],"twitter_card":"summary_large_image","twitter_misc":{"Dur\u00e9e de lecture estim\u00e9e":"1 minute"},"schema":{"@context":"https:\/\/schema.org","@graph":[{"@type":"WebPage","@id":"https:\/\/bmibearings.com\/about-us\/careers\/","url":"https:\/\/bmibearings.com\/about-us\/careers\/","name":"Carri\u00e8res Bearing Manufacturing India","isPartOf":{"@id":"https:\/\/bmibearings.com\/ru\/#website"},"primaryImageOfPage":{"@id":"https:\/\/bmibearings.com\/about-us\/careers\/#primaryimage"},"image":{"@id":"https:\/\/bmibearings.com\/about-us\/careers\/#primaryimage"},"thumbnailUrl":"https:\/\/bmibearings.com\/wp-content\/uploads\/2014\/03\/hdr-career11.jpg","datePublished":"2014-03-13T06:47:40+00:00","dateModified":"2026-05-01T08:23:48+00:00","description":"{:en}If you're ready for a challenging career that provides you with the ability to advance personally and professionally, look to Bearing Manufacturing India (BMI){:}","breadcrumb":{"@id":"https:\/\/bmibearings.com\/about-us\/careers\/#breadcrumb"},"inLanguage":"fr-FR","potentialAction":[{"@type":"ReadAction","target":["https:\/\/bmibearings.com\/about-us\/careers\/"]}]},{"@type":"ImageObject","inLanguage":"fr-FR","@id":"https:\/\/bmibearings.com\/about-us\/careers\/#primaryimage","url":"https:\/\/bmibearings.com\/wp-content\/uploads\/2014\/03\/hdr-career11.jpg","contentUrl":"https:\/\/bmibearings.com\/wp-content\/uploads\/2014\/03\/hdr-career11.jpg","width":1000,"height":290},{"@type":"BreadcrumbList","@id":"https:\/\/bmibearings.com\/about-us\/careers\/#breadcrumb","itemListElement":[{"@type":"ListItem","position":1,"name":"Home","item":"https:\/\/bmibearings.com\/"},{"@type":"ListItem","position":2,"name":"Chi siamo","item":"https:\/\/bmibearings.com\/it\/about-us\/"},{"@type":"ListItem","position":3,"name":"Careers"}]},{"@type":"WebSite","@id":"https:\/\/bmibearings.com\/ru\/#website","url":"https:\/\/bmibearings.com\/ru\/","name":"Bearing Manufacturing India","description":"","publisher":{"@id":"https:\/\/bmibearings.com\/ru\/#organization"},"potentialAction":[{"@type":"SearchAction","target":{"@type":"EntryPoint","urlTemplate":"https:\/\/bmibearings.com\/ru\/?s={search_term_string}"},"query-input":{"@type":"PropertyValueSpecification","valueRequired":true,"valueName":"search_term_string"}}],"inLanguage":"fr-FR"},{"@type":"Organization","@id":"https:\/\/bmibearings.com\/ru\/#organization","name":"Bearing Manufacturing India","url":"https:\/\/bmibearings.com\/ru\/","logo":{"@type":"ImageObject","inLanguage":"fr-FR","@id":"https:\/\/bmibearings.com\/ru\/#\/schema\/logo\/image\/","url":"https:\/\/bmibearings.com\/wp-content\/uploads\/2014\/03\/logo211.png","contentUrl":"https:\/\/bmibearings.com\/wp-content\/uploads\/2014\/03\/logo211.png","width":541,"height":72,"caption":"Bearing Manufacturing India"},"image":{"@id":"https:\/\/bmibearings.com\/ru\/#\/schema\/logo\/image\/"}}]}},"_links":{"self":[{"href":"https:\/\/bmibearings.com\/fr\/wp-json\/wp\/v2\/pages\/722","targetHints":{"allow":["GET"]}}],"collection":[{"href":"https:\/\/bmibearings.com\/fr\/wp-json\/wp\/v2\/pages"}],"about":[{"href":"https:\/\/bmibearings.com\/fr\/wp-json\/wp\/v2\/types\/page"}],"author":[{"embeddable":true,"href":"https:\/\/bmibearings.com\/fr\/wp-json\/wp\/v2\/users\/2"}],"replies":[{"embeddable":true,"href":"https:\/\/bmibearings.com\/fr\/wp-json\/wp\/v2\/comments?post=722"}],"version-history":[{"count":2,"href":"https:\/\/bmibearings.com\/fr\/wp-json\/wp\/v2\/pages\/722\/revisions"}],"predecessor-version":[{"id":5758,"href":"https:\/\/bmibearings.com\/fr\/wp-json\/wp\/v2\/pages\/722\/revisions\/5758"}],"up":[{"embeddable":true,"href":"https:\/\/bmibearings.com\/fr\/wp-json\/wp\/v2\/pages\/185"}],"wp:featuredmedia":[{"embeddable":true,"href":"https:\/\/bmibearings.com\/fr\/wp-json\/wp\/v2\/media\/616"}],"wp:attachment":[{"href":"https:\/\/bmibearings.com\/fr\/wp-json\/wp\/v2\/media?parent=722"}],"wp:term":[{"taxonomy":"post_tag","embeddable":true,"href":"https:\/\/bmibearings.com\/fr\/wp-json\/wp\/v2\/tags?post=722"}],"curies":[{"name":"wp","href":"https:\/\/api.w.org\/{rel}","templated":true}]}}