{"id":7,"date":"2014-03-13T06:47:40","date_gmt":"2014-03-13T06:47:40","guid":{"rendered":"http:\/\/bmibearings.com\/?page_id=7"},"modified":"2026-05-01T11:21:43","modified_gmt":"2026-05-01T11:21:43","slug":"management-team","status":"publish","type":"page","link":"https:\/\/bmibearings.com\/fr\/about-us\/management-team\/","title":{"rendered":"\u00c3\u2030quipe de gestion"},"content":{"rendered":"<h3>Snehal Sheth<\/h3>\n<h5>Chef de la direction<\/h5>\n<p><img loading=\"lazy\" decoding=\"async\" class=\"wp-image-223 alignleft\" src=\"http:\/\/bmibearings.com\/\/wp-content\/uploads\/2014\/03\/SnehalSheth.jpg\" alt=\"SnehalSheth\" width=\"198\" height=\"154\" \/>Mr. Snehal Sheth, un v\u00e9t\u00e9ran de l\u2019industrie avec plus de 40 ans d\u2019exp\u00e9rience dans le n\u00e9goce, les importations \u00e0 la production, il apporte une pr\u00e9cieuse exp\u00e9rience de l\u2019industrie. Sous sa direction, l\u2019entreprise a connu une croissance de pas d\u2019exportations \u00e0 20 millions de dollars US avec des clients dans plus de 45 pays \u00e0 travers le monde.<br \/>\n<div class=\"su-divider su-divider-style-default\" style=\"margin:15px 0;border-width:3px;border-color:#999999\"><\/div>\n<h3>Debashis Chatterjee<\/h3>\n<h5>Technologie VP<\/h5>\n<p>M. Chatterjee Dabashis BITS ing\u00e9nieur m\u00e9canique, Pilani avec plus de 40 ans de conception, de fabrication, la planification des installations, la s\u00e9lection des machines et de l\u2019exp\u00e9rience de conseil dans l\u2019industrie du roulement. Il poss\u00e8de une vaste exp\u00e9rience dans des soci\u00e9t\u00e9s leaders telles que : FAG, NRB, RHP et la plupart des fabricants indiens de roulements. Un v\u00e9t\u00e9ran de l\u2019industrie du roulement, il apporte une richesse d\u2019exp\u00e9rience dans la compr\u00e9hension de la demande et donc fournir les bonnes solutions.<br \/>\n<div class=\"su-divider su-divider-style-default\" style=\"margin:15px 0;border-width:3px;border-color:#999999\"><\/div>\n<h3>Shrenik Sheth<\/h3>\n<h5>Key Account Manager<\/h5>\n<p><img loading=\"lazy\" decoding=\"async\" class=\"wp-image-224 alignleft\" src=\"http:\/\/bmibearings.com\/\/wp-content\/uploads\/2014\/03\/ShrenikSheth.jpg\" alt=\"ShrenikSheth\" width=\"198\" height=\"154\" \/>M. Shrenik Sheth est un ing\u00e9nieur en m\u00e9canique et MS de l\u2019Universit\u00e9 Duke Etats-Unis, il comprend la demande et fournit des solutions \u00e0 des clients apr\u00e8s avoir travaill\u00e9 avec l\u2019\u00e9quipe d\u2019ing\u00e9nierie ing\u00e9nierie et l\u2019application. Avec une riche exp\u00e9rience dans la vente de Timken et d\u2019autres fabricants indiens qu\u2019il apporte dans les distributeurs et OEM de plus de 40 pays \u00e0 travers le monde.<br \/>\n<div class=\"su-divider su-divider-style-default\" style=\"margin:15px 0;border-width:3px;border-color:#999999\"><\/div>\n<h3>Shine Oommen<\/h3>\n<h5>Responsable Logistique<\/h5>\n<p><img loading=\"lazy\" decoding=\"async\" class=\"alignleft  wp-image-439\" src=\"http:\/\/bmibearings.com\/\/wp-content\/uploads\/2014\/03\/ShineOomen.jpg\" alt=\"ShineOomen\" width=\"198\" height=\"154\" \/>Avec plus de 18 ann\u00e9es d\u2019exp\u00e9rience dans la vente et l\u2019exp\u00e9dition \u00e0 l\u2019int\u00e9rieur pour les exportations apr\u00e8s l\u2019obtention du dipl\u00f4me en Economie. Il g\u00e8re l\u2019ensemble du transport et compte d\u00e9partement d\u00e8s maintenant pour tous nos clients dans plus de 40 pays.<br \/>\n<div class=\"su-divider su-divider-style-default\" style=\"margin:15px 0;border-width:3px;border-color:#999999\"><\/div>\n<h3>Uma Naidu<\/h3>\n<h5>Directeur des ventes<\/h5>\n<p><img loading=\"lazy\" decoding=\"async\" class=\"alignleft  wp-image-440\" src=\"http:\/\/bmibearings.com\/\/wp-content\/uploads\/2014\/03\/UmaNaidu.jpg\" alt=\"UmaNaidu\" width=\"198\" height=\"154\" \/>Apr\u00e8s ses \u00e9tudes de commerce fond elle a travaill\u00e9 comme coordonnateur des ventes pour pr\u00e8s de 8 ans maintenant. Elle a une connaissance compl\u00e8te des diff\u00e9rents num\u00e9ros de roulement et la d\u00e9signation et prouve comme une source tr\u00e8s comp\u00e9tente en soutenant les ventes \u00e0 l\u2019exportation de l\u2019BMI.<\/p>","protected":false},"excerpt":{"rendered":"<p>Snehal Sheth Chef de la direction Mr. Snehal Sheth, un v\u00e9t\u00e9ran de l\u2019industrie avec plus de 40 ans d\u2019exp\u00e9rience dans le n\u00e9goce, les importations \u00e0 la production, il apporte une pr\u00e9cieuse exp\u00e9rience de l\u2019industrie. Sous sa direction, l\u2019entreprise a connu une croissance de pas d\u2019exportations \u00e0 20 millions de dollars US avec des clients dans [&hellip;]<\/p>\n","protected":false},"author":2,"featured_media":615,"parent":185,"menu_order":0,"comment_status":"closed","ping_status":"closed","template":"","meta":{"_acf_changed":false,"_themeisle_gutenberg_block_has_review":false,"footnotes":""},"tags":[],"class_list":["post-7","page","type-page","status-publish","has-post-thumbnail","hentry"],"acf":{"team_intro":"(English) <img class=\"alignleft wp-image-223 size-medium\" src=\"http:\/\/bmibearings.com\/wp-content\/uploads\/2014\/03\/SnehalSheth1-300x232.jpg\" alt=\"\" width=\"300\" height=\"232\" \/>BMI was founded by the late Mr. Snehal Sheth, a veteran of the bearing industry whose 40 years of experience in trading, imports, and manufacturing established our global reach. Under his guidance, the company grew to serve customers in over 45 countries. Today, our management team upholds the standards he set, building upon the commercial foundation and business development strategies he implemented to lead the company into the future.","team_members":[{"name":"Mr. Dabashis Chatterjee","position":"vp, technology ( 15+ years with BMI )","bio":"Mechanical Engineer from BITS, Pilani with more than 40 years of design, manufacturing, facility planning, machinery selection & consulting experience in the bearing industry. He brings in rich experience from renowned companies like FAG, NRB, RHP and most of the Indian bearing manufacturers. A bearing industry veteran he brings in a rich experience in understanding the application and accordingly providing the right solutions.","email":"","linkedin":"","image":5771,"order":0},{"name":"Mr. Manish Bhavsar","position":"Head \u2013 Design & QC ( 2+ years with BMI )","bio":"With more than 10 years experience in the bearing industry itself and a Mechanical engineer by education Manish brings in expertise and vision to develop new bearing sizes and improving quality constantly. He has more than 10 years experience with bearing manufacturers itself in India working with industrial to aerospace applications.","email":"","linkedin":"","image":5771,"order":0},{"name":"Mr. Shrenik Sheth","position":"Director \u2013 Sales ( 15+ years with BMI )","bio":"Mechanical Engineer and MS from Duke University USA, he understands the application & provides solutions to customers after working with the engineering and application engineering team. With a rich sales experience from global bearing manufacturers he focusses on bringing new distributors & OEMs from more than 40 countries across the globe.","email":"","linkedin":"","image":224,"order":0},{"name":"Mrs Uma Naidu","position":"Manager \u2013 Operations ( 20 years with BMI )","bio":"With almost 2 decades in the company After graduation from science background and an MBA she has worked as a co-ordinator in sales and then moved to becoming a sales manager and moving to handling the entire operations. She has complete knowledge of the different bearing numbers and designation and proves as a very competent source in supporting sales for exports of BMI.","email":"","linkedin":"","image":4877,"order":0},{"name":"Mrs Sangeeta","position":"Export Sales ( 3+ years with BMI ) ","bio":"Within 3 years at BMI Bearings she has been able to get good understanding of the bearing numbering system. Her promptness in handling customer inquiries along with understanding of the business makes her an ideal fit for this role.","email":"","linkedin":"","image":5771,"order":0},{"name":"Mrs Mosami Salvi","position":"Admin Head ( 5 + years with BMI )","bio":"She handles the entire office supply procurement along with packaging material for all the incoming orders along with helping the marketing team run the campaign via different mailing sites. Ensuring the entire office runs efficiently.","email":"","linkedin":"","image":4873,"order":0},{"name":"Mrs Smita Pansare","position":"Manager \u2013 Export Logistics and shipping ( 5+ years with BMI )","bio":"With more than 5 years in the company now she has grown from being a sales co-ordinator to purchase co-ordinator and eventually moved to managing the Export logisitic and shipping for the company. She has complete knowledge of the different bearing numbers and designation and proves as a very competent source in making sure the customers get the right documents and receive the goods on time.","email":"","linkedin":"","image":4880,"order":0},{"name":"Ms. Archana Golekar","position":"Head \u2013 Accounts & Finance ","bio":"She plays a pivotal role in the planning of finance given her 20+ years accountancy background and prepare MIS reports for the management to take appropriate decisions.","email":"","linkedin":"","image":5771,"order":0},{"name":"Ms. Swanandi Jadhav","position":"Accounts ","bio":"More than 15 years of accounting experience in logistics and several other industries she brings in a depth of experience ranging from compliances to taxes. Apart from that she takes care of vendor payables and receivables and co-ordinating all with the chartered accounts ","email":"","linkedin":"","image":5771,"order":0}]},"yoast_head":"<!-- This site is optimized with the Yoast SEO plugin v27.3 - https:\/\/yoast.com\/product\/yoast-seo-wordpress\/ -->\n<title>\u00c3\u2030quipe de gestion Bearing Manufacturing India<\/title>\n<meta name=\"robots\" content=\"index, follow, max-snippet:-1, max-image-preview:large, max-video-preview:-1\" \/>\n<link rel=\"canonical\" href=\"https:\/\/bmibearings.com\/about-us\/management-team\/\" \/>\n<meta property=\"og:locale\" content=\"fr_FR\" \/>\n<meta property=\"og:type\" content=\"article\" \/>\n<meta property=\"og:title\" content=\"\u00c3\u2030quipe de gestion Bearing Manufacturing India\" \/>\n<meta property=\"og:description\" content=\"Snehal Sheth Chef de la direction Mr. Snehal Sheth, un v\u00e9t\u00e9ran de l\u2019industrie avec plus de 40 ans d\u2019exp\u00e9rience dans le n\u00e9goce, les importations \u00e0 la production, il apporte une pr\u00e9cieuse exp\u00e9rience de l\u2019industrie. Sous sa direction, l\u2019entreprise a connu une croissance de pas d\u2019exportations \u00e0 20 millions de dollars US avec des clients dans [&hellip;]\" \/>\n<meta property=\"og:url\" content=\"https:\/\/bmibearings.com\/about-us\/management-team\/\" \/>\n<meta property=\"og:site_name\" content=\"Bearing Manufacturing India\" \/>\n<meta property=\"article:modified_time\" content=\"2026-05-01T11:21:43+00:00\" \/>\n<meta property=\"og:image\" content=\"http:\/\/bmibearings.com\/wp-content\/uploads\/2014\/03\/hdr-mgmt2.jpg\" \/>\n\t<meta property=\"og:image:width\" content=\"1000\" \/>\n\t<meta property=\"og:image:height\" content=\"290\" \/>\n\t<meta property=\"og:image:type\" content=\"image\/jpeg\" \/>\n<meta name=\"twitter:card\" content=\"summary_large_image\" \/>\n<meta name=\"twitter:label1\" content=\"Dur\u00e9e de lecture estim\u00e9e\" \/>\n\t<meta name=\"twitter:data1\" content=\"5 minutes\" \/>\n<script type=\"application\/ld+json\" class=\"yoast-schema-graph\">{\"@context\":\"https:\\\/\\\/schema.org\",\"@graph\":[{\"@type\":\"WebPage\",\"@id\":\"https:\\\/\\\/bmibearings.com\\\/about-us\\\/management-team\\\/\",\"url\":\"https:\\\/\\\/bmibearings.com\\\/about-us\\\/management-team\\\/\",\"name\":\"\u00c3\u2030quipe de gestion Bearing Manufacturing India\",\"isPartOf\":{\"@id\":\"https:\\\/\\\/bmibearings.com\\\/ru\\\/#website\"},\"primaryImageOfPage\":{\"@id\":\"https:\\\/\\\/bmibearings.com\\\/about-us\\\/management-team\\\/#primaryimage\"},\"image\":{\"@id\":\"https:\\\/\\\/bmibearings.com\\\/about-us\\\/management-team\\\/#primaryimage\"},\"thumbnailUrl\":\"https:\\\/\\\/bmibearings.com\\\/wp-content\\\/uploads\\\/2014\\\/03\\\/hdr-mgmt2.jpg\",\"datePublished\":\"2014-03-13T06:47:40+00:00\",\"dateModified\":\"2026-05-01T11:21:43+00:00\",\"breadcrumb\":{\"@id\":\"https:\\\/\\\/bmibearings.com\\\/about-us\\\/management-team\\\/#breadcrumb\"},\"inLanguage\":\"fr-FR\",\"potentialAction\":[{\"@type\":\"ReadAction\",\"target\":[\"https:\\\/\\\/bmibearings.com\\\/about-us\\\/management-team\\\/\"]}]},{\"@type\":\"ImageObject\",\"inLanguage\":\"fr-FR\",\"@id\":\"https:\\\/\\\/bmibearings.com\\\/about-us\\\/management-team\\\/#primaryimage\",\"url\":\"https:\\\/\\\/bmibearings.com\\\/wp-content\\\/uploads\\\/2014\\\/03\\\/hdr-mgmt2.jpg\",\"contentUrl\":\"https:\\\/\\\/bmibearings.com\\\/wp-content\\\/uploads\\\/2014\\\/03\\\/hdr-mgmt2.jpg\",\"width\":1000,\"height\":290},{\"@type\":\"BreadcrumbList\",\"@id\":\"https:\\\/\\\/bmibearings.com\\\/about-us\\\/management-team\\\/#breadcrumb\",\"itemListElement\":[{\"@type\":\"ListItem\",\"position\":1,\"name\":\"Home\",\"item\":\"https:\\\/\\\/bmibearings.com\\\/\"},{\"@type\":\"ListItem\",\"position\":2,\"name\":\"Chi siamo\",\"item\":\"https:\\\/\\\/bmibearings.com\\\/it\\\/about-us\\\/\"},{\"@type\":\"ListItem\",\"position\":3,\"name\":\"Management Team\"}]},{\"@type\":\"WebSite\",\"@id\":\"https:\\\/\\\/bmibearings.com\\\/ru\\\/#website\",\"url\":\"https:\\\/\\\/bmibearings.com\\\/ru\\\/\",\"name\":\"Bearing Manufacturing India\",\"description\":\"\",\"publisher\":{\"@id\":\"https:\\\/\\\/bmibearings.com\\\/ru\\\/#organization\"},\"potentialAction\":[{\"@type\":\"SearchAction\",\"target\":{\"@type\":\"EntryPoint\",\"urlTemplate\":\"https:\\\/\\\/bmibearings.com\\\/ru\\\/?s={search_term_string}\"},\"query-input\":{\"@type\":\"PropertyValueSpecification\",\"valueRequired\":true,\"valueName\":\"search_term_string\"}}],\"inLanguage\":\"fr-FR\"},{\"@type\":\"Organization\",\"@id\":\"https:\\\/\\\/bmibearings.com\\\/ru\\\/#organization\",\"name\":\"Bearing Manufacturing India\",\"url\":\"https:\\\/\\\/bmibearings.com\\\/ru\\\/\",\"logo\":{\"@type\":\"ImageObject\",\"inLanguage\":\"fr-FR\",\"@id\":\"https:\\\/\\\/bmibearings.com\\\/ru\\\/#\\\/schema\\\/logo\\\/image\\\/\",\"url\":\"https:\\\/\\\/bmibearings.com\\\/wp-content\\\/uploads\\\/2014\\\/03\\\/logo211.png\",\"contentUrl\":\"https:\\\/\\\/bmibearings.com\\\/wp-content\\\/uploads\\\/2014\\\/03\\\/logo211.png\",\"width\":541,\"height\":72,\"caption\":\"Bearing Manufacturing India\"},\"image\":{\"@id\":\"https:\\\/\\\/bmibearings.com\\\/ru\\\/#\\\/schema\\\/logo\\\/image\\\/\"}}]}<\/script>\n<!-- \/ Yoast SEO plugin. -->","yoast_head_json":{"title":"\u00c3\u2030quipe de gestion Bearing Manufacturing India","robots":{"index":"index","follow":"follow","max-snippet":"max-snippet:-1","max-image-preview":"max-image-preview:large","max-video-preview":"max-video-preview:-1"},"canonical":"https:\/\/bmibearings.com\/about-us\/management-team\/","og_locale":"fr_FR","og_type":"article","og_title":"\u00c3\u2030quipe de gestion Bearing Manufacturing India","og_description":"Snehal Sheth Chef de la direction Mr. Snehal Sheth, un v\u00e9t\u00e9ran de l\u2019industrie avec plus de 40 ans d\u2019exp\u00e9rience dans le n\u00e9goce, les importations \u00e0 la production, il apporte une pr\u00e9cieuse exp\u00e9rience de l\u2019industrie. Sous sa direction, l\u2019entreprise a connu une croissance de pas d\u2019exportations \u00e0 20 millions de dollars US avec des clients dans [&hellip;]","og_url":"https:\/\/bmibearings.com\/about-us\/management-team\/","og_site_name":"Bearing Manufacturing India","article_modified_time":"2026-05-01T11:21:43+00:00","og_image":[{"width":1000,"height":290,"url":"http:\/\/bmibearings.com\/wp-content\/uploads\/2014\/03\/hdr-mgmt2.jpg","type":"image\/jpeg"}],"twitter_card":"summary_large_image","twitter_misc":{"Dur\u00e9e de lecture estim\u00e9e":"5 minutes"},"schema":{"@context":"https:\/\/schema.org","@graph":[{"@type":"WebPage","@id":"https:\/\/bmibearings.com\/about-us\/management-team\/","url":"https:\/\/bmibearings.com\/about-us\/management-team\/","name":"\u00c3\u2030quipe de gestion Bearing Manufacturing India","isPartOf":{"@id":"https:\/\/bmibearings.com\/ru\/#website"},"primaryImageOfPage":{"@id":"https:\/\/bmibearings.com\/about-us\/management-team\/#primaryimage"},"image":{"@id":"https:\/\/bmibearings.com\/about-us\/management-team\/#primaryimage"},"thumbnailUrl":"https:\/\/bmibearings.com\/wp-content\/uploads\/2014\/03\/hdr-mgmt2.jpg","datePublished":"2014-03-13T06:47:40+00:00","dateModified":"2026-05-01T11:21:43+00:00","breadcrumb":{"@id":"https:\/\/bmibearings.com\/about-us\/management-team\/#breadcrumb"},"inLanguage":"fr-FR","potentialAction":[{"@type":"ReadAction","target":["https:\/\/bmibearings.com\/about-us\/management-team\/"]}]},{"@type":"ImageObject","inLanguage":"fr-FR","@id":"https:\/\/bmibearings.com\/about-us\/management-team\/#primaryimage","url":"https:\/\/bmibearings.com\/wp-content\/uploads\/2014\/03\/hdr-mgmt2.jpg","contentUrl":"https:\/\/bmibearings.com\/wp-content\/uploads\/2014\/03\/hdr-mgmt2.jpg","width":1000,"height":290},{"@type":"BreadcrumbList","@id":"https:\/\/bmibearings.com\/about-us\/management-team\/#breadcrumb","itemListElement":[{"@type":"ListItem","position":1,"name":"Home","item":"https:\/\/bmibearings.com\/"},{"@type":"ListItem","position":2,"name":"Chi siamo","item":"https:\/\/bmibearings.com\/it\/about-us\/"},{"@type":"ListItem","position":3,"name":"Management Team"}]},{"@type":"WebSite","@id":"https:\/\/bmibearings.com\/ru\/#website","url":"https:\/\/bmibearings.com\/ru\/","name":"Bearing Manufacturing India","description":"","publisher":{"@id":"https:\/\/bmibearings.com\/ru\/#organization"},"potentialAction":[{"@type":"SearchAction","target":{"@type":"EntryPoint","urlTemplate":"https:\/\/bmibearings.com\/ru\/?s={search_term_string}"},"query-input":{"@type":"PropertyValueSpecification","valueRequired":true,"valueName":"search_term_string"}}],"inLanguage":"fr-FR"},{"@type":"Organization","@id":"https:\/\/bmibearings.com\/ru\/#organization","name":"Bearing Manufacturing India","url":"https:\/\/bmibearings.com\/ru\/","logo":{"@type":"ImageObject","inLanguage":"fr-FR","@id":"https:\/\/bmibearings.com\/ru\/#\/schema\/logo\/image\/","url":"https:\/\/bmibearings.com\/wp-content\/uploads\/2014\/03\/logo211.png","contentUrl":"https:\/\/bmibearings.com\/wp-content\/uploads\/2014\/03\/logo211.png","width":541,"height":72,"caption":"Bearing Manufacturing India"},"image":{"@id":"https:\/\/bmibearings.com\/ru\/#\/schema\/logo\/image\/"}}]}},"_links":{"self":[{"href":"https:\/\/bmibearings.com\/fr\/wp-json\/wp\/v2\/pages\/7","targetHints":{"allow":["GET"]}}],"collection":[{"href":"https:\/\/bmibearings.com\/fr\/wp-json\/wp\/v2\/pages"}],"about":[{"href":"https:\/\/bmibearings.com\/fr\/wp-json\/wp\/v2\/types\/page"}],"author":[{"embeddable":true,"href":"https:\/\/bmibearings.com\/fr\/wp-json\/wp\/v2\/users\/2"}],"replies":[{"embeddable":true,"href":"https:\/\/bmibearings.com\/fr\/wp-json\/wp\/v2\/comments?post=7"}],"version-history":[{"count":2,"href":"https:\/\/bmibearings.com\/fr\/wp-json\/wp\/v2\/pages\/7\/revisions"}],"predecessor-version":[{"id":5773,"href":"https:\/\/bmibearings.com\/fr\/wp-json\/wp\/v2\/pages\/7\/revisions\/5773"}],"up":[{"embeddable":true,"href":"https:\/\/bmibearings.com\/fr\/wp-json\/wp\/v2\/pages\/185"}],"wp:featuredmedia":[{"embeddable":true,"href":"https:\/\/bmibearings.com\/fr\/wp-json\/wp\/v2\/media\/615"}],"wp:attachment":[{"href":"https:\/\/bmibearings.com\/fr\/wp-json\/wp\/v2\/media?parent=7"}],"wp:term":[{"taxonomy":"post_tag","embeddable":true,"href":"https:\/\/bmibearings.com\/fr\/wp-json\/wp\/v2\/tags?post=7"}],"curies":[{"name":"wp","href":"https:\/\/api.w.org\/{rel}","templated":true}]}}