{"id":185,"date":"2014-03-31T08:26:27","date_gmt":"2014-03-31T08:26:27","guid":{"rendered":"http:\/\/bmibearings.com\/?page_id=185"},"modified":"2024-09-04T08:25:16","modified_gmt":"2024-09-04T08:25:16","slug":"about-us","status":"publish","type":"page","link":"https:\/\/bmibearings.com\/fr\/about-us\/","title":{"rendered":"\u00c3\u20ac propos de nous"},"content":{"rendered":"Fabrication de roulements Inde est un certifi\u00c3\u00a9 ISO 9001\u00a0 sur diff\u00c3\u00a9rents secteurs de produits avec des clients dans plus de 45 pays et des bureaux dans deux continents (USA et Europe). Nous sommes de restauration de plus de 720 formats standard et sp\u00c3\u00a9ciaux pour nos clients.<br \/>\nUne entreprise certifi\u00c3\u00a9e ISO 9001 et se dirigeant vers TS 16949 L&rsquo;am\u00c3\u00a9lioration continue est un moyen de progr\u00c3\u00a8s pour nous.<br \/>\nNotre \u00c3\u00a9quipe technique dirig\u00c3\u00a9e par M. Debashis Chatterjee, un v\u00c3\u00a9t\u00c3\u00a9ran de l&rsquo;industrie du roulement, a permis de d\u00c3\u00a9velopper de nombreux roulements sp\u00c3\u00a9ciaux en fonction des demandes des clients.<\/p>\n<h4>Historique de la soci\u00c3\u00a9t\u00c3\u00a9<\/h4>\n<p><strong>1974 :<\/strong> En route comme une maison de roulements exc\u00c3\u00a9dentaires en Inde<br \/>\n<strong>1982 :<\/strong> Expanded dans la distribution de roulements \u00c3 travers l&rsquo;Inde<br \/>\n<strong>1990 :<\/strong> Les importations directes en route de la Roumanie, de la R\u00c3\u00a9publique tch\u00c3\u00a8que, la Pologne et la Russie<br \/>\n<strong>1998 :<\/strong> Commencez unit\u00c3\u00a9 de fabrication de roulements sp\u00c3\u00a9ciaux dans le Gujarat, en Inde<br \/>\n<strong>2000 :<\/strong> Fait premi\u00c3\u00a8res exp\u00c3\u00a9ditions \u00c3 l&rsquo;exportation vers les USA et l&rsquo;Europe<br \/>\n<strong>2010 :<\/strong> Elargi dans une plus grande facilit\u00c3\u00a9 \u00c3 fabriquer jusqu&rsquo;\u00c3 300 000 par mois.<br \/>\n<strong>2017\u00a0:<\/strong> Exportation vers plus de 20 pays \u00e0 travers le monde<br \/>\n<strong>2022\u00a0:<\/strong> Cr\u00e9ation d&rsquo;une entreprise locale sous le nom de BMI Bearings USA Inc pour soutenir les ventes sur le march\u00e9 nord-am\u00e9ricain","protected":false},"excerpt":{"rendered":"<p>Fabrication de roulements Inde est un certifi\u00c3\u00a9 ISO 9001\u00a0 sur diff\u00c3\u00a9rents secteurs de produits avec des clients dans plus de 45 pays et des bureaux dans deux continents (USA et Europe). Nous sommes de restauration de plus de 720 formats standard et sp\u00c3\u00a9ciaux pour nos clients. Une entreprise certifi\u00c3\u00a9e ISO 9001 et se dirigeant vers [&hellip;]<\/p>\n","protected":false},"author":2,"featured_media":409,"parent":0,"menu_order":0,"comment_status":"closed","ping_status":"closed","template":"","meta":{"_acf_changed":false,"_themeisle_gutenberg_block_has_review":false,"footnotes":""},"class_list":["post-185","page","type-page","status-publish","has-post-thumbnail","hentry"],"acf":[],"yoast_head":"<!-- This site is optimized with the Yoast SEO plugin v27.3 - https:\/\/yoast.com\/product\/yoast-seo-wordpress\/ -->\n<title>\u00c3\u20ac propos de nous Bearing Manufacturing India<\/title>\n<meta name=\"description\" content=\"Bearing Manufacturing India is an ISO 9001 Certified with 2 manufacturing units focused on different product segments with customers in more than 45 countries and offices in 2 continents (USA &amp; Europe)\" \/>\n<meta name=\"robots\" content=\"index, follow, max-snippet:-1, max-image-preview:large, max-video-preview:-1\" \/>\n<link rel=\"canonical\" href=\"https:\/\/bmibearings.com\/it\/about-us\/\" \/>\n<meta property=\"og:locale\" content=\"fr_FR\" \/>\n<meta property=\"og:type\" content=\"article\" \/>\n<meta property=\"og:title\" content=\"\u00c3\u20ac propos de nous Bearing Manufacturing India\" \/>\n<meta property=\"og:description\" content=\"Bearing Manufacturing India is an ISO 9001 Certified with 2 manufacturing units focused on different product segments with customers in more than 45 countries and offices in 2 continents (USA &amp; Europe)\" \/>\n<meta property=\"og:url\" content=\"https:\/\/bmibearings.com\/it\/about-us\/\" \/>\n<meta property=\"og:site_name\" content=\"Bearing Manufacturing India\" \/>\n<meta property=\"article:modified_time\" content=\"2024-09-04T08:25:16+00:00\" \/>\n<meta property=\"og:image\" content=\"https:\/\/bmibearings.com\/wp-content\/uploads\/2014\/04\/hdr-apps1.jpg\" \/>\n\t<meta property=\"og:image:width\" content=\"1000\" \/>\n\t<meta property=\"og:image:height\" content=\"290\" \/>\n\t<meta property=\"og:image:type\" content=\"image\/jpeg\" \/>\n<meta name=\"twitter:card\" content=\"summary_large_image\" \/>\n<meta name=\"twitter:label1\" content=\"Dur\u00e9e de lecture estim\u00e9e\" \/>\n\t<meta name=\"twitter:data1\" content=\"5 minutes\" \/>\n<script type=\"application\/ld+json\" class=\"yoast-schema-graph\">{\"@context\":\"https:\\\/\\\/schema.org\",\"@graph\":[{\"@type\":\"WebPage\",\"@id\":\"https:\\\/\\\/bmibearings.com\\\/it\\\/about-us\\\/\",\"url\":\"https:\\\/\\\/bmibearings.com\\\/it\\\/about-us\\\/\",\"name\":\"\u00c3\u20ac propos de nous Bearing Manufacturing India\",\"isPartOf\":{\"@id\":\"https:\\\/\\\/bmibearings.com\\\/ru\\\/#website\"},\"primaryImageOfPage\":{\"@id\":\"https:\\\/\\\/bmibearings.com\\\/it\\\/about-us\\\/#primaryimage\"},\"image\":{\"@id\":\"https:\\\/\\\/bmibearings.com\\\/it\\\/about-us\\\/#primaryimage\"},\"thumbnailUrl\":\"https:\\\/\\\/bmibearings.com\\\/wp-content\\\/uploads\\\/2014\\\/04\\\/hdr-apps1.jpg\",\"datePublished\":\"2014-03-31T08:26:27+00:00\",\"dateModified\":\"2024-09-04T08:25:16+00:00\",\"description\":\"Bearing Manufacturing India is an ISO 9001 Certified with 2 manufacturing units focused on different product segments with customers in more than 45 countries and offices in 2 continents (USA & Europe)\",\"breadcrumb\":{\"@id\":\"https:\\\/\\\/bmibearings.com\\\/it\\\/about-us\\\/#breadcrumb\"},\"inLanguage\":\"fr-FR\",\"potentialAction\":[{\"@type\":\"ReadAction\",\"target\":[\"https:\\\/\\\/bmibearings.com\\\/it\\\/about-us\\\/\"]}]},{\"@type\":\"ImageObject\",\"inLanguage\":\"fr-FR\",\"@id\":\"https:\\\/\\\/bmibearings.com\\\/it\\\/about-us\\\/#primaryimage\",\"url\":\"https:\\\/\\\/bmibearings.com\\\/wp-content\\\/uploads\\\/2014\\\/04\\\/hdr-apps1.jpg\",\"contentUrl\":\"https:\\\/\\\/bmibearings.com\\\/wp-content\\\/uploads\\\/2014\\\/04\\\/hdr-apps1.jpg\",\"width\":1000,\"height\":290},{\"@type\":\"BreadcrumbList\",\"@id\":\"https:\\\/\\\/bmibearings.com\\\/it\\\/about-us\\\/#breadcrumb\",\"itemListElement\":[{\"@type\":\"ListItem\",\"position\":1,\"name\":\"Home\",\"item\":\"https:\\\/\\\/bmibearings.com\\\/\"},{\"@type\":\"ListItem\",\"position\":2,\"name\":\"Chi siamo\"}]},{\"@type\":\"WebSite\",\"@id\":\"https:\\\/\\\/bmibearings.com\\\/ru\\\/#website\",\"url\":\"https:\\\/\\\/bmibearings.com\\\/ru\\\/\",\"name\":\"Bearing Manufacturing India\",\"description\":\"\",\"publisher\":{\"@id\":\"https:\\\/\\\/bmibearings.com\\\/ru\\\/#organization\"},\"potentialAction\":[{\"@type\":\"SearchAction\",\"target\":{\"@type\":\"EntryPoint\",\"urlTemplate\":\"https:\\\/\\\/bmibearings.com\\\/ru\\\/?s={search_term_string}\"},\"query-input\":{\"@type\":\"PropertyValueSpecification\",\"valueRequired\":true,\"valueName\":\"search_term_string\"}}],\"inLanguage\":\"fr-FR\"},{\"@type\":\"Organization\",\"@id\":\"https:\\\/\\\/bmibearings.com\\\/ru\\\/#organization\",\"name\":\"Bearing Manufacturing India\",\"url\":\"https:\\\/\\\/bmibearings.com\\\/ru\\\/\",\"logo\":{\"@type\":\"ImageObject\",\"inLanguage\":\"fr-FR\",\"@id\":\"https:\\\/\\\/bmibearings.com\\\/ru\\\/#\\\/schema\\\/logo\\\/image\\\/\",\"url\":\"https:\\\/\\\/bmibearings.com\\\/wp-content\\\/uploads\\\/2014\\\/03\\\/logo211.png\",\"contentUrl\":\"https:\\\/\\\/bmibearings.com\\\/wp-content\\\/uploads\\\/2014\\\/03\\\/logo211.png\",\"width\":541,\"height\":72,\"caption\":\"Bearing Manufacturing India\"},\"image\":{\"@id\":\"https:\\\/\\\/bmibearings.com\\\/ru\\\/#\\\/schema\\\/logo\\\/image\\\/\"}}]}<\/script>\n<!-- \/ Yoast SEO plugin. -->","yoast_head_json":{"title":"\u00c3\u20ac propos de nous Bearing Manufacturing India","description":"Bearing Manufacturing India is an ISO 9001 Certified with 2 manufacturing units focused on different product segments with customers in more than 45 countries and offices in 2 continents (USA & Europe)","robots":{"index":"index","follow":"follow","max-snippet":"max-snippet:-1","max-image-preview":"max-image-preview:large","max-video-preview":"max-video-preview:-1"},"canonical":"https:\/\/bmibearings.com\/it\/about-us\/","og_locale":"fr_FR","og_type":"article","og_title":"\u00c3\u20ac propos de nous Bearing Manufacturing India","og_description":"Bearing Manufacturing India is an ISO 9001 Certified with 2 manufacturing units focused on different product segments with customers in more than 45 countries and offices in 2 continents (USA & Europe)","og_url":"https:\/\/bmibearings.com\/it\/about-us\/","og_site_name":"Bearing Manufacturing India","article_modified_time":"2024-09-04T08:25:16+00:00","og_image":[{"width":1000,"height":290,"url":"https:\/\/bmibearings.com\/wp-content\/uploads\/2014\/04\/hdr-apps1.jpg","type":"image\/jpeg"}],"twitter_card":"summary_large_image","twitter_misc":{"Dur\u00e9e de lecture estim\u00e9e":"5 minutes"},"schema":{"@context":"https:\/\/schema.org","@graph":[{"@type":"WebPage","@id":"https:\/\/bmibearings.com\/it\/about-us\/","url":"https:\/\/bmibearings.com\/it\/about-us\/","name":"\u00c3\u20ac propos de nous Bearing Manufacturing India","isPartOf":{"@id":"https:\/\/bmibearings.com\/ru\/#website"},"primaryImageOfPage":{"@id":"https:\/\/bmibearings.com\/it\/about-us\/#primaryimage"},"image":{"@id":"https:\/\/bmibearings.com\/it\/about-us\/#primaryimage"},"thumbnailUrl":"https:\/\/bmibearings.com\/wp-content\/uploads\/2014\/04\/hdr-apps1.jpg","datePublished":"2014-03-31T08:26:27+00:00","dateModified":"2024-09-04T08:25:16+00:00","description":"Bearing Manufacturing India is an ISO 9001 Certified with 2 manufacturing units focused on different product segments with customers in more than 45 countries and offices in 2 continents (USA & Europe)","breadcrumb":{"@id":"https:\/\/bmibearings.com\/it\/about-us\/#breadcrumb"},"inLanguage":"fr-FR","potentialAction":[{"@type":"ReadAction","target":["https:\/\/bmibearings.com\/it\/about-us\/"]}]},{"@type":"ImageObject","inLanguage":"fr-FR","@id":"https:\/\/bmibearings.com\/it\/about-us\/#primaryimage","url":"https:\/\/bmibearings.com\/wp-content\/uploads\/2014\/04\/hdr-apps1.jpg","contentUrl":"https:\/\/bmibearings.com\/wp-content\/uploads\/2014\/04\/hdr-apps1.jpg","width":1000,"height":290},{"@type":"BreadcrumbList","@id":"https:\/\/bmibearings.com\/it\/about-us\/#breadcrumb","itemListElement":[{"@type":"ListItem","position":1,"name":"Home","item":"https:\/\/bmibearings.com\/"},{"@type":"ListItem","position":2,"name":"Chi siamo"}]},{"@type":"WebSite","@id":"https:\/\/bmibearings.com\/ru\/#website","url":"https:\/\/bmibearings.com\/ru\/","name":"Bearing Manufacturing India","description":"","publisher":{"@id":"https:\/\/bmibearings.com\/ru\/#organization"},"potentialAction":[{"@type":"SearchAction","target":{"@type":"EntryPoint","urlTemplate":"https:\/\/bmibearings.com\/ru\/?s={search_term_string}"},"query-input":{"@type":"PropertyValueSpecification","valueRequired":true,"valueName":"search_term_string"}}],"inLanguage":"fr-FR"},{"@type":"Organization","@id":"https:\/\/bmibearings.com\/ru\/#organization","name":"Bearing Manufacturing India","url":"https:\/\/bmibearings.com\/ru\/","logo":{"@type":"ImageObject","inLanguage":"fr-FR","@id":"https:\/\/bmibearings.com\/ru\/#\/schema\/logo\/image\/","url":"https:\/\/bmibearings.com\/wp-content\/uploads\/2014\/03\/logo211.png","contentUrl":"https:\/\/bmibearings.com\/wp-content\/uploads\/2014\/03\/logo211.png","width":541,"height":72,"caption":"Bearing Manufacturing India"},"image":{"@id":"https:\/\/bmibearings.com\/ru\/#\/schema\/logo\/image\/"}}]}},"_links":{"self":[{"href":"https:\/\/bmibearings.com\/fr\/wp-json\/wp\/v2\/pages\/185","targetHints":{"allow":["GET"]}}],"collection":[{"href":"https:\/\/bmibearings.com\/fr\/wp-json\/wp\/v2\/pages"}],"about":[{"href":"https:\/\/bmibearings.com\/fr\/wp-json\/wp\/v2\/types\/page"}],"author":[{"embeddable":true,"href":"https:\/\/bmibearings.com\/fr\/wp-json\/wp\/v2\/users\/2"}],"replies":[{"embeddable":true,"href":"https:\/\/bmibearings.com\/fr\/wp-json\/wp\/v2\/comments?post=185"}],"version-history":[{"count":2,"href":"https:\/\/bmibearings.com\/fr\/wp-json\/wp\/v2\/pages\/185\/revisions"}],"predecessor-version":[{"id":5246,"href":"https:\/\/bmibearings.com\/fr\/wp-json\/wp\/v2\/pages\/185\/revisions\/5246"}],"wp:featuredmedia":[{"embeddable":true,"href":"https:\/\/bmibearings.com\/fr\/wp-json\/wp\/v2\/media\/409"}],"wp:attachment":[{"href":"https:\/\/bmibearings.com\/fr\/wp-json\/wp\/v2\/media?parent=185"}],"curies":[{"name":"wp","href":"https:\/\/api.w.org\/{rel}","templated":true}]}}