{"id":4539,"date":"2021-01-14T07:25:38","date_gmt":"2021-01-14T07:25:38","guid":{"rendered":"http:\/\/bmibearings.com\/?page_id=4539"},"modified":"2026-04-11T14:09:45","modified_gmt":"2026-04-11T14:09:45","slug":"tension-leveller-bearing","status":"publish","type":"page","link":"https:\/\/bmibearings.com\/es\/products\/steel-mill-bearings\/tension-leveller-bearing\/","title":{"rendered":"Cojinete nivelador de tensi\u00f3n"},"content":{"rendered":"<h3>Backup Roll with Shaft<\/h3>\n<p><img loading=\"lazy\" decoding=\"async\" class=\"size-medium wp-image-4541 alignleft\" src=\"http:\/\/bmibearings.com\/wp-content\/uploads\/2021\/01\/backup-roller-tension-leveller-300x200.jpg\" alt=\"Tension Leveller or Backup shaft bearings\" width=\"300\" height=\"200\" srcset=\"https:\/\/bmibearings.com\/wp-content\/uploads\/2021\/01\/backup-roller-tension-leveller-300x200.jpg 300w, https:\/\/bmibearings.com\/wp-content\/uploads\/2021\/01\/backup-roller-tension-leveller-1024x683.jpg 1024w, https:\/\/bmibearings.com\/wp-content\/uploads\/2021\/01\/backup-roller-tension-leveller-768x512.jpg 768w, https:\/\/bmibearings.com\/wp-content\/uploads\/2021\/01\/backup-roller-tension-leveller-624x416.jpg 624w, https:\/\/bmibearings.com\/wp-content\/uploads\/2021\/01\/backup-roller-tension-leveller.jpg 1152w\" sizes=\"auto, (max-width: 300px) 100vw, 300px\" \/><span class=\"JLqJ4b ChMk0b\" data-language-for-alternatives=\"es\" data-language-to-translate-into=\"auto\" data-phrase-index=\"0\">Los cojinetes de las m\u00e1quinas niveladoras de tensi\u00f3n se consideran cojinetes de respaldo.<\/span> <span class=\"JLqJ4b ChMk0b\" data-language-for-alternatives=\"es\" data-language-to-translate-into=\"auto\" data-phrase-index=\"1\">BMI fabrica muchos tama\u00f1os en diferentes dise\u00f1os y configuraciones.<\/span> <span class=\"JLqJ4b ChMk0b\" data-language-for-alternatives=\"es\" data-language-to-translate-into=\"auto\" data-phrase-index=\"2\">BMI garantiza la perfecta intercambiabilidad con los rodamientos originales.<\/span><\/p>\n<p><span class=\"JLqJ4b ChMk0b\" data-language-for-alternatives=\"es\" data-language-to-translate-into=\"auto\" data-phrase-index=\"4\">El rodillo de respaldo con eje asegura una amplia superficie de trabajo junto con un sistema de rodadura hecho de dos o m\u00e1s jaulas que permiten que la planta alcance un rendimiento de aplastamiento muy alto a alta velocidad.<\/span> <span class=\"JLqJ4b ChMk0b\" data-language-for-alternatives=\"es\" data-language-to-translate-into=\"auto\" data-phrase-index=\"5\">Los anillos distanciadores permiten un buen soporte de cargas axiales.<\/span><\/p>\n<p><span class=\"JLqJ4b ChMk0b\" data-language-for-alternatives=\"es\" data-language-to-translate-into=\"auto\" data-phrase-index=\"7\">La serie de rodillos de apoyo se suele fabricar con dos cojinetes axiales laterales en el cuerpo interior ya sea de bolas o de rodillos que garantizan un soporte muy fuerte de cargas axiales.<\/span><\/p>\n<div class=\"su-button-center\"><a href=\"http:\/\/bmibearings.com\/wp-content\/uploads\/2017\/02\/21-backup-roll-with-shaft.pdf\" class=\"su-button su-button-style-soft su-button-wide\" style=\"color:#333;background-color:#ffc300;border-color:#cc9c00;border-radius:5px\" target=\"_blank\" rel=\"noopener noreferrer\" title=\"Tension Leveller Bearings\" download=\"http:\/\/bmibearings.com\/wp-content\/uploads\/2017\/02\/21-backup-roll-with-shaft.pdf\"><span style=\"color:#333;padding:6px 16px;font-size:13px;line-height:20px;border-color:#ffd54d;border-radius:5px;text-shadow:none\"><i class=\"sui sui-download\" style=\"font-size:13px;color:#333\"><\/i> Cojinete nivelador de tensi\u00f3n<small style=\"padding-bottom:6px;color:#333\">Backup roller Shaft Bearings<\/small><\/span><\/a><\/div>\n<p>&nbsp;","protected":false},"excerpt":{"rendered":"<p>Backup Roll with Shaft Los cojinetes de las m\u00e1quinas niveladoras de tensi\u00f3n se consideran cojinetes de respaldo. BMI fabrica muchos tama\u00f1os en diferentes dise\u00f1os y configuraciones. BMI garantiza la perfecta intercambiabilidad con los rodamientos originales. El rodillo de respaldo con eje asegura una amplia superficie de trabajo junto con un sistema de rodadura hecho de [&hellip;]<\/p>\n","protected":false},"author":2,"featured_media":4540,"parent":5556,"menu_order":0,"comment_status":"closed","ping_status":"closed","template":"","meta":{"_acf_changed":false,"_themeisle_gutenberg_block_has_review":false,"footnotes":""},"class_list":["post-4539","page","type-page","status-publish","has-post-thumbnail","hentry"],"acf":{"hero_title":"","hero_description":"","cta_primary_text":"Get a Quote","cta_primary_link":null,"cta_secondary_text":"View Products","cta_secondary_link":null,"intro_content":"","features":null,"description":"","applications":"","stock_list":null},"yoast_head":"<!-- This site is optimized with the Yoast SEO plugin v27.3 - https:\/\/yoast.com\/product\/yoast-seo-wordpress\/ -->\n<title>Cojinete nivelador de tensi\u00f3n Bearing Manufacturing India<\/title>\n<meta name=\"description\" content=\"(English) Tension leveller bearings also called Backup rollers with shaft ensures wide working surface along with rolling system made of two or more cages allowing the plant to reach very high flattening performance at high speed.\" \/>\n<meta name=\"robots\" content=\"index, follow, max-snippet:-1, max-image-preview:large, max-video-preview:-1\" \/>\n<link rel=\"canonical\" href=\"https:\/\/bmibearings.com\/products\/steel-mill-bearings\/tension-leveller-bearing\/\" \/>\n<meta property=\"og:locale\" content=\"es_ES\" \/>\n<meta property=\"og:type\" content=\"article\" \/>\n<meta property=\"og:title\" content=\"Cojinete nivelador de tensi\u00f3n Bearing Manufacturing India\" \/>\n<meta property=\"og:description\" content=\"{:en}Tension leveller bearings also called Backup rollers with shaft ensures wide working surface along with rolling system made of two or more cages allowing the plant to reach very high flattening performance at high speed.{:}\" \/>\n<meta property=\"og:url\" content=\"https:\/\/bmibearings.com\/products\/steel-mill-bearings\/tension-leveller-bearing\/\" \/>\n<meta property=\"og:site_name\" content=\"Bearing Manufacturing India\" \/>\n<meta property=\"article:modified_time\" content=\"2026-04-11T14:09:45+00:00\" \/>\n<meta property=\"og:image\" content=\"http:\/\/bmibearings.com\/wp-content\/uploads\/2021\/01\/tension-leveller-bearing.jpg\" \/>\n\t<meta property=\"og:image:width\" content=\"1000\" \/>\n\t<meta property=\"og:image:height\" content=\"290\" \/>\n\t<meta property=\"og:image:type\" content=\"image\/jpeg\" \/>\n<meta name=\"twitter:card\" content=\"summary_large_image\" \/>\n<meta name=\"twitter:label1\" content=\"Tiempo de lectura\" \/>\n\t<meta name=\"twitter:data1\" content=\"4 minutos\" \/>\n<script type=\"application\/ld+json\" class=\"yoast-schema-graph\">{\"@context\":\"https:\\\/\\\/schema.org\",\"@graph\":[{\"@type\":\"WebPage\",\"@id\":\"https:\\\/\\\/bmibearings.com\\\/products\\\/steel-mill-bearings\\\/tension-leveller-bearing\\\/\",\"url\":\"https:\\\/\\\/bmibearings.com\\\/products\\\/steel-mill-bearings\\\/tension-leveller-bearing\\\/\",\"name\":\"Cojinete nivelador de tensi\u00f3n Bearing Manufacturing India\",\"isPartOf\":{\"@id\":\"https:\\\/\\\/bmibearings.com\\\/ru\\\/#website\"},\"primaryImageOfPage\":{\"@id\":\"https:\\\/\\\/bmibearings.com\\\/products\\\/steel-mill-bearings\\\/tension-leveller-bearing\\\/#primaryimage\"},\"image\":{\"@id\":\"https:\\\/\\\/bmibearings.com\\\/products\\\/steel-mill-bearings\\\/tension-leveller-bearing\\\/#primaryimage\"},\"thumbnailUrl\":\"https:\\\/\\\/bmibearings.com\\\/wp-content\\\/uploads\\\/2021\\\/01\\\/tension-leveller-bearing.jpg\",\"datePublished\":\"2021-01-14T07:25:38+00:00\",\"dateModified\":\"2026-04-11T14:09:45+00:00\",\"description\":\"{:en}Tension leveller bearings also called Backup rollers with shaft ensures wide working surface along with rolling system made of two or more cages allowing the plant to reach very high flattening performance at high speed.{:}\",\"breadcrumb\":{\"@id\":\"https:\\\/\\\/bmibearings.com\\\/products\\\/steel-mill-bearings\\\/tension-leveller-bearing\\\/#breadcrumb\"},\"inLanguage\":\"es\",\"potentialAction\":[{\"@type\":\"ReadAction\",\"target\":[\"https:\\\/\\\/bmibearings.com\\\/products\\\/steel-mill-bearings\\\/tension-leveller-bearing\\\/\"]}]},{\"@type\":\"ImageObject\",\"inLanguage\":\"es\",\"@id\":\"https:\\\/\\\/bmibearings.com\\\/products\\\/steel-mill-bearings\\\/tension-leveller-bearing\\\/#primaryimage\",\"url\":\"https:\\\/\\\/bmibearings.com\\\/wp-content\\\/uploads\\\/2021\\\/01\\\/tension-leveller-bearing.jpg\",\"contentUrl\":\"https:\\\/\\\/bmibearings.com\\\/wp-content\\\/uploads\\\/2021\\\/01\\\/tension-leveller-bearing.jpg\",\"width\":1000,\"height\":290},{\"@type\":\"BreadcrumbList\",\"@id\":\"https:\\\/\\\/bmibearings.com\\\/products\\\/steel-mill-bearings\\\/tension-leveller-bearing\\\/#breadcrumb\",\"itemListElement\":[{\"@type\":\"ListItem\",\"position\":1,\"name\":\"Home\",\"item\":\"https:\\\/\\\/bmibearings.com\\\/\"},{\"@type\":\"ListItem\",\"position\":2,\"name\":\"Products\",\"item\":\"https:\\\/\\\/bmibearings.com\\\/products\\\/\"},{\"@type\":\"ListItem\",\"position\":3,\"name\":\"Steel Mill Bearings\",\"item\":\"https:\\\/\\\/bmibearings.com\\\/products\\\/steel-mill-bearings\\\/\"},{\"@type\":\"ListItem\",\"position\":4,\"name\":\"Tension Leveller Bearing\"}]},{\"@type\":\"WebSite\",\"@id\":\"https:\\\/\\\/bmibearings.com\\\/ru\\\/#website\",\"url\":\"https:\\\/\\\/bmibearings.com\\\/ru\\\/\",\"name\":\"Bearing Manufacturing India\",\"description\":\"\",\"publisher\":{\"@id\":\"https:\\\/\\\/bmibearings.com\\\/ru\\\/#organization\"},\"potentialAction\":[{\"@type\":\"SearchAction\",\"target\":{\"@type\":\"EntryPoint\",\"urlTemplate\":\"https:\\\/\\\/bmibearings.com\\\/ru\\\/?s={search_term_string}\"},\"query-input\":{\"@type\":\"PropertyValueSpecification\",\"valueRequired\":true,\"valueName\":\"search_term_string\"}}],\"inLanguage\":\"es\"},{\"@type\":\"Organization\",\"@id\":\"https:\\\/\\\/bmibearings.com\\\/ru\\\/#organization\",\"name\":\"Bearing Manufacturing India\",\"url\":\"https:\\\/\\\/bmibearings.com\\\/ru\\\/\",\"logo\":{\"@type\":\"ImageObject\",\"inLanguage\":\"es\",\"@id\":\"https:\\\/\\\/bmibearings.com\\\/ru\\\/#\\\/schema\\\/logo\\\/image\\\/\",\"url\":\"https:\\\/\\\/bmibearings.com\\\/wp-content\\\/uploads\\\/2014\\\/03\\\/logo211.png\",\"contentUrl\":\"https:\\\/\\\/bmibearings.com\\\/wp-content\\\/uploads\\\/2014\\\/03\\\/logo211.png\",\"width\":541,\"height\":72,\"caption\":\"Bearing Manufacturing India\"},\"image\":{\"@id\":\"https:\\\/\\\/bmibearings.com\\\/ru\\\/#\\\/schema\\\/logo\\\/image\\\/\"}}]}<\/script>\n<!-- \/ Yoast SEO plugin. -->","yoast_head_json":{"title":"Cojinete nivelador de tensi\u00f3n Bearing Manufacturing India","description":"(English) Tension leveller bearings also called Backup rollers with shaft ensures wide working surface along with rolling system made of two or more cages allowing the plant to reach very high flattening performance at high speed.","robots":{"index":"index","follow":"follow","max-snippet":"max-snippet:-1","max-image-preview":"max-image-preview:large","max-video-preview":"max-video-preview:-1"},"canonical":"https:\/\/bmibearings.com\/products\/steel-mill-bearings\/tension-leveller-bearing\/","og_locale":"es_ES","og_type":"article","og_title":"Cojinete nivelador de tensi\u00f3n Bearing Manufacturing India","og_description":"{:en}Tension leveller bearings also called Backup rollers with shaft ensures wide working surface along with rolling system made of two or more cages allowing the plant to reach very high flattening performance at high speed.{:}","og_url":"https:\/\/bmibearings.com\/products\/steel-mill-bearings\/tension-leveller-bearing\/","og_site_name":"Bearing Manufacturing India","article_modified_time":"2026-04-11T14:09:45+00:00","og_image":[{"width":1000,"height":290,"url":"http:\/\/bmibearings.com\/wp-content\/uploads\/2021\/01\/tension-leveller-bearing.jpg","type":"image\/jpeg"}],"twitter_card":"summary_large_image","twitter_misc":{"Tiempo de lectura":"4 minutos"},"schema":{"@context":"https:\/\/schema.org","@graph":[{"@type":"WebPage","@id":"https:\/\/bmibearings.com\/products\/steel-mill-bearings\/tension-leveller-bearing\/","url":"https:\/\/bmibearings.com\/products\/steel-mill-bearings\/tension-leveller-bearing\/","name":"Cojinete nivelador de tensi\u00f3n Bearing Manufacturing India","isPartOf":{"@id":"https:\/\/bmibearings.com\/ru\/#website"},"primaryImageOfPage":{"@id":"https:\/\/bmibearings.com\/products\/steel-mill-bearings\/tension-leveller-bearing\/#primaryimage"},"image":{"@id":"https:\/\/bmibearings.com\/products\/steel-mill-bearings\/tension-leveller-bearing\/#primaryimage"},"thumbnailUrl":"https:\/\/bmibearings.com\/wp-content\/uploads\/2021\/01\/tension-leveller-bearing.jpg","datePublished":"2021-01-14T07:25:38+00:00","dateModified":"2026-04-11T14:09:45+00:00","description":"{:en}Tension leveller bearings also called Backup rollers with shaft ensures wide working surface along with rolling system made of two or more cages allowing the plant to reach very high flattening performance at high speed.{:}","breadcrumb":{"@id":"https:\/\/bmibearings.com\/products\/steel-mill-bearings\/tension-leveller-bearing\/#breadcrumb"},"inLanguage":"es","potentialAction":[{"@type":"ReadAction","target":["https:\/\/bmibearings.com\/products\/steel-mill-bearings\/tension-leveller-bearing\/"]}]},{"@type":"ImageObject","inLanguage":"es","@id":"https:\/\/bmibearings.com\/products\/steel-mill-bearings\/tension-leveller-bearing\/#primaryimage","url":"https:\/\/bmibearings.com\/wp-content\/uploads\/2021\/01\/tension-leveller-bearing.jpg","contentUrl":"https:\/\/bmibearings.com\/wp-content\/uploads\/2021\/01\/tension-leveller-bearing.jpg","width":1000,"height":290},{"@type":"BreadcrumbList","@id":"https:\/\/bmibearings.com\/products\/steel-mill-bearings\/tension-leveller-bearing\/#breadcrumb","itemListElement":[{"@type":"ListItem","position":1,"name":"Home","item":"https:\/\/bmibearings.com\/"},{"@type":"ListItem","position":2,"name":"Products","item":"https:\/\/bmibearings.com\/products\/"},{"@type":"ListItem","position":3,"name":"Steel Mill Bearings","item":"https:\/\/bmibearings.com\/products\/steel-mill-bearings\/"},{"@type":"ListItem","position":4,"name":"Tension Leveller Bearing"}]},{"@type":"WebSite","@id":"https:\/\/bmibearings.com\/ru\/#website","url":"https:\/\/bmibearings.com\/ru\/","name":"Bearing Manufacturing India","description":"","publisher":{"@id":"https:\/\/bmibearings.com\/ru\/#organization"},"potentialAction":[{"@type":"SearchAction","target":{"@type":"EntryPoint","urlTemplate":"https:\/\/bmibearings.com\/ru\/?s={search_term_string}"},"query-input":{"@type":"PropertyValueSpecification","valueRequired":true,"valueName":"search_term_string"}}],"inLanguage":"es"},{"@type":"Organization","@id":"https:\/\/bmibearings.com\/ru\/#organization","name":"Bearing Manufacturing India","url":"https:\/\/bmibearings.com\/ru\/","logo":{"@type":"ImageObject","inLanguage":"es","@id":"https:\/\/bmibearings.com\/ru\/#\/schema\/logo\/image\/","url":"https:\/\/bmibearings.com\/wp-content\/uploads\/2014\/03\/logo211.png","contentUrl":"https:\/\/bmibearings.com\/wp-content\/uploads\/2014\/03\/logo211.png","width":541,"height":72,"caption":"Bearing Manufacturing India"},"image":{"@id":"https:\/\/bmibearings.com\/ru\/#\/schema\/logo\/image\/"}}]}},"_links":{"self":[{"href":"https:\/\/bmibearings.com\/es\/wp-json\/wp\/v2\/pages\/4539","targetHints":{"allow":["GET"]}}],"collection":[{"href":"https:\/\/bmibearings.com\/es\/wp-json\/wp\/v2\/pages"}],"about":[{"href":"https:\/\/bmibearings.com\/es\/wp-json\/wp\/v2\/types\/page"}],"author":[{"embeddable":true,"href":"https:\/\/bmibearings.com\/es\/wp-json\/wp\/v2\/users\/2"}],"replies":[{"embeddable":true,"href":"https:\/\/bmibearings.com\/es\/wp-json\/wp\/v2\/comments?post=4539"}],"version-history":[{"count":1,"href":"https:\/\/bmibearings.com\/es\/wp-json\/wp\/v2\/pages\/4539\/revisions"}],"predecessor-version":[{"id":5604,"href":"https:\/\/bmibearings.com\/es\/wp-json\/wp\/v2\/pages\/4539\/revisions\/5604"}],"up":[{"embeddable":true,"href":"https:\/\/bmibearings.com\/es\/wp-json\/wp\/v2\/pages\/5556"}],"wp:featuredmedia":[{"embeddable":true,"href":"https:\/\/bmibearings.com\/es\/wp-json\/wp\/v2\/media\/4540"}],"wp:attachment":[{"href":"https:\/\/bmibearings.com\/es\/wp-json\/wp\/v2\/media?parent=4539"}],"curies":[{"name":"wp","href":"https:\/\/api.w.org\/{rel}","templated":true}]}}