{"id":185,"date":"2014-03-31T08:26:27","date_gmt":"2014-03-31T08:26:27","guid":{"rendered":"http:\/\/bmibearings.com\/?page_id=185"},"modified":"2024-09-04T08:25:16","modified_gmt":"2024-09-04T08:25:16","slug":"about-us","status":"publish","type":"page","link":"https:\/\/bmibearings.com\/es\/about-us\/","title":{"rendered":"Sobre nosotros"},"content":{"rendered":"Bearing Manufacturing India es un ISO 9001 certificada\u00a0 centraron en diferentes segmentos de productos con clientes en m\u00c3\u00a1s de 45 pa\u00c3\u00adses y oficinas en 2 continentes (EE.UU. y Europa). Estamos de cocina m\u00c3\u00a1s de 720 tama\u00c3\u00b1os est\u00c3\u00a1ndar y especiales para nuestros clientes.<br \/>\nUna empresa certificada ISO 9001 y avanzar hacia TS 16949 La mejora continua es una forma de progreso para nosotros.<br \/>\nNuestro equipo t\u00c3\u00a9cnico encabezado por el Sr. Debashis Chatterjee, un veterano de la industria de rodamientos, ha ayudado a desarrollar muchos rodamientos especiales sobre la base de las solicitudes de los clientes.<\/p>\n<h4>Hitos de la empresa<\/h4>\n<p><strong>1974 :<\/strong> Comienza como una casa de rodamientos de excedentes en la India<br \/>\n<strong>1982 :<\/strong> Se expandi\u00c3\u00b3 a la distribuci\u00c3\u00b3n de los rodamientos de la India<br \/>\n<strong>1990 :<\/strong> Las importaciones directas Iniciado desde Rumania, Rep\u00c3\u00bablica Checa, Polonia y Rusia<br \/>\n<strong>1998 :<\/strong> Comienza la Unidad de Fabricaci\u00c3\u00b3n de rodamientos especiales en Gujarat, India<br \/>\n<strong>2000 :<\/strong> Fabricado primeros embarques de exportaci\u00c3\u00b3n a EE.UU. y Europa<br \/>\n<strong>2010 :<\/strong> Ampliado a una instalaci\u00c3\u00b3n m\u00c3\u00a1s grande para fabricar hasta 300.000 por mes.<br \/>\n<strong>2017:<\/strong> Exportaci\u00f3n a m\u00e1s de 20 pa\u00edses en todo el mundo<br \/>\n<strong>2022:<\/strong> Creaci\u00f3n de una empresa local con el nombre de BMI Bearings USA Inc. para respaldar las ventas en el mercado norteamericano","protected":false},"excerpt":{"rendered":"<p>Bearing Manufacturing India es un ISO 9001 certificada\u00a0 centraron en diferentes segmentos de productos con clientes en m\u00c3\u00a1s de 45 pa\u00c3\u00adses y oficinas en 2 continentes (EE.UU. y Europa). Estamos de cocina m\u00c3\u00a1s de 720 tama\u00c3\u00b1os est\u00c3\u00a1ndar y especiales para nuestros clientes. Una empresa certificada ISO 9001 y avanzar hacia TS 16949 La mejora continua [&hellip;]<\/p>\n","protected":false},"author":2,"featured_media":409,"parent":0,"menu_order":0,"comment_status":"closed","ping_status":"closed","template":"","meta":{"_acf_changed":false,"_themeisle_gutenberg_block_has_review":false,"footnotes":""},"tags":[],"class_list":["post-185","page","type-page","status-publish","has-post-thumbnail","hentry"],"acf":[],"yoast_head":"<!-- This site is optimized with the Yoast SEO plugin v27.3 - https:\/\/yoast.com\/product\/yoast-seo-wordpress\/ -->\n<title>Sobre nosotros Bearing Manufacturing India<\/title>\n<meta name=\"description\" content=\"Bearing Manufacturing India is an ISO 9001 Certified with 2 manufacturing units focused on different product segments with customers in more than 45 countries and offices in 2 continents (USA &amp; Europe)\" \/>\n<meta name=\"robots\" content=\"index, follow, max-snippet:-1, max-image-preview:large, max-video-preview:-1\" \/>\n<link rel=\"canonical\" href=\"https:\/\/bmibearings.com\/it\/about-us\/\" \/>\n<meta property=\"og:locale\" content=\"es_ES\" \/>\n<meta property=\"og:type\" content=\"article\" \/>\n<meta property=\"og:title\" content=\"Sobre nosotros Bearing Manufacturing India\" \/>\n<meta property=\"og:description\" content=\"Bearing Manufacturing India is an ISO 9001 Certified with 2 manufacturing units focused on different product segments with customers in more than 45 countries and offices in 2 continents (USA &amp; Europe)\" \/>\n<meta property=\"og:url\" content=\"https:\/\/bmibearings.com\/it\/about-us\/\" \/>\n<meta property=\"og:site_name\" content=\"Bearing Manufacturing India\" \/>\n<meta property=\"article:modified_time\" content=\"2024-09-04T08:25:16+00:00\" \/>\n<meta property=\"og:image\" content=\"https:\/\/bmibearings.com\/wp-content\/uploads\/2014\/04\/hdr-apps1.jpg\" \/>\n\t<meta property=\"og:image:width\" content=\"1000\" \/>\n\t<meta property=\"og:image:height\" content=\"290\" \/>\n\t<meta property=\"og:image:type\" content=\"image\/jpeg\" \/>\n<meta name=\"twitter:card\" content=\"summary_large_image\" \/>\n<meta name=\"twitter:label1\" content=\"Tiempo de lectura\" \/>\n\t<meta name=\"twitter:data1\" content=\"5 minutos\" \/>\n<script type=\"application\/ld+json\" class=\"yoast-schema-graph\">{\"@context\":\"https:\\\/\\\/schema.org\",\"@graph\":[{\"@type\":\"WebPage\",\"@id\":\"https:\\\/\\\/bmibearings.com\\\/it\\\/about-us\\\/\",\"url\":\"https:\\\/\\\/bmibearings.com\\\/it\\\/about-us\\\/\",\"name\":\"Sobre nosotros Bearing Manufacturing India\",\"isPartOf\":{\"@id\":\"https:\\\/\\\/bmibearings.com\\\/ru\\\/#website\"},\"primaryImageOfPage\":{\"@id\":\"https:\\\/\\\/bmibearings.com\\\/it\\\/about-us\\\/#primaryimage\"},\"image\":{\"@id\":\"https:\\\/\\\/bmibearings.com\\\/it\\\/about-us\\\/#primaryimage\"},\"thumbnailUrl\":\"https:\\\/\\\/bmibearings.com\\\/wp-content\\\/uploads\\\/2014\\\/04\\\/hdr-apps1.jpg\",\"datePublished\":\"2014-03-31T08:26:27+00:00\",\"dateModified\":\"2024-09-04T08:25:16+00:00\",\"description\":\"Bearing Manufacturing India is an ISO 9001 Certified with 2 manufacturing units focused on different product segments with customers in more than 45 countries and offices in 2 continents (USA & Europe)\",\"breadcrumb\":{\"@id\":\"https:\\\/\\\/bmibearings.com\\\/it\\\/about-us\\\/#breadcrumb\"},\"inLanguage\":\"es\",\"potentialAction\":[{\"@type\":\"ReadAction\",\"target\":[\"https:\\\/\\\/bmibearings.com\\\/it\\\/about-us\\\/\"]}]},{\"@type\":\"ImageObject\",\"inLanguage\":\"es\",\"@id\":\"https:\\\/\\\/bmibearings.com\\\/it\\\/about-us\\\/#primaryimage\",\"url\":\"https:\\\/\\\/bmibearings.com\\\/wp-content\\\/uploads\\\/2014\\\/04\\\/hdr-apps1.jpg\",\"contentUrl\":\"https:\\\/\\\/bmibearings.com\\\/wp-content\\\/uploads\\\/2014\\\/04\\\/hdr-apps1.jpg\",\"width\":1000,\"height\":290},{\"@type\":\"BreadcrumbList\",\"@id\":\"https:\\\/\\\/bmibearings.com\\\/it\\\/about-us\\\/#breadcrumb\",\"itemListElement\":[{\"@type\":\"ListItem\",\"position\":1,\"name\":\"Home\",\"item\":\"https:\\\/\\\/bmibearings.com\\\/\"},{\"@type\":\"ListItem\",\"position\":2,\"name\":\"Chi siamo\"}]},{\"@type\":\"WebSite\",\"@id\":\"https:\\\/\\\/bmibearings.com\\\/ru\\\/#website\",\"url\":\"https:\\\/\\\/bmibearings.com\\\/ru\\\/\",\"name\":\"Bearing Manufacturing India\",\"description\":\"\",\"publisher\":{\"@id\":\"https:\\\/\\\/bmibearings.com\\\/ru\\\/#organization\"},\"potentialAction\":[{\"@type\":\"SearchAction\",\"target\":{\"@type\":\"EntryPoint\",\"urlTemplate\":\"https:\\\/\\\/bmibearings.com\\\/ru\\\/?s={search_term_string}\"},\"query-input\":{\"@type\":\"PropertyValueSpecification\",\"valueRequired\":true,\"valueName\":\"search_term_string\"}}],\"inLanguage\":\"es\"},{\"@type\":\"Organization\",\"@id\":\"https:\\\/\\\/bmibearings.com\\\/ru\\\/#organization\",\"name\":\"Bearing Manufacturing India\",\"url\":\"https:\\\/\\\/bmibearings.com\\\/ru\\\/\",\"logo\":{\"@type\":\"ImageObject\",\"inLanguage\":\"es\",\"@id\":\"https:\\\/\\\/bmibearings.com\\\/ru\\\/#\\\/schema\\\/logo\\\/image\\\/\",\"url\":\"https:\\\/\\\/bmibearings.com\\\/wp-content\\\/uploads\\\/2014\\\/03\\\/logo211.png\",\"contentUrl\":\"https:\\\/\\\/bmibearings.com\\\/wp-content\\\/uploads\\\/2014\\\/03\\\/logo211.png\",\"width\":541,\"height\":72,\"caption\":\"Bearing Manufacturing India\"},\"image\":{\"@id\":\"https:\\\/\\\/bmibearings.com\\\/ru\\\/#\\\/schema\\\/logo\\\/image\\\/\"}}]}<\/script>\n<!-- \/ Yoast SEO plugin. -->","yoast_head_json":{"title":"Sobre nosotros Bearing Manufacturing India","description":"Bearing Manufacturing India is an ISO 9001 Certified with 2 manufacturing units focused on different product segments with customers in more than 45 countries and offices in 2 continents (USA & Europe)","robots":{"index":"index","follow":"follow","max-snippet":"max-snippet:-1","max-image-preview":"max-image-preview:large","max-video-preview":"max-video-preview:-1"},"canonical":"https:\/\/bmibearings.com\/it\/about-us\/","og_locale":"es_ES","og_type":"article","og_title":"Sobre nosotros Bearing Manufacturing India","og_description":"Bearing Manufacturing India is an ISO 9001 Certified with 2 manufacturing units focused on different product segments with customers in more than 45 countries and offices in 2 continents (USA & Europe)","og_url":"https:\/\/bmibearings.com\/it\/about-us\/","og_site_name":"Bearing Manufacturing India","article_modified_time":"2024-09-04T08:25:16+00:00","og_image":[{"width":1000,"height":290,"url":"https:\/\/bmibearings.com\/wp-content\/uploads\/2014\/04\/hdr-apps1.jpg","type":"image\/jpeg"}],"twitter_card":"summary_large_image","twitter_misc":{"Tiempo de lectura":"5 minutos"},"schema":{"@context":"https:\/\/schema.org","@graph":[{"@type":"WebPage","@id":"https:\/\/bmibearings.com\/it\/about-us\/","url":"https:\/\/bmibearings.com\/it\/about-us\/","name":"Sobre nosotros Bearing Manufacturing India","isPartOf":{"@id":"https:\/\/bmibearings.com\/ru\/#website"},"primaryImageOfPage":{"@id":"https:\/\/bmibearings.com\/it\/about-us\/#primaryimage"},"image":{"@id":"https:\/\/bmibearings.com\/it\/about-us\/#primaryimage"},"thumbnailUrl":"https:\/\/bmibearings.com\/wp-content\/uploads\/2014\/04\/hdr-apps1.jpg","datePublished":"2014-03-31T08:26:27+00:00","dateModified":"2024-09-04T08:25:16+00:00","description":"Bearing Manufacturing India is an ISO 9001 Certified with 2 manufacturing units focused on different product segments with customers in more than 45 countries and offices in 2 continents (USA & Europe)","breadcrumb":{"@id":"https:\/\/bmibearings.com\/it\/about-us\/#breadcrumb"},"inLanguage":"es","potentialAction":[{"@type":"ReadAction","target":["https:\/\/bmibearings.com\/it\/about-us\/"]}]},{"@type":"ImageObject","inLanguage":"es","@id":"https:\/\/bmibearings.com\/it\/about-us\/#primaryimage","url":"https:\/\/bmibearings.com\/wp-content\/uploads\/2014\/04\/hdr-apps1.jpg","contentUrl":"https:\/\/bmibearings.com\/wp-content\/uploads\/2014\/04\/hdr-apps1.jpg","width":1000,"height":290},{"@type":"BreadcrumbList","@id":"https:\/\/bmibearings.com\/it\/about-us\/#breadcrumb","itemListElement":[{"@type":"ListItem","position":1,"name":"Home","item":"https:\/\/bmibearings.com\/"},{"@type":"ListItem","position":2,"name":"Chi siamo"}]},{"@type":"WebSite","@id":"https:\/\/bmibearings.com\/ru\/#website","url":"https:\/\/bmibearings.com\/ru\/","name":"Bearing Manufacturing India","description":"","publisher":{"@id":"https:\/\/bmibearings.com\/ru\/#organization"},"potentialAction":[{"@type":"SearchAction","target":{"@type":"EntryPoint","urlTemplate":"https:\/\/bmibearings.com\/ru\/?s={search_term_string}"},"query-input":{"@type":"PropertyValueSpecification","valueRequired":true,"valueName":"search_term_string"}}],"inLanguage":"es"},{"@type":"Organization","@id":"https:\/\/bmibearings.com\/ru\/#organization","name":"Bearing Manufacturing India","url":"https:\/\/bmibearings.com\/ru\/","logo":{"@type":"ImageObject","inLanguage":"es","@id":"https:\/\/bmibearings.com\/ru\/#\/schema\/logo\/image\/","url":"https:\/\/bmibearings.com\/wp-content\/uploads\/2014\/03\/logo211.png","contentUrl":"https:\/\/bmibearings.com\/wp-content\/uploads\/2014\/03\/logo211.png","width":541,"height":72,"caption":"Bearing Manufacturing India"},"image":{"@id":"https:\/\/bmibearings.com\/ru\/#\/schema\/logo\/image\/"}}]}},"_links":{"self":[{"href":"https:\/\/bmibearings.com\/es\/wp-json\/wp\/v2\/pages\/185","targetHints":{"allow":["GET"]}}],"collection":[{"href":"https:\/\/bmibearings.com\/es\/wp-json\/wp\/v2\/pages"}],"about":[{"href":"https:\/\/bmibearings.com\/es\/wp-json\/wp\/v2\/types\/page"}],"author":[{"embeddable":true,"href":"https:\/\/bmibearings.com\/es\/wp-json\/wp\/v2\/users\/2"}],"replies":[{"embeddable":true,"href":"https:\/\/bmibearings.com\/es\/wp-json\/wp\/v2\/comments?post=185"}],"version-history":[{"count":2,"href":"https:\/\/bmibearings.com\/es\/wp-json\/wp\/v2\/pages\/185\/revisions"}],"predecessor-version":[{"id":5246,"href":"https:\/\/bmibearings.com\/es\/wp-json\/wp\/v2\/pages\/185\/revisions\/5246"}],"wp:featuredmedia":[{"embeddable":true,"href":"https:\/\/bmibearings.com\/es\/wp-json\/wp\/v2\/media\/409"}],"wp:attachment":[{"href":"https:\/\/bmibearings.com\/es\/wp-json\/wp\/v2\/media?parent=185"}],"wp:term":[{"taxonomy":"post_tag","embeddable":true,"href":"https:\/\/bmibearings.com\/es\/wp-json\/wp\/v2\/tags?post=185"}],"curies":[{"name":"wp","href":"https:\/\/api.w.org\/{rel}","templated":true}]}}