{"id":7,"date":"2014-03-13T06:47:40","date_gmt":"2014-03-13T06:47:40","guid":{"rendered":"http:\/\/bmibearings.com\/?page_id=7"},"modified":"2026-05-01T11:21:43","modified_gmt":"2026-05-01T11:21:43","slug":"management-team","status":"publish","type":"page","link":"https:\/\/bmibearings.com\/de\/about-us\/management-team\/","title":{"rendered":"Managementteam"},"content":{"rendered":"<h3>Snehal Sheth<\/h3>\n<h5>Chief Executive Officer<\/h5>\n<p><img loading=\"lazy\" decoding=\"async\" class=\"wp-image-223 alignleft\" src=\"http:\/\/bmibearings.com\/\/wp-content\/uploads\/2014\/03\/SnehalSheth.jpg\" alt=\"SnehalSheth\" width=\"198\" height=\"154\" \/>Herr Snehal Sheth, ein veteran in der Industrie mit mehr als 40 Jahren Erfahrung spaming aus Handel, Einfuhr, Herstellung bringt er wertvolle Erfahrungen \u00fcber die Branche. Unter seiner F\u00fchrung wuchs das Unternehmen aus keine Exporte zu 20 Millionen US-Dollar mit Kunden in mehr als 45 L\u00e4ndern auf der ganzen Welt.<br \/>\n<div class=\"su-divider su-divider-style-default\" style=\"margin:15px 0;border-width:3px;border-color:#999999\"><\/div>\n<h3>Debashis Chatterjee<\/h3>\n<h5>VP-Technologie<\/h5>\n<p>Herr Dabashis Chatterjee ist ein Maschinenbau-Ingenieur von BITS,Pilani mit mehr als 40 Jahren Erfahrung in design, Herstellung, Einrichtung Planung, Maschinen-Auswahl und consulting-Erfahrung im Lager-Industrie. Er bringt reiche Erfahrung aus renommierten Unternehmen wie FAG, NRB, RHP und den meisten der indischen Lager-Hersteller. Als Lager-Industrie-veteran bringt er in eine reiche Erfahrung in der das Verst\u00e4ndnis der Anwendung und entsprechend die richtigen L\u00f6sungen.<br \/>\n<div class=\"su-divider su-divider-style-default\" style=\"margin:15px 0;border-width:3px;border-color:#999999\"><\/div>\n<h3>Shrenik Sheth<\/h3>\n<h5>Key Account Manager<\/h5>\n<p><img loading=\"lazy\" decoding=\"async\" class=\"wp-image-224 alignleft\" src=\"http:\/\/bmibearings.com\/\/wp-content\/uploads\/2014\/03\/ShrenikSheth.jpg\" alt=\"ShrenikSheth\" width=\"198\" height=\"154\" \/>Herr Shrenik Sheth Maschinenbau-Ingenieur und MS von der Duke University, USA, versteht er die Anwendung und bietet L\u00f6sungen f\u00fcr die Kunden nach der Arbeit mit dem engineering und application-engineering-team. Mit reicher Erfahrung im Vertrieb von Timken und anderen indischen Hersteller bringt er in Distributoren und OEM\u00e2\u20ac&#x2122;s aus mehr als 40 L\u00e4ndern auf der ganzen Welt.<br \/>\n<div class=\"su-divider su-divider-style-default\" style=\"margin:15px 0;border-width:3px;border-color:#999999\"><\/div>\n<h3>Shine Oommen<\/h3>\n<h5>Logistik Manager<\/h5>\n<p><img loading=\"lazy\" decoding=\"async\" class=\"alignleft  wp-image-439\" src=\"http:\/\/bmibearings.com\/\/wp-content\/uploads\/2014\/03\/ShineOomen.jpg\" alt=\"ShineOomen\" width=\"198\" height=\"154\" \/>Mit mehr als 18 Jahre Erfahrung im Verkauf und Versand f\u00fcr Exporte nach Ihrem Abschluss in Wirtschaftswissenschaften. Er verwaltet den gesamten Versand-und Rechnungswesen f\u00fcr alle unsere Kunden in mehr als 40 L\u00e4ndern.<br \/>\n<div class=\"su-divider su-divider-style-default\" style=\"margin:15px 0;border-width:3px;border-color:#999999\"><\/div>\n<h3>Uma Naidu<\/h3>\n<h5>Sales Manager<\/h5>\n<p><img loading=\"lazy\" decoding=\"async\" class=\"alignleft  wp-image-440\" src=\"http:\/\/bmibearings.com\/\/wp-content\/uploads\/2014\/03\/UmaNaidu.jpg\" alt=\"UmaNaidu\" width=\"198\" height=\"154\" \/>Nach dem Studium von commerce hintergrund arbeitete Sie als co-ordinator Umsatz von fast 8 Jahren. Sie hat umfassende Kenntnis der verschiedenen Lager zahlen und Bezeichnung und erweist sich als ein sehr kompetenter Quelle bei der Unterst\u00fctzung Vertrieb f\u00fcr die Ausfuhr von Unternehmen BMI.","protected":false},"excerpt":{"rendered":"<p>Snehal Sheth Chief Executive Officer Herr Snehal Sheth, ein veteran in der Industrie mit mehr als 40 Jahren Erfahrung spaming aus Handel, Einfuhr, Herstellung bringt er wertvolle Erfahrungen \u00fcber die Branche. Unter seiner F\u00fchrung wuchs das Unternehmen aus keine Exporte zu 20 Millionen US-Dollar mit Kunden in mehr als 45 L\u00e4ndern auf der ganzen Welt. [&hellip;]<\/p>\n","protected":false},"author":2,"featured_media":615,"parent":185,"menu_order":0,"comment_status":"closed","ping_status":"closed","template":"","meta":{"_acf_changed":false,"_themeisle_gutenberg_block_has_review":false,"footnotes":""},"tags":[],"class_list":["post-7","page","type-page","status-publish","has-post-thumbnail","hentry"],"acf":{"team_intro":"(English) <img class=\"alignleft wp-image-223 size-medium\" src=\"http:\/\/bmibearings.com\/wp-content\/uploads\/2014\/03\/SnehalSheth1-300x232.jpg\" alt=\"\" width=\"300\" height=\"232\" \/>BMI was founded by the late Mr. Snehal Sheth, a veteran of the bearing industry whose 40 years of experience in trading, imports, and manufacturing established our global reach. Under his guidance, the company grew to serve customers in over 45 countries. Today, our management team upholds the standards he set, building upon the commercial foundation and business development strategies he implemented to lead the company into the future.","team_members":[{"name":"Mr. Dabashis Chatterjee","position":"vp, technology ( 15+ years with BMI )","bio":"Mechanical Engineer from BITS, Pilani with more than 40 years of design, manufacturing, facility planning, machinery selection & consulting experience in the bearing industry. He brings in rich experience from renowned companies like FAG, NRB, RHP and most of the Indian bearing manufacturers. A bearing industry veteran he brings in a rich experience in understanding the application and accordingly providing the right solutions.","email":"","linkedin":"","image":5771,"order":0},{"name":"Mr. Manish Bhavsar","position":"Head \u2013 Design & QC ( 2+ years with BMI )","bio":"With more than 10 years experience in the bearing industry itself and a Mechanical engineer by education Manish brings in expertise and vision to develop new bearing sizes and improving quality constantly. He has more than 10 years experience with bearing manufacturers itself in India working with industrial to aerospace applications.","email":"","linkedin":"","image":5771,"order":0},{"name":"Mr. Shrenik Sheth","position":"Director \u2013 Sales ( 15+ years with BMI )","bio":"Mechanical Engineer and MS from Duke University USA, he understands the application & provides solutions to customers after working with the engineering and application engineering team. With a rich sales experience from global bearing manufacturers he focusses on bringing new distributors & OEMs from more than 40 countries across the globe.","email":"","linkedin":"","image":224,"order":0},{"name":"Mrs Uma Naidu","position":"Manager \u2013 Operations ( 20 years with BMI )","bio":"With almost 2 decades in the company After graduation from science background and an MBA she has worked as a co-ordinator in sales and then moved to becoming a sales manager and moving to handling the entire operations. She has complete knowledge of the different bearing numbers and designation and proves as a very competent source in supporting sales for exports of BMI.","email":"","linkedin":"","image":4877,"order":0},{"name":"Mrs Sangeeta","position":"Export Sales ( 3+ years with BMI ) ","bio":"Within 3 years at BMI Bearings she has been able to get good understanding of the bearing numbering system. Her promptness in handling customer inquiries along with understanding of the business makes her an ideal fit for this role.","email":"","linkedin":"","image":5771,"order":0},{"name":"Mrs Mosami Salvi","position":"Admin Head ( 5 + years with BMI )","bio":"She handles the entire office supply procurement along with packaging material for all the incoming orders along with helping the marketing team run the campaign via different mailing sites. Ensuring the entire office runs efficiently.","email":"","linkedin":"","image":4873,"order":0},{"name":"Mrs Smita Pansare","position":"Manager \u2013 Export Logistics and shipping ( 5+ years with BMI )","bio":"With more than 5 years in the company now she has grown from being a sales co-ordinator to purchase co-ordinator and eventually moved to managing the Export logisitic and shipping for the company. She has complete knowledge of the different bearing numbers and designation and proves as a very competent source in making sure the customers get the right documents and receive the goods on time.","email":"","linkedin":"","image":4880,"order":0},{"name":"Ms. Archana Golekar","position":"Head \u2013 Accounts & Finance ","bio":"She plays a pivotal role in the planning of finance given her 20+ years accountancy background and prepare MIS reports for the management to take appropriate decisions.","email":"","linkedin":"","image":5771,"order":0},{"name":"Ms. Swanandi Jadhav","position":"Accounts ","bio":"More than 15 years of accounting experience in logistics and several other industries she brings in a depth of experience ranging from compliances to taxes. Apart from that she takes care of vendor payables and receivables and co-ordinating all with the chartered accounts ","email":"","linkedin":"","image":5771,"order":0}]},"yoast_head":"<!-- This site is optimized with the Yoast SEO plugin v27.3 - https:\/\/yoast.com\/product\/yoast-seo-wordpress\/ -->\n<title>Managementteam Bearing Manufacturing India<\/title>\n<meta name=\"robots\" content=\"index, follow, max-snippet:-1, max-image-preview:large, max-video-preview:-1\" \/>\n<link rel=\"canonical\" href=\"https:\/\/bmibearings.com\/about-us\/management-team\/\" \/>\n<meta property=\"og:locale\" content=\"de_DE\" \/>\n<meta property=\"og:type\" content=\"article\" \/>\n<meta property=\"og:title\" content=\"Managementteam Bearing Manufacturing India\" \/>\n<meta property=\"og:description\" content=\"Snehal Sheth Chief Executive Officer Herr Snehal Sheth, ein veteran in der Industrie mit mehr als 40 Jahren Erfahrung spaming aus Handel, Einfuhr, Herstellung bringt er wertvolle Erfahrungen \u00fcber die Branche. Unter seiner F\u00fchrung wuchs das Unternehmen aus keine Exporte zu 20 Millionen US-Dollar mit Kunden in mehr als 45 L\u00e4ndern auf der ganzen Welt. [&hellip;]\" \/>\n<meta property=\"og:url\" content=\"https:\/\/bmibearings.com\/about-us\/management-team\/\" \/>\n<meta property=\"og:site_name\" content=\"Bearing Manufacturing India\" \/>\n<meta property=\"article:modified_time\" content=\"2026-05-01T11:21:43+00:00\" \/>\n<meta property=\"og:image\" content=\"http:\/\/bmibearings.com\/wp-content\/uploads\/2014\/03\/hdr-mgmt2.jpg\" \/>\n\t<meta property=\"og:image:width\" content=\"1000\" \/>\n\t<meta property=\"og:image:height\" content=\"290\" \/>\n\t<meta property=\"og:image:type\" content=\"image\/jpeg\" \/>\n<meta name=\"twitter:card\" content=\"summary_large_image\" \/>\n<meta name=\"twitter:label1\" content=\"Gesch\u00e4tzte Lesezeit\" \/>\n\t<meta name=\"twitter:data1\" content=\"5\u00a0Minuten\" \/>\n<script type=\"application\/ld+json\" class=\"yoast-schema-graph\">{\"@context\":\"https:\\\/\\\/schema.org\",\"@graph\":[{\"@type\":\"WebPage\",\"@id\":\"https:\\\/\\\/bmibearings.com\\\/about-us\\\/management-team\\\/\",\"url\":\"https:\\\/\\\/bmibearings.com\\\/about-us\\\/management-team\\\/\",\"name\":\"Managementteam Bearing Manufacturing India\",\"isPartOf\":{\"@id\":\"https:\\\/\\\/bmibearings.com\\\/ru\\\/#website\"},\"primaryImageOfPage\":{\"@id\":\"https:\\\/\\\/bmibearings.com\\\/about-us\\\/management-team\\\/#primaryimage\"},\"image\":{\"@id\":\"https:\\\/\\\/bmibearings.com\\\/about-us\\\/management-team\\\/#primaryimage\"},\"thumbnailUrl\":\"https:\\\/\\\/bmibearings.com\\\/wp-content\\\/uploads\\\/2014\\\/03\\\/hdr-mgmt2.jpg\",\"datePublished\":\"2014-03-13T06:47:40+00:00\",\"dateModified\":\"2026-05-01T11:21:43+00:00\",\"breadcrumb\":{\"@id\":\"https:\\\/\\\/bmibearings.com\\\/about-us\\\/management-team\\\/#breadcrumb\"},\"inLanguage\":\"de\",\"potentialAction\":[{\"@type\":\"ReadAction\",\"target\":[\"https:\\\/\\\/bmibearings.com\\\/about-us\\\/management-team\\\/\"]}]},{\"@type\":\"ImageObject\",\"inLanguage\":\"de\",\"@id\":\"https:\\\/\\\/bmibearings.com\\\/about-us\\\/management-team\\\/#primaryimage\",\"url\":\"https:\\\/\\\/bmibearings.com\\\/wp-content\\\/uploads\\\/2014\\\/03\\\/hdr-mgmt2.jpg\",\"contentUrl\":\"https:\\\/\\\/bmibearings.com\\\/wp-content\\\/uploads\\\/2014\\\/03\\\/hdr-mgmt2.jpg\",\"width\":1000,\"height\":290},{\"@type\":\"BreadcrumbList\",\"@id\":\"https:\\\/\\\/bmibearings.com\\\/about-us\\\/management-team\\\/#breadcrumb\",\"itemListElement\":[{\"@type\":\"ListItem\",\"position\":1,\"name\":\"Home\",\"item\":\"https:\\\/\\\/bmibearings.com\\\/\"},{\"@type\":\"ListItem\",\"position\":2,\"name\":\"Chi siamo\",\"item\":\"https:\\\/\\\/bmibearings.com\\\/it\\\/about-us\\\/\"},{\"@type\":\"ListItem\",\"position\":3,\"name\":\"Management Team\"}]},{\"@type\":\"WebSite\",\"@id\":\"https:\\\/\\\/bmibearings.com\\\/ru\\\/#website\",\"url\":\"https:\\\/\\\/bmibearings.com\\\/ru\\\/\",\"name\":\"Bearing Manufacturing India\",\"description\":\"\",\"publisher\":{\"@id\":\"https:\\\/\\\/bmibearings.com\\\/ru\\\/#organization\"},\"potentialAction\":[{\"@type\":\"SearchAction\",\"target\":{\"@type\":\"EntryPoint\",\"urlTemplate\":\"https:\\\/\\\/bmibearings.com\\\/ru\\\/?s={search_term_string}\"},\"query-input\":{\"@type\":\"PropertyValueSpecification\",\"valueRequired\":true,\"valueName\":\"search_term_string\"}}],\"inLanguage\":\"de\"},{\"@type\":\"Organization\",\"@id\":\"https:\\\/\\\/bmibearings.com\\\/ru\\\/#organization\",\"name\":\"Bearing Manufacturing India\",\"url\":\"https:\\\/\\\/bmibearings.com\\\/ru\\\/\",\"logo\":{\"@type\":\"ImageObject\",\"inLanguage\":\"de\",\"@id\":\"https:\\\/\\\/bmibearings.com\\\/ru\\\/#\\\/schema\\\/logo\\\/image\\\/\",\"url\":\"https:\\\/\\\/bmibearings.com\\\/wp-content\\\/uploads\\\/2014\\\/03\\\/logo211.png\",\"contentUrl\":\"https:\\\/\\\/bmibearings.com\\\/wp-content\\\/uploads\\\/2014\\\/03\\\/logo211.png\",\"width\":541,\"height\":72,\"caption\":\"Bearing Manufacturing India\"},\"image\":{\"@id\":\"https:\\\/\\\/bmibearings.com\\\/ru\\\/#\\\/schema\\\/logo\\\/image\\\/\"}}]}<\/script>\n<!-- \/ Yoast SEO plugin. -->","yoast_head_json":{"title":"Managementteam Bearing Manufacturing India","robots":{"index":"index","follow":"follow","max-snippet":"max-snippet:-1","max-image-preview":"max-image-preview:large","max-video-preview":"max-video-preview:-1"},"canonical":"https:\/\/bmibearings.com\/about-us\/management-team\/","og_locale":"de_DE","og_type":"article","og_title":"Managementteam Bearing Manufacturing India","og_description":"Snehal Sheth Chief Executive Officer Herr Snehal Sheth, ein veteran in der Industrie mit mehr als 40 Jahren Erfahrung spaming aus Handel, Einfuhr, Herstellung bringt er wertvolle Erfahrungen \u00fcber die Branche. Unter seiner F\u00fchrung wuchs das Unternehmen aus keine Exporte zu 20 Millionen US-Dollar mit Kunden in mehr als 45 L\u00e4ndern auf der ganzen Welt. [&hellip;]","og_url":"https:\/\/bmibearings.com\/about-us\/management-team\/","og_site_name":"Bearing Manufacturing India","article_modified_time":"2026-05-01T11:21:43+00:00","og_image":[{"width":1000,"height":290,"url":"http:\/\/bmibearings.com\/wp-content\/uploads\/2014\/03\/hdr-mgmt2.jpg","type":"image\/jpeg"}],"twitter_card":"summary_large_image","twitter_misc":{"Gesch\u00e4tzte Lesezeit":"5\u00a0Minuten"},"schema":{"@context":"https:\/\/schema.org","@graph":[{"@type":"WebPage","@id":"https:\/\/bmibearings.com\/about-us\/management-team\/","url":"https:\/\/bmibearings.com\/about-us\/management-team\/","name":"Managementteam Bearing Manufacturing India","isPartOf":{"@id":"https:\/\/bmibearings.com\/ru\/#website"},"primaryImageOfPage":{"@id":"https:\/\/bmibearings.com\/about-us\/management-team\/#primaryimage"},"image":{"@id":"https:\/\/bmibearings.com\/about-us\/management-team\/#primaryimage"},"thumbnailUrl":"https:\/\/bmibearings.com\/wp-content\/uploads\/2014\/03\/hdr-mgmt2.jpg","datePublished":"2014-03-13T06:47:40+00:00","dateModified":"2026-05-01T11:21:43+00:00","breadcrumb":{"@id":"https:\/\/bmibearings.com\/about-us\/management-team\/#breadcrumb"},"inLanguage":"de","potentialAction":[{"@type":"ReadAction","target":["https:\/\/bmibearings.com\/about-us\/management-team\/"]}]},{"@type":"ImageObject","inLanguage":"de","@id":"https:\/\/bmibearings.com\/about-us\/management-team\/#primaryimage","url":"https:\/\/bmibearings.com\/wp-content\/uploads\/2014\/03\/hdr-mgmt2.jpg","contentUrl":"https:\/\/bmibearings.com\/wp-content\/uploads\/2014\/03\/hdr-mgmt2.jpg","width":1000,"height":290},{"@type":"BreadcrumbList","@id":"https:\/\/bmibearings.com\/about-us\/management-team\/#breadcrumb","itemListElement":[{"@type":"ListItem","position":1,"name":"Home","item":"https:\/\/bmibearings.com\/"},{"@type":"ListItem","position":2,"name":"Chi siamo","item":"https:\/\/bmibearings.com\/it\/about-us\/"},{"@type":"ListItem","position":3,"name":"Management Team"}]},{"@type":"WebSite","@id":"https:\/\/bmibearings.com\/ru\/#website","url":"https:\/\/bmibearings.com\/ru\/","name":"Bearing Manufacturing India","description":"","publisher":{"@id":"https:\/\/bmibearings.com\/ru\/#organization"},"potentialAction":[{"@type":"SearchAction","target":{"@type":"EntryPoint","urlTemplate":"https:\/\/bmibearings.com\/ru\/?s={search_term_string}"},"query-input":{"@type":"PropertyValueSpecification","valueRequired":true,"valueName":"search_term_string"}}],"inLanguage":"de"},{"@type":"Organization","@id":"https:\/\/bmibearings.com\/ru\/#organization","name":"Bearing Manufacturing India","url":"https:\/\/bmibearings.com\/ru\/","logo":{"@type":"ImageObject","inLanguage":"de","@id":"https:\/\/bmibearings.com\/ru\/#\/schema\/logo\/image\/","url":"https:\/\/bmibearings.com\/wp-content\/uploads\/2014\/03\/logo211.png","contentUrl":"https:\/\/bmibearings.com\/wp-content\/uploads\/2014\/03\/logo211.png","width":541,"height":72,"caption":"Bearing Manufacturing India"},"image":{"@id":"https:\/\/bmibearings.com\/ru\/#\/schema\/logo\/image\/"}}]}},"_links":{"self":[{"href":"https:\/\/bmibearings.com\/de\/wp-json\/wp\/v2\/pages\/7","targetHints":{"allow":["GET"]}}],"collection":[{"href":"https:\/\/bmibearings.com\/de\/wp-json\/wp\/v2\/pages"}],"about":[{"href":"https:\/\/bmibearings.com\/de\/wp-json\/wp\/v2\/types\/page"}],"author":[{"embeddable":true,"href":"https:\/\/bmibearings.com\/de\/wp-json\/wp\/v2\/users\/2"}],"replies":[{"embeddable":true,"href":"https:\/\/bmibearings.com\/de\/wp-json\/wp\/v2\/comments?post=7"}],"version-history":[{"count":2,"href":"https:\/\/bmibearings.com\/de\/wp-json\/wp\/v2\/pages\/7\/revisions"}],"predecessor-version":[{"id":5773,"href":"https:\/\/bmibearings.com\/de\/wp-json\/wp\/v2\/pages\/7\/revisions\/5773"}],"up":[{"embeddable":true,"href":"https:\/\/bmibearings.com\/de\/wp-json\/wp\/v2\/pages\/185"}],"wp:featuredmedia":[{"embeddable":true,"href":"https:\/\/bmibearings.com\/de\/wp-json\/wp\/v2\/media\/615"}],"wp:attachment":[{"href":"https:\/\/bmibearings.com\/de\/wp-json\/wp\/v2\/media?parent=7"}],"wp:term":[{"taxonomy":"post_tag","embeddable":true,"href":"https:\/\/bmibearings.com\/de\/wp-json\/wp\/v2\/tags?post=7"}],"curies":[{"name":"wp","href":"https:\/\/api.w.org\/{rel}","templated":true}]}}