{"id":521,"date":"2014-04-13T10:09:59","date_gmt":"2014-04-13T10:09:59","guid":{"rendered":"http:\/\/bmibearings.com\/applications\/crushers\/"},"modified":"2022-12-06T07:34:01","modified_gmt":"2022-12-06T07:34:01","slug":"crushers","status":"publish","type":"page","link":"https:\/\/bmibearings.com\/de\/industries\/crushers\/","title":{"rendered":"Brecher"},"content":{"rendered":"<h3>BMI-Lager f\u00fcr eine zweireihige Vollrollige Zylinderrollenlager<\/h3>\n<p><strong>Technische Merkmale:<\/strong><\/p>\n<ul>\n<li>Maximale Tragf\u00e4higkeit aufgrund Vollrollige Ausf\u00fchrung mit der maximalen Anzahl von Rollen im Raum stehen.<\/li>\n<li>Schutz vor Staub und andere Verunreinigungen mit der Kontaktaufnahme mit Dichtungen auf beiden Seiten.<\/li>\n<li>SGeeignet f\u00fcr extreme Einsatzbedingungen durch Spezialfett.<\/li>\n<\/ul>\n<p>Unser engineering-team arbeitet sirectly mit original-equipment-Hersteller, design einer Vielzahl von lagern f\u00fcr Brecher Anwendungen<br \/>\nDie hohe Qualit\u00e4t sauber Stahl in der Produktion minimiert die Auswirkungen von Verunreinigungen in rauen Umgebungen, die \u00fcblicherweise in der crusher-Industrie.<br \/>\nViele der designs sind Massivk\u00e4fig aus Messing designs f\u00fcr die Haltbarkeit.<br \/>\nBMI zuverl\u00e4ssige aftermarket-L\u00f6sungen f\u00fcr Telsmith, JCI, Cedar Rapids, KPI und verschiedenen anderen OEMs.","protected":false},"excerpt":{"rendered":"<p>BMI-Lager f\u00fcr eine zweireihige Vollrollige Zylinderrollenlager Technische Merkmale: Maximale Tragf\u00e4higkeit aufgrund Vollrollige Ausf\u00fchrung mit der maximalen Anzahl von Rollen im Raum stehen. Schutz vor Staub und andere Verunreinigungen mit der Kontaktaufnahme mit Dichtungen auf beiden Seiten. SGeeignet f\u00fcr extreme Einsatzbedingungen durch Spezialfett. Unser engineering-team arbeitet sirectly mit original-equipment-Hersteller, design einer Vielzahl von lagern f\u00fcr Brecher [&hellip;]<\/p>\n","protected":false},"author":2,"featured_media":529,"parent":393,"menu_order":0,"comment_status":"closed","ping_status":"closed","template":"","meta":{"_acf_changed":false,"_themeisle_gutenberg_block_has_review":false,"footnotes":""},"tags":[],"class_list":["post-521","page","type-page","status-publish","has-post-thumbnail","hentry"],"acf":[],"yoast_head":"<!-- This site is optimized with the Yoast SEO plugin v27.3 - https:\/\/yoast.com\/product\/yoast-seo-wordpress\/ -->\n<title>Brecher Bearing Manufacturing India<\/title>\n<meta name=\"description\" content=\"Our engineering team works sirectly with original equipment manufacturers to design a wide range of bearings for crushers applications.\" \/>\n<meta name=\"robots\" content=\"index, follow, max-snippet:-1, max-image-preview:large, max-video-preview:-1\" \/>\n<link rel=\"canonical\" href=\"https:\/\/bmibearings.com\/industries\/crushers\/\" \/>\n<meta property=\"og:locale\" content=\"de_DE\" \/>\n<meta property=\"og:type\" content=\"article\" \/>\n<meta property=\"og:title\" content=\"Brecher Bearing Manufacturing India\" \/>\n<meta property=\"og:description\" content=\"Our engineering team works sirectly with original equipment manufacturers to design a wide range of bearings for crushers applications.\" \/>\n<meta property=\"og:url\" content=\"https:\/\/bmibearings.com\/industries\/crushers\/\" \/>\n<meta property=\"og:site_name\" content=\"Bearing Manufacturing India\" \/>\n<meta property=\"article:modified_time\" content=\"2022-12-06T07:34:01+00:00\" \/>\n<meta property=\"og:image\" content=\"http:\/\/bmibearings.com\/wp-content\/uploads\/2014\/04\/hdr-crane1.jpg\" \/>\n\t<meta property=\"og:image:width\" content=\"1000\" \/>\n\t<meta property=\"og:image:height\" content=\"290\" \/>\n\t<meta property=\"og:image:type\" content=\"image\/jpeg\" \/>\n<meta name=\"twitter:card\" content=\"summary_large_image\" \/>\n<meta name=\"twitter:label1\" content=\"Gesch\u00e4tzte Lesezeit\" \/>\n\t<meta name=\"twitter:data1\" content=\"4\u00a0Minuten\" \/>\n<script type=\"application\/ld+json\" class=\"yoast-schema-graph\">{\"@context\":\"https:\\\/\\\/schema.org\",\"@graph\":[{\"@type\":\"WebPage\",\"@id\":\"https:\\\/\\\/bmibearings.com\\\/industries\\\/crushers\\\/\",\"url\":\"https:\\\/\\\/bmibearings.com\\\/industries\\\/crushers\\\/\",\"name\":\"Brecher Bearing Manufacturing India\",\"isPartOf\":{\"@id\":\"https:\\\/\\\/bmibearings.com\\\/ru\\\/#website\"},\"primaryImageOfPage\":{\"@id\":\"https:\\\/\\\/bmibearings.com\\\/industries\\\/crushers\\\/#primaryimage\"},\"image\":{\"@id\":\"https:\\\/\\\/bmibearings.com\\\/industries\\\/crushers\\\/#primaryimage\"},\"thumbnailUrl\":\"https:\\\/\\\/bmibearings.com\\\/wp-content\\\/uploads\\\/2014\\\/04\\\/hdr-crane1.jpg\",\"datePublished\":\"2014-04-13T10:09:59+00:00\",\"dateModified\":\"2022-12-06T07:34:01+00:00\",\"description\":\"Our engineering team works sirectly with original equipment manufacturers to design a wide range of bearings for crushers applications.\",\"breadcrumb\":{\"@id\":\"https:\\\/\\\/bmibearings.com\\\/industries\\\/crushers\\\/#breadcrumb\"},\"inLanguage\":\"de\",\"potentialAction\":[{\"@type\":\"ReadAction\",\"target\":[\"https:\\\/\\\/bmibearings.com\\\/industries\\\/crushers\\\/\"]}]},{\"@type\":\"ImageObject\",\"inLanguage\":\"de\",\"@id\":\"https:\\\/\\\/bmibearings.com\\\/industries\\\/crushers\\\/#primaryimage\",\"url\":\"https:\\\/\\\/bmibearings.com\\\/wp-content\\\/uploads\\\/2014\\\/04\\\/hdr-crane1.jpg\",\"contentUrl\":\"https:\\\/\\\/bmibearings.com\\\/wp-content\\\/uploads\\\/2014\\\/04\\\/hdr-crane1.jpg\",\"width\":1000,\"height\":290},{\"@type\":\"BreadcrumbList\",\"@id\":\"https:\\\/\\\/bmibearings.com\\\/industries\\\/crushers\\\/#breadcrumb\",\"itemListElement\":[{\"@type\":\"ListItem\",\"position\":1,\"name\":\"Home\",\"item\":\"https:\\\/\\\/bmibearings.com\\\/\"},{\"@type\":\"ListItem\",\"position\":2,\"name\":\"[:de]Branchen[:en]Industries[:fr]Industries[:es]Industrias[:it]Industrie[:ru]\u041e\u0442\u0440\u0430\u0441\u043b\u0438'[:]\",\"item\":\"https:\\\/\\\/bmibearings.com\\\/industries\\\/\"},{\"@type\":\"ListItem\",\"position\":3,\"name\":\"Crushers\"}]},{\"@type\":\"WebSite\",\"@id\":\"https:\\\/\\\/bmibearings.com\\\/ru\\\/#website\",\"url\":\"https:\\\/\\\/bmibearings.com\\\/ru\\\/\",\"name\":\"Bearing Manufacturing India\",\"description\":\"\",\"publisher\":{\"@id\":\"https:\\\/\\\/bmibearings.com\\\/ru\\\/#organization\"},\"potentialAction\":[{\"@type\":\"SearchAction\",\"target\":{\"@type\":\"EntryPoint\",\"urlTemplate\":\"https:\\\/\\\/bmibearings.com\\\/ru\\\/?s={search_term_string}\"},\"query-input\":{\"@type\":\"PropertyValueSpecification\",\"valueRequired\":true,\"valueName\":\"search_term_string\"}}],\"inLanguage\":\"de\"},{\"@type\":\"Organization\",\"@id\":\"https:\\\/\\\/bmibearings.com\\\/ru\\\/#organization\",\"name\":\"Bearing Manufacturing India\",\"url\":\"https:\\\/\\\/bmibearings.com\\\/ru\\\/\",\"logo\":{\"@type\":\"ImageObject\",\"inLanguage\":\"de\",\"@id\":\"https:\\\/\\\/bmibearings.com\\\/ru\\\/#\\\/schema\\\/logo\\\/image\\\/\",\"url\":\"https:\\\/\\\/bmibearings.com\\\/wp-content\\\/uploads\\\/2014\\\/03\\\/logo211.png\",\"contentUrl\":\"https:\\\/\\\/bmibearings.com\\\/wp-content\\\/uploads\\\/2014\\\/03\\\/logo211.png\",\"width\":541,\"height\":72,\"caption\":\"Bearing Manufacturing India\"},\"image\":{\"@id\":\"https:\\\/\\\/bmibearings.com\\\/ru\\\/#\\\/schema\\\/logo\\\/image\\\/\"}}]}<\/script>\n<!-- \/ Yoast SEO plugin. -->","yoast_head_json":{"title":"Brecher Bearing Manufacturing India","description":"Our engineering team works sirectly with original equipment manufacturers to design a wide range of bearings for crushers applications.","robots":{"index":"index","follow":"follow","max-snippet":"max-snippet:-1","max-image-preview":"max-image-preview:large","max-video-preview":"max-video-preview:-1"},"canonical":"https:\/\/bmibearings.com\/industries\/crushers\/","og_locale":"de_DE","og_type":"article","og_title":"Brecher Bearing Manufacturing India","og_description":"Our engineering team works sirectly with original equipment manufacturers to design a wide range of bearings for crushers applications.","og_url":"https:\/\/bmibearings.com\/industries\/crushers\/","og_site_name":"Bearing Manufacturing India","article_modified_time":"2022-12-06T07:34:01+00:00","og_image":[{"width":1000,"height":290,"url":"http:\/\/bmibearings.com\/wp-content\/uploads\/2014\/04\/hdr-crane1.jpg","type":"image\/jpeg"}],"twitter_card":"summary_large_image","twitter_misc":{"Gesch\u00e4tzte Lesezeit":"4\u00a0Minuten"},"schema":{"@context":"https:\/\/schema.org","@graph":[{"@type":"WebPage","@id":"https:\/\/bmibearings.com\/industries\/crushers\/","url":"https:\/\/bmibearings.com\/industries\/crushers\/","name":"Brecher Bearing Manufacturing India","isPartOf":{"@id":"https:\/\/bmibearings.com\/ru\/#website"},"primaryImageOfPage":{"@id":"https:\/\/bmibearings.com\/industries\/crushers\/#primaryimage"},"image":{"@id":"https:\/\/bmibearings.com\/industries\/crushers\/#primaryimage"},"thumbnailUrl":"https:\/\/bmibearings.com\/wp-content\/uploads\/2014\/04\/hdr-crane1.jpg","datePublished":"2014-04-13T10:09:59+00:00","dateModified":"2022-12-06T07:34:01+00:00","description":"Our engineering team works sirectly with original equipment manufacturers to design a wide range of bearings for crushers applications.","breadcrumb":{"@id":"https:\/\/bmibearings.com\/industries\/crushers\/#breadcrumb"},"inLanguage":"de","potentialAction":[{"@type":"ReadAction","target":["https:\/\/bmibearings.com\/industries\/crushers\/"]}]},{"@type":"ImageObject","inLanguage":"de","@id":"https:\/\/bmibearings.com\/industries\/crushers\/#primaryimage","url":"https:\/\/bmibearings.com\/wp-content\/uploads\/2014\/04\/hdr-crane1.jpg","contentUrl":"https:\/\/bmibearings.com\/wp-content\/uploads\/2014\/04\/hdr-crane1.jpg","width":1000,"height":290},{"@type":"BreadcrumbList","@id":"https:\/\/bmibearings.com\/industries\/crushers\/#breadcrumb","itemListElement":[{"@type":"ListItem","position":1,"name":"Home","item":"https:\/\/bmibearings.com\/"},{"@type":"ListItem","position":2,"name":"[:de]Branchen[:en]Industries[:fr]Industries[:es]Industrias[:it]Industrie[:ru]\u041e\u0442\u0440\u0430\u0441\u043b\u0438'[:]","item":"https:\/\/bmibearings.com\/industries\/"},{"@type":"ListItem","position":3,"name":"Crushers"}]},{"@type":"WebSite","@id":"https:\/\/bmibearings.com\/ru\/#website","url":"https:\/\/bmibearings.com\/ru\/","name":"Bearing Manufacturing India","description":"","publisher":{"@id":"https:\/\/bmibearings.com\/ru\/#organization"},"potentialAction":[{"@type":"SearchAction","target":{"@type":"EntryPoint","urlTemplate":"https:\/\/bmibearings.com\/ru\/?s={search_term_string}"},"query-input":{"@type":"PropertyValueSpecification","valueRequired":true,"valueName":"search_term_string"}}],"inLanguage":"de"},{"@type":"Organization","@id":"https:\/\/bmibearings.com\/ru\/#organization","name":"Bearing Manufacturing India","url":"https:\/\/bmibearings.com\/ru\/","logo":{"@type":"ImageObject","inLanguage":"de","@id":"https:\/\/bmibearings.com\/ru\/#\/schema\/logo\/image\/","url":"https:\/\/bmibearings.com\/wp-content\/uploads\/2014\/03\/logo211.png","contentUrl":"https:\/\/bmibearings.com\/wp-content\/uploads\/2014\/03\/logo211.png","width":541,"height":72,"caption":"Bearing Manufacturing India"},"image":{"@id":"https:\/\/bmibearings.com\/ru\/#\/schema\/logo\/image\/"}}]}},"_links":{"self":[{"href":"https:\/\/bmibearings.com\/de\/wp-json\/wp\/v2\/pages\/521","targetHints":{"allow":["GET"]}}],"collection":[{"href":"https:\/\/bmibearings.com\/de\/wp-json\/wp\/v2\/pages"}],"about":[{"href":"https:\/\/bmibearings.com\/de\/wp-json\/wp\/v2\/types\/page"}],"author":[{"embeddable":true,"href":"https:\/\/bmibearings.com\/de\/wp-json\/wp\/v2\/users\/2"}],"replies":[{"embeddable":true,"href":"https:\/\/bmibearings.com\/de\/wp-json\/wp\/v2\/comments?post=521"}],"version-history":[{"count":0,"href":"https:\/\/bmibearings.com\/de\/wp-json\/wp\/v2\/pages\/521\/revisions"}],"up":[{"embeddable":true,"href":"https:\/\/bmibearings.com\/de\/wp-json\/wp\/v2\/pages\/393"}],"wp:featuredmedia":[{"embeddable":true,"href":"https:\/\/bmibearings.com\/de\/wp-json\/wp\/v2\/media\/529"}],"wp:attachment":[{"href":"https:\/\/bmibearings.com\/de\/wp-json\/wp\/v2\/media?parent=521"}],"wp:term":[{"taxonomy":"post_tag","embeddable":true,"href":"https:\/\/bmibearings.com\/de\/wp-json\/wp\/v2\/tags?post=521"}],"curies":[{"name":"wp","href":"https:\/\/api.w.org\/{rel}","templated":true}]}}