{"id":520,"date":"2014-04-13T10:09:59","date_gmt":"2014-04-13T10:09:59","guid":{"rendered":"http:\/\/bmibearings.com\/applications\/shaker-screen\/"},"modified":"2022-12-06T08:09:30","modified_gmt":"2022-12-06T08:09:30","slug":"shaker-screen-bearing","status":"publish","type":"page","link":"https:\/\/bmibearings.com\/de\/industries\/shaker-screen-bearing\/","title":{"rendered":"R\u00fcttelsieb"},"content":{"rendered":"<div style=\"float: right;\"><a href=\"http:\/\/bmibearings.com\/wp-content\/uploads\/2014\/04\/LIST-OF-SHAKER-SCREEN-BEARINGS.pdf\" class=\"su-button su-button-style-default\" style=\"color:#FFFFFF;background-color:#E4A239;border-color:#b7822e;border-radius:5px\" target=\"_blank\" rel=\"noopener noreferrer\"><span style=\"color:#FFFFFF;padding:6px 16px;font-size:13px;line-height:20px;border-color:#edbe75;border-radius:5px;text-shadow:none\"><i class=\"sui sui-download\" style=\"font-size:13px;color:#FFFFFF\"><\/i> Download Shaker Screen bearings list here<\/span><\/a><\/div>\n<h2>F\u00fcr \u0432\u0438\u0431\u0440\u043e\u043c\u0430\u0448\u0438\u043d\/ Zur K\u00fcrzung der Anwendung<\/h2>\n<p><strong>Ausstattung:<\/strong><\/p>\n<ul>\n<li>Messing-Massivk\u00e4fig best\u00e4ndig gegen Schwingungen und Vibrationen<\/li>\n<li>Hochwertige Qualit\u00e4t aus Stahl mit gleichm\u00e4\u00dfiger Maserung-Struktur<\/li>\n<li>die engen Toleranzen gew\u00e4hrleisten einen angemessenen Schutz<\/li>\n<li>Speisen f\u00fcr Spezielle reduziertem Au\u00dfendurchmesser Toleranz<\/li>\n<li>h\u00f6here Arbeitsgeschwindigkeiten<\/li>\n<\/ul>\n<p>Einer der h\u00e4rtesten industriellen Anwendungen f\u00fcr Lager Schwingsieben oder shaker-Bildschirme<br \/>\nDie vibrierende action auf dem Bildschirm erfordert Lager haben eine sehr hohe Last und Geschwindigkeit Bewertung, variable Beschleunigung und Verz\u00f6gerung der Bildschirm und die Auswirkungen des Materials, wie es bewegt sich \u00fcber den Bildschirm.<br \/>\nDiese Lager sind produziert mit einem radialen Abstand Bereich von C4. Eine h\u00f6here radiale Abstand erm\u00f6glicht Ihnen die K\u00fchler laufen. Alle Lager sind aus Messing K\u00e4fig f\u00fcr die optimale Schmierung und k\u00fchleren Betrieb Temperaturen.<br \/>\nF\u00fcr Besondere Toleranz Anforderungen und Anwendungen im Zusammenhang Fragen haben, <a title=\"Contact\" href=\"http:\/\/bmibearings.com\/contact\/\">coKontaktieren maschinenbauteam der Firma BMI.<\/a>.<a href=\"http:\/\/bmibearings.com\/wp-content\/uploads\/2014\/04\/Shaker-Screen-Bearings.xlsx\" rel=\"\">Shaker Screen Bearings<\/a><div class=\"su-button-center\"><a href=\"http:\/\/bmibearings.com\/wp-content\/uploads\/2014\/04\/Shaker-Screen-Bearings.xlsx\" class=\"su-button su-button-style-flat su-button-wide\" style=\"color:#FFFFFF;background-color:#f9cd5f;border-color:#c8a44c;border-radius:5px\" target=\"_blank\" rel=\"noopener noreferrer\"><span style=\"color:#FFFFFF;padding:6px 16px;font-size:13px;line-height:20px;border-color:#fbdc8f;border-radius:5px;text-shadow:none\"><i class=\"sui sui-arrow-circle-o-down\" style=\"font-size:13px;color:#FFFFFF\"><\/i> Download Size range<\/span><\/a><\/div>","protected":false},"excerpt":{"rendered":"<p>F\u00fcr \u0432\u0438\u0431\u0440\u043e\u043c\u0430\u0448\u0438\u043d\/ Zur K\u00fcrzung der Anwendung Ausstattung: Messing-Massivk\u00e4fig best\u00e4ndig gegen Schwingungen und Vibrationen Hochwertige Qualit\u00e4t aus Stahl mit gleichm\u00e4\u00dfiger Maserung-Struktur die engen Toleranzen gew\u00e4hrleisten einen angemessenen Schutz Speisen f\u00fcr Spezielle reduziertem Au\u00dfendurchmesser Toleranz h\u00f6here Arbeitsgeschwindigkeiten Einer der h\u00e4rtesten industriellen Anwendungen f\u00fcr Lager Schwingsieben oder shaker-Bildschirme Die vibrierende action auf dem Bildschirm erfordert Lager haben eine [&hellip;]<\/p>\n","protected":false},"author":2,"featured_media":620,"parent":393,"menu_order":0,"comment_status":"closed","ping_status":"closed","template":"","meta":{"_acf_changed":false,"_themeisle_gutenberg_block_has_review":false,"footnotes":""},"tags":[],"class_list":["post-520","page","type-page","status-publish","has-post-thumbnail","hentry"],"acf":[],"yoast_head":"<!-- This site is optimized with the Yoast SEO plugin v27.3 - https:\/\/yoast.com\/product\/yoast-seo-wordpress\/ -->\n<title>R\u00fcttelsieb Bearing Manufacturing India<\/title>\n<meta name=\"description\" content=\"Shaker Screen Bearing :- One of the toughest industrial equipment applications for bearings is vibrating screens or shaker screens. The vibrating action of the screen requires bearings to have a very high load and speed rating, variable acceleration and deceleration of the screen and impact of the material as it moves through the screen.\" \/>\n<meta name=\"robots\" content=\"index, follow, max-snippet:-1, max-image-preview:large, max-video-preview:-1\" \/>\n<link rel=\"canonical\" href=\"https:\/\/bmibearings.com\/industries\/shaker-screen-bearing\/\" \/>\n<meta property=\"og:locale\" content=\"de_DE\" \/>\n<meta property=\"og:type\" content=\"article\" \/>\n<meta property=\"og:title\" content=\"R\u00fcttelsieb Bearing Manufacturing India\" \/>\n<meta property=\"og:description\" content=\"Shaker Screen Bearing :- One of the toughest industrial equipment applications for bearings is vibrating screens or shaker screens. The vibrating action of the screen requires bearings to have a very high load and speed rating, variable acceleration and deceleration of the screen and impact of the material as it moves through the screen.\" \/>\n<meta property=\"og:url\" content=\"https:\/\/bmibearings.com\/industries\/shaker-screen-bearing\/\" \/>\n<meta property=\"og:site_name\" content=\"Bearing Manufacturing India\" \/>\n<meta property=\"article:modified_time\" content=\"2022-12-06T08:09:30+00:00\" \/>\n<meta property=\"og:image\" content=\"http:\/\/bmibearings.com\/wp-content\/uploads\/2014\/04\/hdr-shakerscreen1.jpg\" \/>\n\t<meta property=\"og:image:width\" content=\"1000\" \/>\n\t<meta property=\"og:image:height\" content=\"290\" \/>\n\t<meta property=\"og:image:type\" content=\"image\/jpeg\" \/>\n<meta name=\"twitter:card\" content=\"summary_large_image\" \/>\n<meta name=\"twitter:label1\" content=\"Gesch\u00e4tzte Lesezeit\" \/>\n\t<meta name=\"twitter:data1\" content=\"8\u00a0Minuten\" \/>\n<script type=\"application\/ld+json\" class=\"yoast-schema-graph\">{\"@context\":\"https:\\\/\\\/schema.org\",\"@graph\":[{\"@type\":\"WebPage\",\"@id\":\"https:\\\/\\\/bmibearings.com\\\/industries\\\/shaker-screen-bearing\\\/\",\"url\":\"https:\\\/\\\/bmibearings.com\\\/industries\\\/shaker-screen-bearing\\\/\",\"name\":\"R\u00fcttelsieb Bearing Manufacturing India\",\"isPartOf\":{\"@id\":\"https:\\\/\\\/bmibearings.com\\\/ru\\\/#website\"},\"primaryImageOfPage\":{\"@id\":\"https:\\\/\\\/bmibearings.com\\\/industries\\\/shaker-screen-bearing\\\/#primaryimage\"},\"image\":{\"@id\":\"https:\\\/\\\/bmibearings.com\\\/industries\\\/shaker-screen-bearing\\\/#primaryimage\"},\"thumbnailUrl\":\"https:\\\/\\\/bmibearings.com\\\/wp-content\\\/uploads\\\/2014\\\/04\\\/hdr-shakerscreen1.jpg\",\"datePublished\":\"2014-04-13T10:09:59+00:00\",\"dateModified\":\"2022-12-06T08:09:30+00:00\",\"description\":\"Shaker Screen Bearing :- One of the toughest industrial equipment applications for bearings is vibrating screens or shaker screens. The vibrating action of the screen requires bearings to have a very high load and speed rating, variable acceleration and deceleration of the screen and impact of the material as it moves through the screen.\",\"breadcrumb\":{\"@id\":\"https:\\\/\\\/bmibearings.com\\\/industries\\\/shaker-screen-bearing\\\/#breadcrumb\"},\"inLanguage\":\"de\",\"potentialAction\":[{\"@type\":\"ReadAction\",\"target\":[\"https:\\\/\\\/bmibearings.com\\\/industries\\\/shaker-screen-bearing\\\/\"]}]},{\"@type\":\"ImageObject\",\"inLanguage\":\"de\",\"@id\":\"https:\\\/\\\/bmibearings.com\\\/industries\\\/shaker-screen-bearing\\\/#primaryimage\",\"url\":\"https:\\\/\\\/bmibearings.com\\\/wp-content\\\/uploads\\\/2014\\\/04\\\/hdr-shakerscreen1.jpg\",\"contentUrl\":\"https:\\\/\\\/bmibearings.com\\\/wp-content\\\/uploads\\\/2014\\\/04\\\/hdr-shakerscreen1.jpg\",\"width\":1000,\"height\":290,\"caption\":\"Shaker Screen Bearing\"},{\"@type\":\"BreadcrumbList\",\"@id\":\"https:\\\/\\\/bmibearings.com\\\/industries\\\/shaker-screen-bearing\\\/#breadcrumb\",\"itemListElement\":[{\"@type\":\"ListItem\",\"position\":1,\"name\":\"Home\",\"item\":\"https:\\\/\\\/bmibearings.com\\\/\"},{\"@type\":\"ListItem\",\"position\":2,\"name\":\"[:de]Branchen[:en]Industries[:fr]Industries[:es]Industrias[:it]Industrie[:ru]\u041e\u0442\u0440\u0430\u0441\u043b\u0438'[:]\",\"item\":\"https:\\\/\\\/bmibearings.com\\\/industries\\\/\"},{\"@type\":\"ListItem\",\"position\":3,\"name\":\"Shaker Screen Bearing\"}]},{\"@type\":\"WebSite\",\"@id\":\"https:\\\/\\\/bmibearings.com\\\/ru\\\/#website\",\"url\":\"https:\\\/\\\/bmibearings.com\\\/ru\\\/\",\"name\":\"Bearing Manufacturing India\",\"description\":\"\",\"publisher\":{\"@id\":\"https:\\\/\\\/bmibearings.com\\\/ru\\\/#organization\"},\"potentialAction\":[{\"@type\":\"SearchAction\",\"target\":{\"@type\":\"EntryPoint\",\"urlTemplate\":\"https:\\\/\\\/bmibearings.com\\\/ru\\\/?s={search_term_string}\"},\"query-input\":{\"@type\":\"PropertyValueSpecification\",\"valueRequired\":true,\"valueName\":\"search_term_string\"}}],\"inLanguage\":\"de\"},{\"@type\":\"Organization\",\"@id\":\"https:\\\/\\\/bmibearings.com\\\/ru\\\/#organization\",\"name\":\"Bearing Manufacturing India\",\"url\":\"https:\\\/\\\/bmibearings.com\\\/ru\\\/\",\"logo\":{\"@type\":\"ImageObject\",\"inLanguage\":\"de\",\"@id\":\"https:\\\/\\\/bmibearings.com\\\/ru\\\/#\\\/schema\\\/logo\\\/image\\\/\",\"url\":\"https:\\\/\\\/bmibearings.com\\\/wp-content\\\/uploads\\\/2014\\\/03\\\/logo211.png\",\"contentUrl\":\"https:\\\/\\\/bmibearings.com\\\/wp-content\\\/uploads\\\/2014\\\/03\\\/logo211.png\",\"width\":541,\"height\":72,\"caption\":\"Bearing Manufacturing India\"},\"image\":{\"@id\":\"https:\\\/\\\/bmibearings.com\\\/ru\\\/#\\\/schema\\\/logo\\\/image\\\/\"}}]}<\/script>\n<!-- \/ Yoast SEO plugin. -->","yoast_head_json":{"title":"R\u00fcttelsieb Bearing Manufacturing India","description":"Shaker Screen Bearing :- One of the toughest industrial equipment applications for bearings is vibrating screens or shaker screens. The vibrating action of the screen requires bearings to have a very high load and speed rating, variable acceleration and deceleration of the screen and impact of the material as it moves through the screen.","robots":{"index":"index","follow":"follow","max-snippet":"max-snippet:-1","max-image-preview":"max-image-preview:large","max-video-preview":"max-video-preview:-1"},"canonical":"https:\/\/bmibearings.com\/industries\/shaker-screen-bearing\/","og_locale":"de_DE","og_type":"article","og_title":"R\u00fcttelsieb Bearing Manufacturing India","og_description":"Shaker Screen Bearing :- One of the toughest industrial equipment applications for bearings is vibrating screens or shaker screens. The vibrating action of the screen requires bearings to have a very high load and speed rating, variable acceleration and deceleration of the screen and impact of the material as it moves through the screen.","og_url":"https:\/\/bmibearings.com\/industries\/shaker-screen-bearing\/","og_site_name":"Bearing Manufacturing India","article_modified_time":"2022-12-06T08:09:30+00:00","og_image":[{"width":1000,"height":290,"url":"http:\/\/bmibearings.com\/wp-content\/uploads\/2014\/04\/hdr-shakerscreen1.jpg","type":"image\/jpeg"}],"twitter_card":"summary_large_image","twitter_misc":{"Gesch\u00e4tzte Lesezeit":"8\u00a0Minuten"},"schema":{"@context":"https:\/\/schema.org","@graph":[{"@type":"WebPage","@id":"https:\/\/bmibearings.com\/industries\/shaker-screen-bearing\/","url":"https:\/\/bmibearings.com\/industries\/shaker-screen-bearing\/","name":"R\u00fcttelsieb Bearing Manufacturing India","isPartOf":{"@id":"https:\/\/bmibearings.com\/ru\/#website"},"primaryImageOfPage":{"@id":"https:\/\/bmibearings.com\/industries\/shaker-screen-bearing\/#primaryimage"},"image":{"@id":"https:\/\/bmibearings.com\/industries\/shaker-screen-bearing\/#primaryimage"},"thumbnailUrl":"https:\/\/bmibearings.com\/wp-content\/uploads\/2014\/04\/hdr-shakerscreen1.jpg","datePublished":"2014-04-13T10:09:59+00:00","dateModified":"2022-12-06T08:09:30+00:00","description":"Shaker Screen Bearing :- One of the toughest industrial equipment applications for bearings is vibrating screens or shaker screens. The vibrating action of the screen requires bearings to have a very high load and speed rating, variable acceleration and deceleration of the screen and impact of the material as it moves through the screen.","breadcrumb":{"@id":"https:\/\/bmibearings.com\/industries\/shaker-screen-bearing\/#breadcrumb"},"inLanguage":"de","potentialAction":[{"@type":"ReadAction","target":["https:\/\/bmibearings.com\/industries\/shaker-screen-bearing\/"]}]},{"@type":"ImageObject","inLanguage":"de","@id":"https:\/\/bmibearings.com\/industries\/shaker-screen-bearing\/#primaryimage","url":"https:\/\/bmibearings.com\/wp-content\/uploads\/2014\/04\/hdr-shakerscreen1.jpg","contentUrl":"https:\/\/bmibearings.com\/wp-content\/uploads\/2014\/04\/hdr-shakerscreen1.jpg","width":1000,"height":290,"caption":"Shaker Screen Bearing"},{"@type":"BreadcrumbList","@id":"https:\/\/bmibearings.com\/industries\/shaker-screen-bearing\/#breadcrumb","itemListElement":[{"@type":"ListItem","position":1,"name":"Home","item":"https:\/\/bmibearings.com\/"},{"@type":"ListItem","position":2,"name":"[:de]Branchen[:en]Industries[:fr]Industries[:es]Industrias[:it]Industrie[:ru]\u041e\u0442\u0440\u0430\u0441\u043b\u0438'[:]","item":"https:\/\/bmibearings.com\/industries\/"},{"@type":"ListItem","position":3,"name":"Shaker Screen Bearing"}]},{"@type":"WebSite","@id":"https:\/\/bmibearings.com\/ru\/#website","url":"https:\/\/bmibearings.com\/ru\/","name":"Bearing Manufacturing India","description":"","publisher":{"@id":"https:\/\/bmibearings.com\/ru\/#organization"},"potentialAction":[{"@type":"SearchAction","target":{"@type":"EntryPoint","urlTemplate":"https:\/\/bmibearings.com\/ru\/?s={search_term_string}"},"query-input":{"@type":"PropertyValueSpecification","valueRequired":true,"valueName":"search_term_string"}}],"inLanguage":"de"},{"@type":"Organization","@id":"https:\/\/bmibearings.com\/ru\/#organization","name":"Bearing Manufacturing India","url":"https:\/\/bmibearings.com\/ru\/","logo":{"@type":"ImageObject","inLanguage":"de","@id":"https:\/\/bmibearings.com\/ru\/#\/schema\/logo\/image\/","url":"https:\/\/bmibearings.com\/wp-content\/uploads\/2014\/03\/logo211.png","contentUrl":"https:\/\/bmibearings.com\/wp-content\/uploads\/2014\/03\/logo211.png","width":541,"height":72,"caption":"Bearing Manufacturing India"},"image":{"@id":"https:\/\/bmibearings.com\/ru\/#\/schema\/logo\/image\/"}}]}},"_links":{"self":[{"href":"https:\/\/bmibearings.com\/de\/wp-json\/wp\/v2\/pages\/520","targetHints":{"allow":["GET"]}}],"collection":[{"href":"https:\/\/bmibearings.com\/de\/wp-json\/wp\/v2\/pages"}],"about":[{"href":"https:\/\/bmibearings.com\/de\/wp-json\/wp\/v2\/types\/page"}],"author":[{"embeddable":true,"href":"https:\/\/bmibearings.com\/de\/wp-json\/wp\/v2\/users\/2"}],"replies":[{"embeddable":true,"href":"https:\/\/bmibearings.com\/de\/wp-json\/wp\/v2\/comments?post=520"}],"version-history":[{"count":0,"href":"https:\/\/bmibearings.com\/de\/wp-json\/wp\/v2\/pages\/520\/revisions"}],"up":[{"embeddable":true,"href":"https:\/\/bmibearings.com\/de\/wp-json\/wp\/v2\/pages\/393"}],"wp:featuredmedia":[{"embeddable":true,"href":"https:\/\/bmibearings.com\/de\/wp-json\/wp\/v2\/media\/620"}],"wp:attachment":[{"href":"https:\/\/bmibearings.com\/de\/wp-json\/wp\/v2\/media?parent=520"}],"wp:term":[{"taxonomy":"post_tag","embeddable":true,"href":"https:\/\/bmibearings.com\/de\/wp-json\/wp\/v2\/tags?post=520"}],"curies":[{"name":"wp","href":"https:\/\/api.w.org\/{rel}","templated":true}]}}