{"id":391,"date":"2014-04-03T17:34:38","date_gmt":"2014-04-03T17:34:38","guid":{"rendered":"http:\/\/bmibearings.com\/?page_id=391"},"modified":"2026-04-30T13:13:41","modified_gmt":"2026-04-30T13:13:41","slug":"heavy-duty-truck-axles-4-wheels","status":"publish","type":"page","link":"https:\/\/bmibearings.com\/de\/industries\/heavy-duty-truck-axles-4-wheels\/","title":{"rendered":"Achsen schweren LKW-4 R\u00e4der"},"content":{"rendered":"Wir verstehen, dass die Industrie schweren \u0433\u0440\u0443\u0437\u043e\u0432\u043a\u0430 verlangt von Ihren lagern und liefern qualitativ hochwertigen Lager zu halten, die die Flotte kosteng\u00fcnstiger.<br \/>\nBMI bietet eine vollst\u00e4ndige Palette von aufeinander abgestimmt internen und externen Vorderrad Anwendung lagern in einem Karton. Pa\u00dft f\u00fcr die meisten g\u00e4ngigen schweren LKW-Sechser Kegelrollenlagern.<\/p>\n<table border=\"0\" cellspacing=\"0\" cellpadding=\"0\">\n<tbody>\n<tr>\n<th>Timken &#8211; Cone \/ Cup<\/th>\n<th>Timken &#8211; Cone \/ Cup<\/th>\n<\/tr>\n<tr>\n<td>SET401 &#8211; 580\/572<\/td>\n<td>SET413 &#8211; HM212049\/HM212011<\/td>\n<\/tr>\n<tr>\n<td>SET402 &#8211; 582\/572<\/td>\n<td>SET414 &#8211; HM218248\/HM218210<\/td>\n<\/tr>\n<tr>\n<td>SET403 &#8211; 594A\/592A<\/td>\n<td>SET415 &#8211; HM518445\/HM518410<\/td>\n<\/tr>\n<tr>\n<td>SET404 &#8211; 598A\/592A<\/td>\n<td>SET417 &#8211; 47890\/47820<\/td>\n<\/tr>\n<tr>\n<td>SET405 &#8211; 663\/653<\/td>\n<td>SET418 &#8211; H715334\/H715311<\/td>\n<\/tr>\n<tr>\n<td>SET406 &#8211; 3782\/3720<\/td>\n<td>SET419 &#8211; H715343\/H715311<\/td>\n<\/tr>\n<tr>\n<td>SET407 &#8211; 28682\/28622<\/td>\n<td>SET420 &#8211; H715345\/H715311<\/td>\n<\/tr>\n<tr>\n<td>SET408 &#8211; 39590\/39520<\/td>\n<td>SET421 &#8211; HM516449A\/HM516410<\/td>\n<\/tr>\n<tr>\n<td>SET409 &#8211; 45280\/45220<\/td>\n<td>SET422 &#8211; HM516449\/HM516410<\/td>\n<\/tr>\n<tr>\n<td>SET410 &#8211; 45284\/45220<\/td>\n<td>SET423 &#8211; 6461A\/6420<\/td>\n<\/tr>\n<tr>\n<td>SET411 &#8211; 47686\/47620<\/td>\n<td>SET424 &#8211; 555S\/552A<\/td>\n<\/tr>\n<tr>\n<td>SET412 &#8211; HM212047\/HM212011<\/td>\n<td>SET425 &#8211; 567\/563<\/td>\n<\/tr>\n<tr>\n<td class=\"empty\"><\/td>\n<td>SET426 &#8211; 47679\/47620<\/td>\n<\/tr>\n<\/tbody>\n<\/table>","protected":false},"excerpt":{"rendered":"<p>Wir verstehen, dass die Industrie schweren \u0433\u0440\u0443\u0437\u043e\u0432\u043a\u0430 verlangt von Ihren lagern und liefern qualitativ hochwertigen Lager zu halten, die die Flotte kosteng\u00fcnstiger. BMI bietet eine vollst\u00e4ndige Palette von aufeinander abgestimmt internen und externen Vorderrad Anwendung lagern in einem Karton. Pa\u00dft f\u00fcr die meisten g\u00e4ngigen schweren LKW-Sechser Kegelrollenlagern. Timken &#8211; Cone \/ Cup Timken &#8211; Cone [&hellip;]<\/p>\n","protected":false},"author":2,"featured_media":389,"parent":393,"menu_order":0,"comment_status":"closed","ping_status":"closed","template":"","meta":{"_acf_changed":false,"_themeisle_gutenberg_block_has_review":false,"footnotes":""},"tags":[],"class_list":["post-391","page","type-page","status-publish","has-post-thumbnail","hentry"],"acf":[],"yoast_head":"<!-- This site is optimized with the Yoast SEO plugin v27.3 - https:\/\/yoast.com\/product\/yoast-seo-wordpress\/ -->\n<title>Achsen schweren LKW-4 R\u00e4der Bearing Manufacturing India<\/title>\n<meta name=\"robots\" content=\"index, follow, max-snippet:-1, max-image-preview:large, max-video-preview:-1\" \/>\n<link rel=\"canonical\" href=\"https:\/\/bmibearings.com\/industries\/heavy-duty-truck-axles-4-wheels\/\" \/>\n<meta property=\"og:locale\" content=\"de_DE\" \/>\n<meta property=\"og:type\" content=\"article\" \/>\n<meta property=\"og:title\" content=\"Achsen schweren LKW-4 R\u00e4der Bearing Manufacturing India\" \/>\n<meta property=\"og:description\" content=\"Wir verstehen, dass die Industrie schweren \u0433\u0440\u0443\u0437\u043e\u0432\u043a\u0430 verlangt von Ihren lagern und liefern qualitativ hochwertigen Lager zu halten, die die Flotte kosteng\u00fcnstiger. BMI bietet eine vollst\u00e4ndige Palette von aufeinander abgestimmt internen und externen Vorderrad Anwendung lagern in einem Karton. Pa\u00dft f\u00fcr die meisten g\u00e4ngigen schweren LKW-Sechser Kegelrollenlagern. Timken &#8211; Cone \/ Cup Timken &#8211; Cone [&hellip;]\" \/>\n<meta property=\"og:url\" content=\"https:\/\/bmibearings.com\/industries\/heavy-duty-truck-axles-4-wheels\/\" \/>\n<meta property=\"og:site_name\" content=\"Bearing Manufacturing India\" \/>\n<meta property=\"article:modified_time\" content=\"2026-04-30T13:13:41+00:00\" \/>\n<meta property=\"og:image\" content=\"http:\/\/bmibearings.com\/wp-content\/uploads\/2014\/04\/hdr-heavydutytruck1.jpg\" \/>\n\t<meta property=\"og:image:width\" content=\"1000\" \/>\n\t<meta property=\"og:image:height\" content=\"290\" \/>\n\t<meta property=\"og:image:type\" content=\"image\/jpeg\" \/>\n<meta name=\"twitter:card\" content=\"summary_large_image\" \/>\n<meta name=\"twitter:label1\" content=\"Gesch\u00e4tzte Lesezeit\" \/>\n\t<meta name=\"twitter:data1\" content=\"3\u00a0Minuten\" \/>\n<script type=\"application\/ld+json\" class=\"yoast-schema-graph\">{\"@context\":\"https:\\\/\\\/schema.org\",\"@graph\":[{\"@type\":\"WebPage\",\"@id\":\"https:\\\/\\\/bmibearings.com\\\/industries\\\/heavy-duty-truck-axles-4-wheels\\\/\",\"url\":\"https:\\\/\\\/bmibearings.com\\\/industries\\\/heavy-duty-truck-axles-4-wheels\\\/\",\"name\":\"Achsen schweren LKW-4 R\u00e4der Bearing Manufacturing India\",\"isPartOf\":{\"@id\":\"https:\\\/\\\/bmibearings.com\\\/ru\\\/#website\"},\"primaryImageOfPage\":{\"@id\":\"https:\\\/\\\/bmibearings.com\\\/industries\\\/heavy-duty-truck-axles-4-wheels\\\/#primaryimage\"},\"image\":{\"@id\":\"https:\\\/\\\/bmibearings.com\\\/industries\\\/heavy-duty-truck-axles-4-wheels\\\/#primaryimage\"},\"thumbnailUrl\":\"https:\\\/\\\/bmibearings.com\\\/wp-content\\\/uploads\\\/2014\\\/04\\\/hdr-heavydutytruck1.jpg\",\"datePublished\":\"2014-04-03T17:34:38+00:00\",\"dateModified\":\"2026-04-30T13:13:41+00:00\",\"breadcrumb\":{\"@id\":\"https:\\\/\\\/bmibearings.com\\\/industries\\\/heavy-duty-truck-axles-4-wheels\\\/#breadcrumb\"},\"inLanguage\":\"de\",\"potentialAction\":[{\"@type\":\"ReadAction\",\"target\":[\"https:\\\/\\\/bmibearings.com\\\/industries\\\/heavy-duty-truck-axles-4-wheels\\\/\"]}]},{\"@type\":\"ImageObject\",\"inLanguage\":\"de\",\"@id\":\"https:\\\/\\\/bmibearings.com\\\/industries\\\/heavy-duty-truck-axles-4-wheels\\\/#primaryimage\",\"url\":\"https:\\\/\\\/bmibearings.com\\\/wp-content\\\/uploads\\\/2014\\\/04\\\/hdr-heavydutytruck1.jpg\",\"contentUrl\":\"https:\\\/\\\/bmibearings.com\\\/wp-content\\\/uploads\\\/2014\\\/04\\\/hdr-heavydutytruck1.jpg\",\"width\":1000,\"height\":290},{\"@type\":\"BreadcrumbList\",\"@id\":\"https:\\\/\\\/bmibearings.com\\\/industries\\\/heavy-duty-truck-axles-4-wheels\\\/#breadcrumb\",\"itemListElement\":[{\"@type\":\"ListItem\",\"position\":1,\"name\":\"Home\",\"item\":\"https:\\\/\\\/bmibearings.com\\\/\"},{\"@type\":\"ListItem\",\"position\":2,\"name\":\"[:de]Branchen[:en]Industries[:fr]Industries[:es]Industrias[:it]Industrie[:ru]\u041e\u0442\u0440\u0430\u0441\u043b\u0438'[:]\",\"item\":\"https:\\\/\\\/bmibearings.com\\\/industries\\\/\"},{\"@type\":\"ListItem\",\"position\":3,\"name\":\"[:de]Achsen schweren LKW-4 R\u00e4der[:en]Heavy Duty Trucks[:fr]Essieux pour camion lourds roues[:es]Heavy Duty Truck Ejes 4 Ruedas[:it]Heavy Duty Truck Assali 4 Ruote[:ru]\u041e\u0441\u0438 \u0442\u044f\u0436\u0435\u043b\u044b\u0445 \u0413\u0440\u0443\u0437\u043e\u0432\u0438\u043a\u043e\u0432 4 \u041a\u043e\u043b\u0435\u0441\u0430[:]\"}]},{\"@type\":\"WebSite\",\"@id\":\"https:\\\/\\\/bmibearings.com\\\/ru\\\/#website\",\"url\":\"https:\\\/\\\/bmibearings.com\\\/ru\\\/\",\"name\":\"Bearing Manufacturing India\",\"description\":\"\",\"publisher\":{\"@id\":\"https:\\\/\\\/bmibearings.com\\\/ru\\\/#organization\"},\"potentialAction\":[{\"@type\":\"SearchAction\",\"target\":{\"@type\":\"EntryPoint\",\"urlTemplate\":\"https:\\\/\\\/bmibearings.com\\\/ru\\\/?s={search_term_string}\"},\"query-input\":{\"@type\":\"PropertyValueSpecification\",\"valueRequired\":true,\"valueName\":\"search_term_string\"}}],\"inLanguage\":\"de\"},{\"@type\":\"Organization\",\"@id\":\"https:\\\/\\\/bmibearings.com\\\/ru\\\/#organization\",\"name\":\"Bearing Manufacturing India\",\"url\":\"https:\\\/\\\/bmibearings.com\\\/ru\\\/\",\"logo\":{\"@type\":\"ImageObject\",\"inLanguage\":\"de\",\"@id\":\"https:\\\/\\\/bmibearings.com\\\/ru\\\/#\\\/schema\\\/logo\\\/image\\\/\",\"url\":\"https:\\\/\\\/bmibearings.com\\\/wp-content\\\/uploads\\\/2014\\\/03\\\/logo211.png\",\"contentUrl\":\"https:\\\/\\\/bmibearings.com\\\/wp-content\\\/uploads\\\/2014\\\/03\\\/logo211.png\",\"width\":541,\"height\":72,\"caption\":\"Bearing Manufacturing India\"},\"image\":{\"@id\":\"https:\\\/\\\/bmibearings.com\\\/ru\\\/#\\\/schema\\\/logo\\\/image\\\/\"}}]}<\/script>\n<!-- \/ Yoast SEO plugin. -->","yoast_head_json":{"title":"Achsen schweren LKW-4 R\u00e4der Bearing Manufacturing India","robots":{"index":"index","follow":"follow","max-snippet":"max-snippet:-1","max-image-preview":"max-image-preview:large","max-video-preview":"max-video-preview:-1"},"canonical":"https:\/\/bmibearings.com\/industries\/heavy-duty-truck-axles-4-wheels\/","og_locale":"de_DE","og_type":"article","og_title":"Achsen schweren LKW-4 R\u00e4der Bearing Manufacturing India","og_description":"Wir verstehen, dass die Industrie schweren \u0433\u0440\u0443\u0437\u043e\u0432\u043a\u0430 verlangt von Ihren lagern und liefern qualitativ hochwertigen Lager zu halten, die die Flotte kosteng\u00fcnstiger. BMI bietet eine vollst\u00e4ndige Palette von aufeinander abgestimmt internen und externen Vorderrad Anwendung lagern in einem Karton. Pa\u00dft f\u00fcr die meisten g\u00e4ngigen schweren LKW-Sechser Kegelrollenlagern. Timken &#8211; Cone \/ Cup Timken &#8211; Cone [&hellip;]","og_url":"https:\/\/bmibearings.com\/industries\/heavy-duty-truck-axles-4-wheels\/","og_site_name":"Bearing Manufacturing India","article_modified_time":"2026-04-30T13:13:41+00:00","og_image":[{"width":1000,"height":290,"url":"http:\/\/bmibearings.com\/wp-content\/uploads\/2014\/04\/hdr-heavydutytruck1.jpg","type":"image\/jpeg"}],"twitter_card":"summary_large_image","twitter_misc":{"Gesch\u00e4tzte Lesezeit":"3\u00a0Minuten"},"schema":{"@context":"https:\/\/schema.org","@graph":[{"@type":"WebPage","@id":"https:\/\/bmibearings.com\/industries\/heavy-duty-truck-axles-4-wheels\/","url":"https:\/\/bmibearings.com\/industries\/heavy-duty-truck-axles-4-wheels\/","name":"Achsen schweren LKW-4 R\u00e4der Bearing Manufacturing India","isPartOf":{"@id":"https:\/\/bmibearings.com\/ru\/#website"},"primaryImageOfPage":{"@id":"https:\/\/bmibearings.com\/industries\/heavy-duty-truck-axles-4-wheels\/#primaryimage"},"image":{"@id":"https:\/\/bmibearings.com\/industries\/heavy-duty-truck-axles-4-wheels\/#primaryimage"},"thumbnailUrl":"https:\/\/bmibearings.com\/wp-content\/uploads\/2014\/04\/hdr-heavydutytruck1.jpg","datePublished":"2014-04-03T17:34:38+00:00","dateModified":"2026-04-30T13:13:41+00:00","breadcrumb":{"@id":"https:\/\/bmibearings.com\/industries\/heavy-duty-truck-axles-4-wheels\/#breadcrumb"},"inLanguage":"de","potentialAction":[{"@type":"ReadAction","target":["https:\/\/bmibearings.com\/industries\/heavy-duty-truck-axles-4-wheels\/"]}]},{"@type":"ImageObject","inLanguage":"de","@id":"https:\/\/bmibearings.com\/industries\/heavy-duty-truck-axles-4-wheels\/#primaryimage","url":"https:\/\/bmibearings.com\/wp-content\/uploads\/2014\/04\/hdr-heavydutytruck1.jpg","contentUrl":"https:\/\/bmibearings.com\/wp-content\/uploads\/2014\/04\/hdr-heavydutytruck1.jpg","width":1000,"height":290},{"@type":"BreadcrumbList","@id":"https:\/\/bmibearings.com\/industries\/heavy-duty-truck-axles-4-wheels\/#breadcrumb","itemListElement":[{"@type":"ListItem","position":1,"name":"Home","item":"https:\/\/bmibearings.com\/"},{"@type":"ListItem","position":2,"name":"[:de]Branchen[:en]Industries[:fr]Industries[:es]Industrias[:it]Industrie[:ru]\u041e\u0442\u0440\u0430\u0441\u043b\u0438'[:]","item":"https:\/\/bmibearings.com\/industries\/"},{"@type":"ListItem","position":3,"name":"[:de]Achsen schweren LKW-4 R\u00e4der[:en]Heavy Duty Trucks[:fr]Essieux pour camion lourds roues[:es]Heavy Duty Truck Ejes 4 Ruedas[:it]Heavy Duty Truck Assali 4 Ruote[:ru]\u041e\u0441\u0438 \u0442\u044f\u0436\u0435\u043b\u044b\u0445 \u0413\u0440\u0443\u0437\u043e\u0432\u0438\u043a\u043e\u0432 4 \u041a\u043e\u043b\u0435\u0441\u0430[:]"}]},{"@type":"WebSite","@id":"https:\/\/bmibearings.com\/ru\/#website","url":"https:\/\/bmibearings.com\/ru\/","name":"Bearing Manufacturing India","description":"","publisher":{"@id":"https:\/\/bmibearings.com\/ru\/#organization"},"potentialAction":[{"@type":"SearchAction","target":{"@type":"EntryPoint","urlTemplate":"https:\/\/bmibearings.com\/ru\/?s={search_term_string}"},"query-input":{"@type":"PropertyValueSpecification","valueRequired":true,"valueName":"search_term_string"}}],"inLanguage":"de"},{"@type":"Organization","@id":"https:\/\/bmibearings.com\/ru\/#organization","name":"Bearing Manufacturing India","url":"https:\/\/bmibearings.com\/ru\/","logo":{"@type":"ImageObject","inLanguage":"de","@id":"https:\/\/bmibearings.com\/ru\/#\/schema\/logo\/image\/","url":"https:\/\/bmibearings.com\/wp-content\/uploads\/2014\/03\/logo211.png","contentUrl":"https:\/\/bmibearings.com\/wp-content\/uploads\/2014\/03\/logo211.png","width":541,"height":72,"caption":"Bearing Manufacturing India"},"image":{"@id":"https:\/\/bmibearings.com\/ru\/#\/schema\/logo\/image\/"}}]}},"_links":{"self":[{"href":"https:\/\/bmibearings.com\/de\/wp-json\/wp\/v2\/pages\/391","targetHints":{"allow":["GET"]}}],"collection":[{"href":"https:\/\/bmibearings.com\/de\/wp-json\/wp\/v2\/pages"}],"about":[{"href":"https:\/\/bmibearings.com\/de\/wp-json\/wp\/v2\/types\/page"}],"author":[{"embeddable":true,"href":"https:\/\/bmibearings.com\/de\/wp-json\/wp\/v2\/users\/2"}],"replies":[{"embeddable":true,"href":"https:\/\/bmibearings.com\/de\/wp-json\/wp\/v2\/comments?post=391"}],"version-history":[{"count":1,"href":"https:\/\/bmibearings.com\/de\/wp-json\/wp\/v2\/pages\/391\/revisions"}],"predecessor-version":[{"id":5732,"href":"https:\/\/bmibearings.com\/de\/wp-json\/wp\/v2\/pages\/391\/revisions\/5732"}],"up":[{"embeddable":true,"href":"https:\/\/bmibearings.com\/de\/wp-json\/wp\/v2\/pages\/393"}],"wp:featuredmedia":[{"embeddable":true,"href":"https:\/\/bmibearings.com\/de\/wp-json\/wp\/v2\/media\/389"}],"wp:attachment":[{"href":"https:\/\/bmibearings.com\/de\/wp-json\/wp\/v2\/media?parent=391"}],"wp:term":[{"taxonomy":"post_tag","embeddable":true,"href":"https:\/\/bmibearings.com\/de\/wp-json\/wp\/v2\/tags?post=391"}],"curies":[{"name":"wp","href":"https:\/\/api.w.org\/{rel}","templated":true}]}}