{"id":185,"date":"2014-03-31T08:26:27","date_gmt":"2014-03-31T08:26:27","guid":{"rendered":"http:\/\/bmibearings.com\/?page_id=185"},"modified":"2024-09-04T08:25:16","modified_gmt":"2024-09-04T08:25:16","slug":"about-us","status":"publish","type":"page","link":"https:\/\/bmibearings.com\/de\/about-us\/","title":{"rendered":"\u00dcber Uns"},"content":{"rendered":"Bearing ManufacturingI ndia ist ein Unternehmen zertifiziert nach ISO 9001 , spezialisiert auf verschiedenen Segmenten Produkte an Kunden in mehr als 45 L\u00e4ndern der Welt vertreten, in den 2 Kontinenten (USA und Europa). Wir produzieren mehr als 720 Standard-und Sondergr\u00f6\u00dfen f\u00fcr unsere Kunden.<br \/>\nWir haben die Einheit, best\u00e4tigte die Zertifikate ISO 9001 und bewegen sich in Richtung TS 16949. Die kontinuierliche Verbesserung ist der Weg Fortschritt f\u00fcr uns.<br \/>\nUnser technisches Team angef\u00fchrt von Herrn \u0414\u0435\u0431\u0430\u0448\u0438\u0441 Chatterjee, W\u00e4lzlagerindustrie Veteran, die uns geholfen haben, entwickeln Sie eine Vielzahl von speziellen lagern, basierend auf Anforderungen der Kunden.<\/p>\n<h4>Meilensteine Des Unternehmens<\/h4>\n<p><strong>1974 :<\/strong> er begann, wie die \u00fcbersch\u00fcsse der Lager ein Haus in Indien.<br \/>\n<strong>1982 :<\/strong> zerlegen in der Verteilung der Lager in ganz Indien.<br \/>\n<strong>1990 :<\/strong> Beginn der direkte Import aus Rum\u00e4nien, der Tschechischen Republik, Polen und Russland.<br \/>\n<strong>1998 :<\/strong> begann die Herstellung von Ger\u00e4ten f\u00fcr die speziellen lagern im Bundesstaat Gujarat, Indien.<br \/>\n<strong>2000 :<\/strong> werden die ersten Exporte in den USA und Europa.<br \/>\n<strong>2010 :<\/strong> erweiterte gr\u00f6\u00dfere Produktion von bis zu 300 000 Euro im Monat.<br \/>\n<strong>2017:<\/strong> Export in mehr als 20 L\u00e4nder weltweit.<br \/>\n<strong>2022:<\/strong> Gr\u00fcndung eines lokalen Unternehmens unter dem Namen BMI Bearings USA Inc. zur Unterst\u00fctzung des Vertriebs auf dem nordamerikanischen Markt.","protected":false},"excerpt":{"rendered":"<p>Bearing ManufacturingI ndia ist ein Unternehmen zertifiziert nach ISO 9001 , spezialisiert auf verschiedenen Segmenten Produkte an Kunden in mehr als 45 L\u00e4ndern der Welt vertreten, in den 2 Kontinenten (USA und Europa). Wir produzieren mehr als 720 Standard-und Sondergr\u00f6\u00dfen f\u00fcr unsere Kunden. Wir haben die Einheit, best\u00e4tigte die Zertifikate ISO 9001 und bewegen sich [&hellip;]<\/p>\n","protected":false},"author":2,"featured_media":409,"parent":0,"menu_order":0,"comment_status":"closed","ping_status":"closed","template":"","meta":{"_acf_changed":false,"_themeisle_gutenberg_block_has_review":false,"footnotes":""},"tags":[],"class_list":["post-185","page","type-page","status-publish","has-post-thumbnail","hentry"],"acf":[],"yoast_head":"<!-- This site is optimized with the Yoast SEO plugin v27.3 - https:\/\/yoast.com\/product\/yoast-seo-wordpress\/ -->\n<title>\u00dcber Uns Bearing Manufacturing India<\/title>\n<meta name=\"description\" content=\"Bearing Manufacturing India is an ISO 9001 Certified with 2 manufacturing units focused on different product segments with customers in more than 45 countries and offices in 2 continents (USA &amp; Europe)\" \/>\n<meta name=\"robots\" content=\"index, follow, max-snippet:-1, max-image-preview:large, max-video-preview:-1\" \/>\n<link rel=\"canonical\" href=\"https:\/\/bmibearings.com\/it\/about-us\/\" \/>\n<meta property=\"og:locale\" content=\"de_DE\" \/>\n<meta property=\"og:type\" content=\"article\" \/>\n<meta property=\"og:title\" content=\"\u00dcber Uns Bearing Manufacturing India\" \/>\n<meta property=\"og:description\" content=\"Bearing Manufacturing India is an ISO 9001 Certified with 2 manufacturing units focused on different product segments with customers in more than 45 countries and offices in 2 continents (USA &amp; Europe)\" \/>\n<meta property=\"og:url\" content=\"https:\/\/bmibearings.com\/it\/about-us\/\" \/>\n<meta property=\"og:site_name\" content=\"Bearing Manufacturing India\" \/>\n<meta property=\"article:modified_time\" content=\"2024-09-04T08:25:16+00:00\" \/>\n<meta property=\"og:image\" content=\"https:\/\/bmibearings.com\/wp-content\/uploads\/2014\/04\/hdr-apps1.jpg\" \/>\n\t<meta property=\"og:image:width\" content=\"1000\" \/>\n\t<meta property=\"og:image:height\" content=\"290\" \/>\n\t<meta property=\"og:image:type\" content=\"image\/jpeg\" \/>\n<meta name=\"twitter:card\" content=\"summary_large_image\" \/>\n<meta name=\"twitter:label1\" content=\"Gesch\u00e4tzte Lesezeit\" \/>\n\t<meta name=\"twitter:data1\" content=\"5\u00a0Minuten\" \/>\n<script type=\"application\/ld+json\" class=\"yoast-schema-graph\">{\"@context\":\"https:\\\/\\\/schema.org\",\"@graph\":[{\"@type\":\"WebPage\",\"@id\":\"https:\\\/\\\/bmibearings.com\\\/it\\\/about-us\\\/\",\"url\":\"https:\\\/\\\/bmibearings.com\\\/it\\\/about-us\\\/\",\"name\":\"\u00dcber Uns Bearing Manufacturing India\",\"isPartOf\":{\"@id\":\"https:\\\/\\\/bmibearings.com\\\/ru\\\/#website\"},\"primaryImageOfPage\":{\"@id\":\"https:\\\/\\\/bmibearings.com\\\/it\\\/about-us\\\/#primaryimage\"},\"image\":{\"@id\":\"https:\\\/\\\/bmibearings.com\\\/it\\\/about-us\\\/#primaryimage\"},\"thumbnailUrl\":\"https:\\\/\\\/bmibearings.com\\\/wp-content\\\/uploads\\\/2014\\\/04\\\/hdr-apps1.jpg\",\"datePublished\":\"2014-03-31T08:26:27+00:00\",\"dateModified\":\"2024-09-04T08:25:16+00:00\",\"description\":\"Bearing Manufacturing India is an ISO 9001 Certified with 2 manufacturing units focused on different product segments with customers in more than 45 countries and offices in 2 continents (USA & Europe)\",\"breadcrumb\":{\"@id\":\"https:\\\/\\\/bmibearings.com\\\/it\\\/about-us\\\/#breadcrumb\"},\"inLanguage\":\"de\",\"potentialAction\":[{\"@type\":\"ReadAction\",\"target\":[\"https:\\\/\\\/bmibearings.com\\\/it\\\/about-us\\\/\"]}]},{\"@type\":\"ImageObject\",\"inLanguage\":\"de\",\"@id\":\"https:\\\/\\\/bmibearings.com\\\/it\\\/about-us\\\/#primaryimage\",\"url\":\"https:\\\/\\\/bmibearings.com\\\/wp-content\\\/uploads\\\/2014\\\/04\\\/hdr-apps1.jpg\",\"contentUrl\":\"https:\\\/\\\/bmibearings.com\\\/wp-content\\\/uploads\\\/2014\\\/04\\\/hdr-apps1.jpg\",\"width\":1000,\"height\":290},{\"@type\":\"BreadcrumbList\",\"@id\":\"https:\\\/\\\/bmibearings.com\\\/it\\\/about-us\\\/#breadcrumb\",\"itemListElement\":[{\"@type\":\"ListItem\",\"position\":1,\"name\":\"Home\",\"item\":\"https:\\\/\\\/bmibearings.com\\\/\"},{\"@type\":\"ListItem\",\"position\":2,\"name\":\"Chi siamo\"}]},{\"@type\":\"WebSite\",\"@id\":\"https:\\\/\\\/bmibearings.com\\\/ru\\\/#website\",\"url\":\"https:\\\/\\\/bmibearings.com\\\/ru\\\/\",\"name\":\"Bearing Manufacturing India\",\"description\":\"\",\"publisher\":{\"@id\":\"https:\\\/\\\/bmibearings.com\\\/ru\\\/#organization\"},\"potentialAction\":[{\"@type\":\"SearchAction\",\"target\":{\"@type\":\"EntryPoint\",\"urlTemplate\":\"https:\\\/\\\/bmibearings.com\\\/ru\\\/?s={search_term_string}\"},\"query-input\":{\"@type\":\"PropertyValueSpecification\",\"valueRequired\":true,\"valueName\":\"search_term_string\"}}],\"inLanguage\":\"de\"},{\"@type\":\"Organization\",\"@id\":\"https:\\\/\\\/bmibearings.com\\\/ru\\\/#organization\",\"name\":\"Bearing Manufacturing India\",\"url\":\"https:\\\/\\\/bmibearings.com\\\/ru\\\/\",\"logo\":{\"@type\":\"ImageObject\",\"inLanguage\":\"de\",\"@id\":\"https:\\\/\\\/bmibearings.com\\\/ru\\\/#\\\/schema\\\/logo\\\/image\\\/\",\"url\":\"https:\\\/\\\/bmibearings.com\\\/wp-content\\\/uploads\\\/2014\\\/03\\\/logo211.png\",\"contentUrl\":\"https:\\\/\\\/bmibearings.com\\\/wp-content\\\/uploads\\\/2014\\\/03\\\/logo211.png\",\"width\":541,\"height\":72,\"caption\":\"Bearing Manufacturing India\"},\"image\":{\"@id\":\"https:\\\/\\\/bmibearings.com\\\/ru\\\/#\\\/schema\\\/logo\\\/image\\\/\"}}]}<\/script>\n<!-- \/ Yoast SEO plugin. -->","yoast_head_json":{"title":"\u00dcber Uns Bearing Manufacturing India","description":"Bearing Manufacturing India is an ISO 9001 Certified with 2 manufacturing units focused on different product segments with customers in more than 45 countries and offices in 2 continents (USA & Europe)","robots":{"index":"index","follow":"follow","max-snippet":"max-snippet:-1","max-image-preview":"max-image-preview:large","max-video-preview":"max-video-preview:-1"},"canonical":"https:\/\/bmibearings.com\/it\/about-us\/","og_locale":"de_DE","og_type":"article","og_title":"\u00dcber Uns Bearing Manufacturing India","og_description":"Bearing Manufacturing India is an ISO 9001 Certified with 2 manufacturing units focused on different product segments with customers in more than 45 countries and offices in 2 continents (USA & Europe)","og_url":"https:\/\/bmibearings.com\/it\/about-us\/","og_site_name":"Bearing Manufacturing India","article_modified_time":"2024-09-04T08:25:16+00:00","og_image":[{"width":1000,"height":290,"url":"https:\/\/bmibearings.com\/wp-content\/uploads\/2014\/04\/hdr-apps1.jpg","type":"image\/jpeg"}],"twitter_card":"summary_large_image","twitter_misc":{"Gesch\u00e4tzte Lesezeit":"5\u00a0Minuten"},"schema":{"@context":"https:\/\/schema.org","@graph":[{"@type":"WebPage","@id":"https:\/\/bmibearings.com\/it\/about-us\/","url":"https:\/\/bmibearings.com\/it\/about-us\/","name":"\u00dcber Uns Bearing Manufacturing India","isPartOf":{"@id":"https:\/\/bmibearings.com\/ru\/#website"},"primaryImageOfPage":{"@id":"https:\/\/bmibearings.com\/it\/about-us\/#primaryimage"},"image":{"@id":"https:\/\/bmibearings.com\/it\/about-us\/#primaryimage"},"thumbnailUrl":"https:\/\/bmibearings.com\/wp-content\/uploads\/2014\/04\/hdr-apps1.jpg","datePublished":"2014-03-31T08:26:27+00:00","dateModified":"2024-09-04T08:25:16+00:00","description":"Bearing Manufacturing India is an ISO 9001 Certified with 2 manufacturing units focused on different product segments with customers in more than 45 countries and offices in 2 continents (USA & Europe)","breadcrumb":{"@id":"https:\/\/bmibearings.com\/it\/about-us\/#breadcrumb"},"inLanguage":"de","potentialAction":[{"@type":"ReadAction","target":["https:\/\/bmibearings.com\/it\/about-us\/"]}]},{"@type":"ImageObject","inLanguage":"de","@id":"https:\/\/bmibearings.com\/it\/about-us\/#primaryimage","url":"https:\/\/bmibearings.com\/wp-content\/uploads\/2014\/04\/hdr-apps1.jpg","contentUrl":"https:\/\/bmibearings.com\/wp-content\/uploads\/2014\/04\/hdr-apps1.jpg","width":1000,"height":290},{"@type":"BreadcrumbList","@id":"https:\/\/bmibearings.com\/it\/about-us\/#breadcrumb","itemListElement":[{"@type":"ListItem","position":1,"name":"Home","item":"https:\/\/bmibearings.com\/"},{"@type":"ListItem","position":2,"name":"Chi siamo"}]},{"@type":"WebSite","@id":"https:\/\/bmibearings.com\/ru\/#website","url":"https:\/\/bmibearings.com\/ru\/","name":"Bearing Manufacturing India","description":"","publisher":{"@id":"https:\/\/bmibearings.com\/ru\/#organization"},"potentialAction":[{"@type":"SearchAction","target":{"@type":"EntryPoint","urlTemplate":"https:\/\/bmibearings.com\/ru\/?s={search_term_string}"},"query-input":{"@type":"PropertyValueSpecification","valueRequired":true,"valueName":"search_term_string"}}],"inLanguage":"de"},{"@type":"Organization","@id":"https:\/\/bmibearings.com\/ru\/#organization","name":"Bearing Manufacturing India","url":"https:\/\/bmibearings.com\/ru\/","logo":{"@type":"ImageObject","inLanguage":"de","@id":"https:\/\/bmibearings.com\/ru\/#\/schema\/logo\/image\/","url":"https:\/\/bmibearings.com\/wp-content\/uploads\/2014\/03\/logo211.png","contentUrl":"https:\/\/bmibearings.com\/wp-content\/uploads\/2014\/03\/logo211.png","width":541,"height":72,"caption":"Bearing Manufacturing India"},"image":{"@id":"https:\/\/bmibearings.com\/ru\/#\/schema\/logo\/image\/"}}]}},"_links":{"self":[{"href":"https:\/\/bmibearings.com\/de\/wp-json\/wp\/v2\/pages\/185","targetHints":{"allow":["GET"]}}],"collection":[{"href":"https:\/\/bmibearings.com\/de\/wp-json\/wp\/v2\/pages"}],"about":[{"href":"https:\/\/bmibearings.com\/de\/wp-json\/wp\/v2\/types\/page"}],"author":[{"embeddable":true,"href":"https:\/\/bmibearings.com\/de\/wp-json\/wp\/v2\/users\/2"}],"replies":[{"embeddable":true,"href":"https:\/\/bmibearings.com\/de\/wp-json\/wp\/v2\/comments?post=185"}],"version-history":[{"count":2,"href":"https:\/\/bmibearings.com\/de\/wp-json\/wp\/v2\/pages\/185\/revisions"}],"predecessor-version":[{"id":5246,"href":"https:\/\/bmibearings.com\/de\/wp-json\/wp\/v2\/pages\/185\/revisions\/5246"}],"wp:featuredmedia":[{"embeddable":true,"href":"https:\/\/bmibearings.com\/de\/wp-json\/wp\/v2\/media\/409"}],"wp:attachment":[{"href":"https:\/\/bmibearings.com\/de\/wp-json\/wp\/v2\/media?parent=185"}],"wp:term":[{"taxonomy":"post_tag","embeddable":true,"href":"https:\/\/bmibearings.com\/de\/wp-json\/wp\/v2\/tags?post=185"}],"curies":[{"name":"wp","href":"https:\/\/api.w.org\/{rel}","templated":true}]}}