{"id":153,"date":"2014-03-29T10:09:14","date_gmt":"2014-03-29T10:09:14","guid":{"rendered":"http:\/\/bmibearings.com\/products\/single-row-full-complement-cylindrical-roller-bearings\/"},"modified":"2026-04-11T14:07:54","modified_gmt":"2026-04-11T14:07:54","slug":"single-row-full-complement-cylindrical-roller-bearings","status":"publish","type":"page","link":"https:\/\/bmibearings.com\/de\/products\/roller-bearings\/single-row-full-complement-cylindrical-roller-bearings\/","title":{"rendered":"Einreihige Vollrollige Zylinderrollenlager"},"content":{"rendered":"<div class=\"su-column su-column-size-1-3\"><div class=\"su-column-inner su-u-clearfix su-u-trim\">\n<h4>Standard-Lager<\/h4>\n<ul style=\"margin: 0 0 0 -20px; padding: 0; font-size: 90%;\">\n<li><a href=\"#small-medium\">Kleine und Mittlere Bohrung<\/a><\/li>\n<\/ul>\n<\/div><\/div>\n<div class=\"su-column su-column-size-1-3\"><div class=\"su-column-inner su-u-clearfix su-u-trim\">\n<h4>Nicht-Standard-Lager<\/h4>\n<ul style=\"margin: 0 0 0 -20px; padding: 0; font-size: 90%;\">\n<li><a href=\"#large-bore\">Gro\u00dfe Bohrung<\/a><\/li>\n<li><a href=\"#inch series\">Zylinderrollenlager mit disc K\u00e4fig oder spacer <\/a><\/li>\n<li>ZSL 192305 &#8211; ZSL 192324<\/li>\n<li>ZSL 192305 &#8211; ZSL 192324<\/li>\n<\/ul>\n<\/div><\/div>\n<div class=\"su-column su-column-size-1-3\"><div class=\"su-column-inner su-u-clearfix su-u-trim\">\n<h4>Produkt Akzente<\/h4>\n<ul style=\"margin: 0 0 0 -20px; padding: 0; font-size: 90%;\">\n<li>Gekr\u00f6nt Laufbahnen f\u00fcr besseres Leben<\/li>\n<li>Geh\u00f6rnte (Super-fertig) Laufbahnen<\/li>\n<li>Gro\u00dfe Auswahl<\/li>\n<li>Ma\u00dfgeschneiderte L\u00f6sungen f\u00fcr spezielle Anwendung<\/li>\n<\/ul>\n<\/div><\/div>\n<a name=\"small-medium\"><\/a><br \/>\n<div class=\"su-divider su-divider-style-default\" style=\"margin:15px 0;border-width:3px;border-color:#999999\"><\/div>\n<h2>Kleine und Mittlere Bohrung<\/h2>\n<table border=\"0\" cellpadding=\"0\" align=\"left\">\n<tbody>\n<tr>\n<td>SL 181840 &#8211; SL 181880<\/td>\n<td>SL 183004 &#8211; SL 183040<\/td>\n<\/tr>\n<tr>\n<td>SL 182204 &#8211; SL 182240<\/td>\n<td>SL 192305 &#8211; SL 192340<\/td>\n<\/tr>\n<tr>\n<td>SL 182912 &#8211; SL 182960<\/td>\n<td class=\"empty\"><\/td>\n<\/tr>\n<\/tbody>\n<\/table>\n<p><a name=\"large-bore\"><\/a><br \/>\n<div class=\"su-divider su-divider-style-default\" style=\"margin:15px 0;border-width:3px;border-color:#999999\"><a href=\"#\" style=\"color:#999999\">Nach oben<\/a><\/div>\n<h2>Gro\u00dfe Bohrung<\/h2>\n<table border=\"0\" cellpadding=\"0\" align=\"left\">\n<tbody>\n<tr>\n<td>SL 181884 &#8211; SL 1818\/500<\/td>\n<td>SL 183044 &#8211; SL 183080<\/td>\n<\/tr>\n<tr>\n<td>SL 182964 &#8211; SL 1829\/500<\/td>\n<td>SL 192344 &#8211; SL 192352<\/td>\n<\/tr>\n<\/tbody>\n<\/table>\n<p>Erh\u00e4ltlich in 2RS auch<br \/>\n<a name=\"inch series\"><\/a><br \/>\n<div class=\"su-divider su-divider-style-default\" style=\"margin:15px 0;border-width:3px;border-color:#999999\"><a href=\"#\" style=\"color:#999999\">Nach oben<\/a><\/div>\n<h2>Zylinderrollenlager mit disc K\u00e4fig oder spacer<\/h2>\n<table border=\"0\" cellpadding=\"0\" align=\"left\">\n<tbody>\n<tr>\n<td>ZSL 192305 &#8211; ZSL 192324<\/td>\n<td>ZSL 192305 &#8211; ZSL 192324<\/td>\n<\/tr>\n<\/tbody>\n<\/table>\n<p><strong>Dichtungen:<\/strong> Viton","protected":false},"excerpt":{"rendered":"<p>Kleine und Mittlere Bohrung SL 181840 &#8211; SL 181880 SL 183004 &#8211; SL 183040 SL 182204 &#8211; SL 182240 SL 192305 &#8211; SL 192340 SL 182912 &#8211; SL 182960 Gro\u00dfe Bohrung SL 181884 &#8211; SL 1818\/500 SL 183044 &#8211; SL 183080 SL 182964 &#8211; SL 1829\/500 SL 192344 &#8211; SL 192352 Erh\u00e4ltlich in 2RS auch [&hellip;]<\/p>\n","protected":false},"author":2,"featured_media":503,"parent":5554,"menu_order":0,"comment_status":"closed","ping_status":"closed","template":"","meta":{"_acf_changed":false,"_themeisle_gutenberg_block_has_review":false,"footnotes":""},"tags":[],"class_list":["post-153","page","type-page","status-publish","has-post-thumbnail","hentry"],"acf":{"hero_image":null,"hero_title":"","hero_description":"","cta_primary_text":"Get a Quote","cta_primary_link":null,"cta_secondary_text":"View Products","cta_secondary_link":null,"intro_content":"","features":null,"description":"","applications":"","stock_list":null,"related_applications":null},"yoast_head":"<!-- This site is optimized with the Yoast SEO plugin v27.3 - https:\/\/yoast.com\/product\/yoast-seo-wordpress\/ -->\n<title>Einreihige Vollrollige Zylinderrollenlager Bearing Manufacturing India<\/title>\n<meta name=\"description\" content=\"Single row full complement cylindrical roller bearings have solid outer and inner rings together with rib-guided cylindrical rollers. Since these bearings have the largest possible number of rolling elements, they have extremely high radial load carrying capacity, high rigidity and are suitable for particularly compact design\" \/>\n<meta name=\"robots\" content=\"index, follow, max-snippet:-1, max-image-preview:large, max-video-preview:-1\" \/>\n<link rel=\"canonical\" href=\"https:\/\/bmibearings.com\/products\/roller-bearings\/single-row-full-complement-cylindrical-roller-bearings\/\" \/>\n<meta property=\"og:locale\" content=\"de_DE\" \/>\n<meta property=\"og:type\" content=\"article\" \/>\n<meta property=\"og:title\" content=\"Einreihige Vollrollige Zylinderrollenlager Bearing Manufacturing India\" \/>\n<meta property=\"og:description\" content=\"Single row full complement cylindrical roller bearings have solid outer and inner rings together with rib-guided cylindrical rollers. Since these bearings have the largest possible number of rolling elements, they have extremely high radial load carrying capacity, high rigidity and are suitable for particularly compact design\" \/>\n<meta property=\"og:url\" content=\"https:\/\/bmibearings.com\/products\/roller-bearings\/single-row-full-complement-cylindrical-roller-bearings\/\" \/>\n<meta property=\"og:site_name\" content=\"Bearing Manufacturing India\" \/>\n<meta property=\"article:modified_time\" content=\"2026-04-11T14:07:54+00:00\" \/>\n<meta property=\"og:image\" content=\"http:\/\/bmibearings.com\/wp-content\/uploads\/2014\/03\/hdr-sglrow-fullcomp-cylindrical1.jpg\" \/>\n\t<meta property=\"og:image:width\" content=\"1000\" \/>\n\t<meta property=\"og:image:height\" content=\"290\" \/>\n\t<meta property=\"og:image:type\" content=\"image\/jpeg\" \/>\n<meta name=\"twitter:card\" content=\"summary_large_image\" \/>\n<meta name=\"twitter:label1\" content=\"Gesch\u00e4tzte Lesezeit\" \/>\n\t<meta name=\"twitter:data1\" content=\"4\u00a0Minuten\" \/>\n<script type=\"application\/ld+json\" class=\"yoast-schema-graph\">{\"@context\":\"https:\\\/\\\/schema.org\",\"@graph\":[{\"@type\":\"WebPage\",\"@id\":\"https:\\\/\\\/bmibearings.com\\\/products\\\/roller-bearings\\\/single-row-full-complement-cylindrical-roller-bearings\\\/\",\"url\":\"https:\\\/\\\/bmibearings.com\\\/products\\\/roller-bearings\\\/single-row-full-complement-cylindrical-roller-bearings\\\/\",\"name\":\"Einreihige Vollrollige Zylinderrollenlager Bearing Manufacturing India\",\"isPartOf\":{\"@id\":\"https:\\\/\\\/bmibearings.com\\\/ru\\\/#website\"},\"primaryImageOfPage\":{\"@id\":\"https:\\\/\\\/bmibearings.com\\\/products\\\/roller-bearings\\\/single-row-full-complement-cylindrical-roller-bearings\\\/#primaryimage\"},\"image\":{\"@id\":\"https:\\\/\\\/bmibearings.com\\\/products\\\/roller-bearings\\\/single-row-full-complement-cylindrical-roller-bearings\\\/#primaryimage\"},\"thumbnailUrl\":\"https:\\\/\\\/bmibearings.com\\\/wp-content\\\/uploads\\\/2014\\\/03\\\/hdr-sglrow-fullcomp-cylindrical1.jpg\",\"datePublished\":\"2014-03-29T10:09:14+00:00\",\"dateModified\":\"2026-04-11T14:07:54+00:00\",\"description\":\"Single row full complement cylindrical roller bearings have solid outer and inner rings together with rib-guided cylindrical rollers. Since these bearings have the largest possible number of rolling elements, they have extremely high radial load carrying capacity, high rigidity and are suitable for particularly compact design\",\"breadcrumb\":{\"@id\":\"https:\\\/\\\/bmibearings.com\\\/products\\\/roller-bearings\\\/single-row-full-complement-cylindrical-roller-bearings\\\/#breadcrumb\"},\"inLanguage\":\"de\",\"potentialAction\":[{\"@type\":\"ReadAction\",\"target\":[\"https:\\\/\\\/bmibearings.com\\\/products\\\/roller-bearings\\\/single-row-full-complement-cylindrical-roller-bearings\\\/\"]}]},{\"@type\":\"ImageObject\",\"inLanguage\":\"de\",\"@id\":\"https:\\\/\\\/bmibearings.com\\\/products\\\/roller-bearings\\\/single-row-full-complement-cylindrical-roller-bearings\\\/#primaryimage\",\"url\":\"https:\\\/\\\/bmibearings.com\\\/wp-content\\\/uploads\\\/2014\\\/03\\\/hdr-sglrow-fullcomp-cylindrical1.jpg\",\"contentUrl\":\"https:\\\/\\\/bmibearings.com\\\/wp-content\\\/uploads\\\/2014\\\/03\\\/hdr-sglrow-fullcomp-cylindrical1.jpg\",\"width\":1000,\"height\":290},{\"@type\":\"BreadcrumbList\",\"@id\":\"https:\\\/\\\/bmibearings.com\\\/products\\\/roller-bearings\\\/single-row-full-complement-cylindrical-roller-bearings\\\/#breadcrumb\",\"itemListElement\":[{\"@type\":\"ListItem\",\"position\":1,\"name\":\"Home\",\"item\":\"https:\\\/\\\/bmibearings.com\\\/\"},{\"@type\":\"ListItem\",\"position\":2,\"name\":\"Products\",\"item\":\"https:\\\/\\\/bmibearings.com\\\/products\\\/\"},{\"@type\":\"ListItem\",\"position\":3,\"name\":\"Roller Bearings\",\"item\":\"https:\\\/\\\/bmibearings.com\\\/products\\\/roller-bearings\\\/\"},{\"@type\":\"ListItem\",\"position\":4,\"name\":\"Single Row Full Complement Cylindrical Roller Bearings\"}]},{\"@type\":\"WebSite\",\"@id\":\"https:\\\/\\\/bmibearings.com\\\/ru\\\/#website\",\"url\":\"https:\\\/\\\/bmibearings.com\\\/ru\\\/\",\"name\":\"Bearing Manufacturing India\",\"description\":\"\",\"publisher\":{\"@id\":\"https:\\\/\\\/bmibearings.com\\\/ru\\\/#organization\"},\"potentialAction\":[{\"@type\":\"SearchAction\",\"target\":{\"@type\":\"EntryPoint\",\"urlTemplate\":\"https:\\\/\\\/bmibearings.com\\\/ru\\\/?s={search_term_string}\"},\"query-input\":{\"@type\":\"PropertyValueSpecification\",\"valueRequired\":true,\"valueName\":\"search_term_string\"}}],\"inLanguage\":\"de\"},{\"@type\":\"Organization\",\"@id\":\"https:\\\/\\\/bmibearings.com\\\/ru\\\/#organization\",\"name\":\"Bearing Manufacturing India\",\"url\":\"https:\\\/\\\/bmibearings.com\\\/ru\\\/\",\"logo\":{\"@type\":\"ImageObject\",\"inLanguage\":\"de\",\"@id\":\"https:\\\/\\\/bmibearings.com\\\/ru\\\/#\\\/schema\\\/logo\\\/image\\\/\",\"url\":\"https:\\\/\\\/bmibearings.com\\\/wp-content\\\/uploads\\\/2014\\\/03\\\/logo211.png\",\"contentUrl\":\"https:\\\/\\\/bmibearings.com\\\/wp-content\\\/uploads\\\/2014\\\/03\\\/logo211.png\",\"width\":541,\"height\":72,\"caption\":\"Bearing Manufacturing India\"},\"image\":{\"@id\":\"https:\\\/\\\/bmibearings.com\\\/ru\\\/#\\\/schema\\\/logo\\\/image\\\/\"}}]}<\/script>\n<!-- \/ Yoast SEO plugin. -->","yoast_head_json":{"title":"Einreihige Vollrollige Zylinderrollenlager Bearing Manufacturing India","description":"Single row full complement cylindrical roller bearings have solid outer and inner rings together with rib-guided cylindrical rollers. Since these bearings have the largest possible number of rolling elements, they have extremely high radial load carrying capacity, high rigidity and are suitable for particularly compact design","robots":{"index":"index","follow":"follow","max-snippet":"max-snippet:-1","max-image-preview":"max-image-preview:large","max-video-preview":"max-video-preview:-1"},"canonical":"https:\/\/bmibearings.com\/products\/roller-bearings\/single-row-full-complement-cylindrical-roller-bearings\/","og_locale":"de_DE","og_type":"article","og_title":"Einreihige Vollrollige Zylinderrollenlager Bearing Manufacturing India","og_description":"Single row full complement cylindrical roller bearings have solid outer and inner rings together with rib-guided cylindrical rollers. Since these bearings have the largest possible number of rolling elements, they have extremely high radial load carrying capacity, high rigidity and are suitable for particularly compact design","og_url":"https:\/\/bmibearings.com\/products\/roller-bearings\/single-row-full-complement-cylindrical-roller-bearings\/","og_site_name":"Bearing Manufacturing India","article_modified_time":"2026-04-11T14:07:54+00:00","og_image":[{"width":1000,"height":290,"url":"http:\/\/bmibearings.com\/wp-content\/uploads\/2014\/03\/hdr-sglrow-fullcomp-cylindrical1.jpg","type":"image\/jpeg"}],"twitter_card":"summary_large_image","twitter_misc":{"Gesch\u00e4tzte Lesezeit":"4\u00a0Minuten"},"schema":{"@context":"https:\/\/schema.org","@graph":[{"@type":"WebPage","@id":"https:\/\/bmibearings.com\/products\/roller-bearings\/single-row-full-complement-cylindrical-roller-bearings\/","url":"https:\/\/bmibearings.com\/products\/roller-bearings\/single-row-full-complement-cylindrical-roller-bearings\/","name":"Einreihige Vollrollige Zylinderrollenlager Bearing Manufacturing India","isPartOf":{"@id":"https:\/\/bmibearings.com\/ru\/#website"},"primaryImageOfPage":{"@id":"https:\/\/bmibearings.com\/products\/roller-bearings\/single-row-full-complement-cylindrical-roller-bearings\/#primaryimage"},"image":{"@id":"https:\/\/bmibearings.com\/products\/roller-bearings\/single-row-full-complement-cylindrical-roller-bearings\/#primaryimage"},"thumbnailUrl":"https:\/\/bmibearings.com\/wp-content\/uploads\/2014\/03\/hdr-sglrow-fullcomp-cylindrical1.jpg","datePublished":"2014-03-29T10:09:14+00:00","dateModified":"2026-04-11T14:07:54+00:00","description":"Single row full complement cylindrical roller bearings have solid outer and inner rings together with rib-guided cylindrical rollers. Since these bearings have the largest possible number of rolling elements, they have extremely high radial load carrying capacity, high rigidity and are suitable for particularly compact design","breadcrumb":{"@id":"https:\/\/bmibearings.com\/products\/roller-bearings\/single-row-full-complement-cylindrical-roller-bearings\/#breadcrumb"},"inLanguage":"de","potentialAction":[{"@type":"ReadAction","target":["https:\/\/bmibearings.com\/products\/roller-bearings\/single-row-full-complement-cylindrical-roller-bearings\/"]}]},{"@type":"ImageObject","inLanguage":"de","@id":"https:\/\/bmibearings.com\/products\/roller-bearings\/single-row-full-complement-cylindrical-roller-bearings\/#primaryimage","url":"https:\/\/bmibearings.com\/wp-content\/uploads\/2014\/03\/hdr-sglrow-fullcomp-cylindrical1.jpg","contentUrl":"https:\/\/bmibearings.com\/wp-content\/uploads\/2014\/03\/hdr-sglrow-fullcomp-cylindrical1.jpg","width":1000,"height":290},{"@type":"BreadcrumbList","@id":"https:\/\/bmibearings.com\/products\/roller-bearings\/single-row-full-complement-cylindrical-roller-bearings\/#breadcrumb","itemListElement":[{"@type":"ListItem","position":1,"name":"Home","item":"https:\/\/bmibearings.com\/"},{"@type":"ListItem","position":2,"name":"Products","item":"https:\/\/bmibearings.com\/products\/"},{"@type":"ListItem","position":3,"name":"Roller Bearings","item":"https:\/\/bmibearings.com\/products\/roller-bearings\/"},{"@type":"ListItem","position":4,"name":"Single Row Full Complement Cylindrical Roller Bearings"}]},{"@type":"WebSite","@id":"https:\/\/bmibearings.com\/ru\/#website","url":"https:\/\/bmibearings.com\/ru\/","name":"Bearing Manufacturing India","description":"","publisher":{"@id":"https:\/\/bmibearings.com\/ru\/#organization"},"potentialAction":[{"@type":"SearchAction","target":{"@type":"EntryPoint","urlTemplate":"https:\/\/bmibearings.com\/ru\/?s={search_term_string}"},"query-input":{"@type":"PropertyValueSpecification","valueRequired":true,"valueName":"search_term_string"}}],"inLanguage":"de"},{"@type":"Organization","@id":"https:\/\/bmibearings.com\/ru\/#organization","name":"Bearing Manufacturing India","url":"https:\/\/bmibearings.com\/ru\/","logo":{"@type":"ImageObject","inLanguage":"de","@id":"https:\/\/bmibearings.com\/ru\/#\/schema\/logo\/image\/","url":"https:\/\/bmibearings.com\/wp-content\/uploads\/2014\/03\/logo211.png","contentUrl":"https:\/\/bmibearings.com\/wp-content\/uploads\/2014\/03\/logo211.png","width":541,"height":72,"caption":"Bearing Manufacturing India"},"image":{"@id":"https:\/\/bmibearings.com\/ru\/#\/schema\/logo\/image\/"}}]}},"_links":{"self":[{"href":"https:\/\/bmibearings.com\/de\/wp-json\/wp\/v2\/pages\/153","targetHints":{"allow":["GET"]}}],"collection":[{"href":"https:\/\/bmibearings.com\/de\/wp-json\/wp\/v2\/pages"}],"about":[{"href":"https:\/\/bmibearings.com\/de\/wp-json\/wp\/v2\/types\/page"}],"author":[{"embeddable":true,"href":"https:\/\/bmibearings.com\/de\/wp-json\/wp\/v2\/users\/2"}],"replies":[{"embeddable":true,"href":"https:\/\/bmibearings.com\/de\/wp-json\/wp\/v2\/comments?post=153"}],"version-history":[{"count":1,"href":"https:\/\/bmibearings.com\/de\/wp-json\/wp\/v2\/pages\/153\/revisions"}],"predecessor-version":[{"id":5597,"href":"https:\/\/bmibearings.com\/de\/wp-json\/wp\/v2\/pages\/153\/revisions\/5597"}],"up":[{"embeddable":true,"href":"https:\/\/bmibearings.com\/de\/wp-json\/wp\/v2\/pages\/5554"}],"wp:featuredmedia":[{"embeddable":true,"href":"https:\/\/bmibearings.com\/de\/wp-json\/wp\/v2\/media\/503"}],"wp:attachment":[{"href":"https:\/\/bmibearings.com\/de\/wp-json\/wp\/v2\/media?parent=153"}],"wp:term":[{"taxonomy":"post_tag","embeddable":true,"href":"https:\/\/bmibearings.com\/de\/wp-json\/wp\/v2\/tags?post=153"}],"curies":[{"name":"wp","href":"https:\/\/api.w.org\/{rel}","templated":true}]}}