{"id":148,"date":"2014-03-29T10:09:14","date_gmt":"2014-03-29T10:09:14","guid":{"rendered":"http:\/\/bmibearings.com\/products\/double-row-angular-contact-ball-bearings\/"},"modified":"2026-04-11T14:11:19","modified_gmt":"2026-04-11T14:11:19","slug":"double-row-angular-contact-ball-bearings","status":"publish","type":"page","link":"https:\/\/bmibearings.com\/de\/products\/ball-angular-bearings\/double-row-angular-contact-ball-bearings\/","title":{"rendered":"Zweireihige Schr\u00e4gkugellager"},"content":{"rendered":"<p><div class=\"su-column su-column-size-1-3\"><div class=\"su-column-inner su-u-clearfix su-u-trim\">\n<h4>Standard-Lager<\/h4>\n<table border=\"0\" cellspacing=\"0\" cellpadding=\"0\">\n<tbody>\n<tr>\n<td>3001 &#8211; 3010<\/td>\n<\/tr>\n<tr>\n<td>3200 &#8211; 3222<\/td>\n<\/tr>\n<tr>\n<td>3302 &#8211; 3322<\/td>\n<\/tr>\n<tr>\n<td>3800 &#8211; 3820<\/td>\n<\/tr>\n<\/tbody>\n<\/table>\n<\/div><\/div>\n<div class=\"su-column su-column-size-1-3\"><div class=\"su-column-inner su-u-clearfix su-u-trim\">\n<h4>Nicht-Standard-Lager<\/h4>\n<table border=\"0\" cellspacing=\"0\" cellpadding=\"0\">\n<tbody>\n<tr>\n<td>5200 &#8211; 5222<\/td>\n<\/tr>\n<tr>\n<td>5302 &#8211; 5322<\/td>\n<\/tr>\n<tr>\n<td>5403 &#8211; 5420<\/td>\n<\/tr>\n<\/tbody>\n<\/table>\n<\/div><\/div>\n<div class=\"su-column su-column-size-1-3\"><div class=\"su-column-inner su-u-clearfix su-u-trim\">\n<h4>Produkt Akzente<\/h4>\n<ul style=\"margin: 0 0 0 -20px; padding: 0; font-size: 90%;\">\n<li>Universal passende \/ Flush Boden<\/li>\n<li>Gesicht zu Gesicht, R\u00fccken an R\u00fccken und tandem<\/li>\n<li>Massivk\u00e4fig aus Messing<\/li>\n<li>Gem\u00e4\u00df ANSI standards Pumpen<\/li>\n<\/ul>\n<h4><\/div><\/div>\n<a name=\"inch series\"><\/a><br \/>\n<div class=\"su-divider su-divider-style-default\" style=\"margin:15px 0;border-width:3px;border-color:#999999\"><a href=\"#\" style=\"color:#999999\">Nach oben<\/a><\/div>\n<strong>Ebenfalls verf\u00fcgbar<\/strong><\/h4>\n<ul style=\"margin: 0 0 0 -20px; padding: 0;\">\n<li>Stahl, Messing, Nylon-K\u00e4fige<\/li>\n<li>Auch in ZZ-und-2RS<\/li>\n<\/ul>\n<p><\/p>","protected":false},"excerpt":{"rendered":"<p>Ebenfalls verf\u00fcgbar Stahl, Messing, Nylon-K\u00e4fige Auch in ZZ-und-2RS<\/p>\n","protected":false},"author":2,"featured_media":480,"parent":5557,"menu_order":0,"comment_status":"closed","ping_status":"closed","template":"","meta":{"_acf_changed":false,"_themeisle_gutenberg_block_has_review":false,"footnotes":""},"tags":[],"class_list":["post-148","page","type-page","status-publish","has-post-thumbnail","hentry"],"acf":{"hero_image":null,"hero_title":"","hero_description":"","cta_primary_text":"Get a Quote","cta_primary_link":null,"cta_secondary_text":"View Products","cta_secondary_link":null,"intro_content":"","features":null,"description":"","applications":"","stock_list":null},"yoast_head":"<!-- This site is optimized with the Yoast SEO plugin v27.3 - https:\/\/yoast.com\/product\/yoast-seo-wordpress\/ -->\n<title>Zweireihige Schr\u00e4gkugellager Bearing Manufacturing India<\/title>\n<meta name=\"robots\" content=\"index, follow, max-snippet:-1, max-image-preview:large, max-video-preview:-1\" \/>\n<link rel=\"canonical\" href=\"https:\/\/bmibearings.com\/products\/ball-angular-bearings\/double-row-angular-contact-ball-bearings\/\" \/>\n<meta property=\"og:locale\" content=\"de_DE\" \/>\n<meta property=\"og:type\" content=\"article\" \/>\n<meta property=\"og:title\" content=\"Zweireihige Schr\u00e4gkugellager Bearing Manufacturing India\" \/>\n<meta property=\"og:description\" content=\"Ebenfalls verf\u00fcgbar Stahl, Messing, Nylon-K\u00e4fige Auch in ZZ-und-2RS\" \/>\n<meta property=\"og:url\" content=\"https:\/\/bmibearings.com\/products\/ball-angular-bearings\/double-row-angular-contact-ball-bearings\/\" \/>\n<meta property=\"og:site_name\" content=\"Bearing Manufacturing India\" \/>\n<meta property=\"article:modified_time\" content=\"2026-04-11T14:11:19+00:00\" \/>\n<meta property=\"og:image\" content=\"http:\/\/bmibearings.com\/wp-content\/uploads\/2014\/03\/hdr-dblrow-ang-contact1.jpg\" \/>\n\t<meta property=\"og:image:width\" content=\"1000\" \/>\n\t<meta property=\"og:image:height\" content=\"290\" \/>\n\t<meta property=\"og:image:type\" content=\"image\/jpeg\" \/>\n<meta name=\"twitter:card\" content=\"summary_large_image\" \/>\n<meta name=\"twitter:label1\" content=\"Gesch\u00e4tzte Lesezeit\" \/>\n\t<meta name=\"twitter:data1\" content=\"2\u00a0Minuten\" \/>\n<script type=\"application\/ld+json\" class=\"yoast-schema-graph\">{\"@context\":\"https:\\\/\\\/schema.org\",\"@graph\":[{\"@type\":\"WebPage\",\"@id\":\"https:\\\/\\\/bmibearings.com\\\/products\\\/ball-angular-bearings\\\/double-row-angular-contact-ball-bearings\\\/\",\"url\":\"https:\\\/\\\/bmibearings.com\\\/products\\\/ball-angular-bearings\\\/double-row-angular-contact-ball-bearings\\\/\",\"name\":\"Zweireihige Schr\u00e4gkugellager Bearing Manufacturing India\",\"isPartOf\":{\"@id\":\"https:\\\/\\\/bmibearings.com\\\/ru\\\/#website\"},\"primaryImageOfPage\":{\"@id\":\"https:\\\/\\\/bmibearings.com\\\/products\\\/ball-angular-bearings\\\/double-row-angular-contact-ball-bearings\\\/#primaryimage\"},\"image\":{\"@id\":\"https:\\\/\\\/bmibearings.com\\\/products\\\/ball-angular-bearings\\\/double-row-angular-contact-ball-bearings\\\/#primaryimage\"},\"thumbnailUrl\":\"https:\\\/\\\/bmibearings.com\\\/wp-content\\\/uploads\\\/2014\\\/03\\\/hdr-dblrow-ang-contact1.jpg\",\"datePublished\":\"2014-03-29T10:09:14+00:00\",\"dateModified\":\"2026-04-11T14:11:19+00:00\",\"breadcrumb\":{\"@id\":\"https:\\\/\\\/bmibearings.com\\\/products\\\/ball-angular-bearings\\\/double-row-angular-contact-ball-bearings\\\/#breadcrumb\"},\"inLanguage\":\"de\",\"potentialAction\":[{\"@type\":\"ReadAction\",\"target\":[\"https:\\\/\\\/bmibearings.com\\\/products\\\/ball-angular-bearings\\\/double-row-angular-contact-ball-bearings\\\/\"]}]},{\"@type\":\"ImageObject\",\"inLanguage\":\"de\",\"@id\":\"https:\\\/\\\/bmibearings.com\\\/products\\\/ball-angular-bearings\\\/double-row-angular-contact-ball-bearings\\\/#primaryimage\",\"url\":\"https:\\\/\\\/bmibearings.com\\\/wp-content\\\/uploads\\\/2014\\\/03\\\/hdr-dblrow-ang-contact1.jpg\",\"contentUrl\":\"https:\\\/\\\/bmibearings.com\\\/wp-content\\\/uploads\\\/2014\\\/03\\\/hdr-dblrow-ang-contact1.jpg\",\"width\":1000,\"height\":290},{\"@type\":\"BreadcrumbList\",\"@id\":\"https:\\\/\\\/bmibearings.com\\\/products\\\/ball-angular-bearings\\\/double-row-angular-contact-ball-bearings\\\/#breadcrumb\",\"itemListElement\":[{\"@type\":\"ListItem\",\"position\":1,\"name\":\"Home\",\"item\":\"https:\\\/\\\/bmibearings.com\\\/\"},{\"@type\":\"ListItem\",\"position\":2,\"name\":\"Products\",\"item\":\"https:\\\/\\\/bmibearings.com\\\/products\\\/\"},{\"@type\":\"ListItem\",\"position\":3,\"name\":\"Ball &#038; Angular Bearings\",\"item\":\"https:\\\/\\\/bmibearings.com\\\/products\\\/ball-angular-bearings\\\/\"},{\"@type\":\"ListItem\",\"position\":4,\"name\":\"Double Row Angular Contact Ball Bearings\"}]},{\"@type\":\"WebSite\",\"@id\":\"https:\\\/\\\/bmibearings.com\\\/ru\\\/#website\",\"url\":\"https:\\\/\\\/bmibearings.com\\\/ru\\\/\",\"name\":\"Bearing Manufacturing India\",\"description\":\"\",\"publisher\":{\"@id\":\"https:\\\/\\\/bmibearings.com\\\/ru\\\/#organization\"},\"potentialAction\":[{\"@type\":\"SearchAction\",\"target\":{\"@type\":\"EntryPoint\",\"urlTemplate\":\"https:\\\/\\\/bmibearings.com\\\/ru\\\/?s={search_term_string}\"},\"query-input\":{\"@type\":\"PropertyValueSpecification\",\"valueRequired\":true,\"valueName\":\"search_term_string\"}}],\"inLanguage\":\"de\"},{\"@type\":\"Organization\",\"@id\":\"https:\\\/\\\/bmibearings.com\\\/ru\\\/#organization\",\"name\":\"Bearing Manufacturing India\",\"url\":\"https:\\\/\\\/bmibearings.com\\\/ru\\\/\",\"logo\":{\"@type\":\"ImageObject\",\"inLanguage\":\"de\",\"@id\":\"https:\\\/\\\/bmibearings.com\\\/ru\\\/#\\\/schema\\\/logo\\\/image\\\/\",\"url\":\"https:\\\/\\\/bmibearings.com\\\/wp-content\\\/uploads\\\/2014\\\/03\\\/logo211.png\",\"contentUrl\":\"https:\\\/\\\/bmibearings.com\\\/wp-content\\\/uploads\\\/2014\\\/03\\\/logo211.png\",\"width\":541,\"height\":72,\"caption\":\"Bearing Manufacturing India\"},\"image\":{\"@id\":\"https:\\\/\\\/bmibearings.com\\\/ru\\\/#\\\/schema\\\/logo\\\/image\\\/\"}}]}<\/script>\n<!-- \/ Yoast SEO plugin. -->","yoast_head_json":{"title":"Zweireihige Schr\u00e4gkugellager Bearing Manufacturing India","robots":{"index":"index","follow":"follow","max-snippet":"max-snippet:-1","max-image-preview":"max-image-preview:large","max-video-preview":"max-video-preview:-1"},"canonical":"https:\/\/bmibearings.com\/products\/ball-angular-bearings\/double-row-angular-contact-ball-bearings\/","og_locale":"de_DE","og_type":"article","og_title":"Zweireihige Schr\u00e4gkugellager Bearing Manufacturing India","og_description":"Ebenfalls verf\u00fcgbar Stahl, Messing, Nylon-K\u00e4fige Auch in ZZ-und-2RS","og_url":"https:\/\/bmibearings.com\/products\/ball-angular-bearings\/double-row-angular-contact-ball-bearings\/","og_site_name":"Bearing Manufacturing India","article_modified_time":"2026-04-11T14:11:19+00:00","og_image":[{"width":1000,"height":290,"url":"http:\/\/bmibearings.com\/wp-content\/uploads\/2014\/03\/hdr-dblrow-ang-contact1.jpg","type":"image\/jpeg"}],"twitter_card":"summary_large_image","twitter_misc":{"Gesch\u00e4tzte Lesezeit":"2\u00a0Minuten"},"schema":{"@context":"https:\/\/schema.org","@graph":[{"@type":"WebPage","@id":"https:\/\/bmibearings.com\/products\/ball-angular-bearings\/double-row-angular-contact-ball-bearings\/","url":"https:\/\/bmibearings.com\/products\/ball-angular-bearings\/double-row-angular-contact-ball-bearings\/","name":"Zweireihige Schr\u00e4gkugellager Bearing Manufacturing India","isPartOf":{"@id":"https:\/\/bmibearings.com\/ru\/#website"},"primaryImageOfPage":{"@id":"https:\/\/bmibearings.com\/products\/ball-angular-bearings\/double-row-angular-contact-ball-bearings\/#primaryimage"},"image":{"@id":"https:\/\/bmibearings.com\/products\/ball-angular-bearings\/double-row-angular-contact-ball-bearings\/#primaryimage"},"thumbnailUrl":"https:\/\/bmibearings.com\/wp-content\/uploads\/2014\/03\/hdr-dblrow-ang-contact1.jpg","datePublished":"2014-03-29T10:09:14+00:00","dateModified":"2026-04-11T14:11:19+00:00","breadcrumb":{"@id":"https:\/\/bmibearings.com\/products\/ball-angular-bearings\/double-row-angular-contact-ball-bearings\/#breadcrumb"},"inLanguage":"de","potentialAction":[{"@type":"ReadAction","target":["https:\/\/bmibearings.com\/products\/ball-angular-bearings\/double-row-angular-contact-ball-bearings\/"]}]},{"@type":"ImageObject","inLanguage":"de","@id":"https:\/\/bmibearings.com\/products\/ball-angular-bearings\/double-row-angular-contact-ball-bearings\/#primaryimage","url":"https:\/\/bmibearings.com\/wp-content\/uploads\/2014\/03\/hdr-dblrow-ang-contact1.jpg","contentUrl":"https:\/\/bmibearings.com\/wp-content\/uploads\/2014\/03\/hdr-dblrow-ang-contact1.jpg","width":1000,"height":290},{"@type":"BreadcrumbList","@id":"https:\/\/bmibearings.com\/products\/ball-angular-bearings\/double-row-angular-contact-ball-bearings\/#breadcrumb","itemListElement":[{"@type":"ListItem","position":1,"name":"Home","item":"https:\/\/bmibearings.com\/"},{"@type":"ListItem","position":2,"name":"Products","item":"https:\/\/bmibearings.com\/products\/"},{"@type":"ListItem","position":3,"name":"Ball &#038; Angular Bearings","item":"https:\/\/bmibearings.com\/products\/ball-angular-bearings\/"},{"@type":"ListItem","position":4,"name":"Double Row Angular Contact Ball Bearings"}]},{"@type":"WebSite","@id":"https:\/\/bmibearings.com\/ru\/#website","url":"https:\/\/bmibearings.com\/ru\/","name":"Bearing Manufacturing India","description":"","publisher":{"@id":"https:\/\/bmibearings.com\/ru\/#organization"},"potentialAction":[{"@type":"SearchAction","target":{"@type":"EntryPoint","urlTemplate":"https:\/\/bmibearings.com\/ru\/?s={search_term_string}"},"query-input":{"@type":"PropertyValueSpecification","valueRequired":true,"valueName":"search_term_string"}}],"inLanguage":"de"},{"@type":"Organization","@id":"https:\/\/bmibearings.com\/ru\/#organization","name":"Bearing Manufacturing India","url":"https:\/\/bmibearings.com\/ru\/","logo":{"@type":"ImageObject","inLanguage":"de","@id":"https:\/\/bmibearings.com\/ru\/#\/schema\/logo\/image\/","url":"https:\/\/bmibearings.com\/wp-content\/uploads\/2014\/03\/logo211.png","contentUrl":"https:\/\/bmibearings.com\/wp-content\/uploads\/2014\/03\/logo211.png","width":541,"height":72,"caption":"Bearing Manufacturing India"},"image":{"@id":"https:\/\/bmibearings.com\/ru\/#\/schema\/logo\/image\/"}}]}},"_links":{"self":[{"href":"https:\/\/bmibearings.com\/de\/wp-json\/wp\/v2\/pages\/148","targetHints":{"allow":["GET"]}}],"collection":[{"href":"https:\/\/bmibearings.com\/de\/wp-json\/wp\/v2\/pages"}],"about":[{"href":"https:\/\/bmibearings.com\/de\/wp-json\/wp\/v2\/types\/page"}],"author":[{"embeddable":true,"href":"https:\/\/bmibearings.com\/de\/wp-json\/wp\/v2\/users\/2"}],"replies":[{"embeddable":true,"href":"https:\/\/bmibearings.com\/de\/wp-json\/wp\/v2\/comments?post=148"}],"version-history":[{"count":1,"href":"https:\/\/bmibearings.com\/de\/wp-json\/wp\/v2\/pages\/148\/revisions"}],"predecessor-version":[{"id":5605,"href":"https:\/\/bmibearings.com\/de\/wp-json\/wp\/v2\/pages\/148\/revisions\/5605"}],"up":[{"embeddable":true,"href":"https:\/\/bmibearings.com\/de\/wp-json\/wp\/v2\/pages\/5557"}],"wp:featuredmedia":[{"embeddable":true,"href":"https:\/\/bmibearings.com\/de\/wp-json\/wp\/v2\/media\/480"}],"wp:attachment":[{"href":"https:\/\/bmibearings.com\/de\/wp-json\/wp\/v2\/media?parent=148"}],"wp:term":[{"taxonomy":"post_tag","embeddable":true,"href":"https:\/\/bmibearings.com\/de\/wp-json\/wp\/v2\/tags?post=148"}],"curies":[{"name":"wp","href":"https:\/\/api.w.org\/{rel}","templated":true}]}}