{"id":147,"date":"2014-03-29T10:09:14","date_gmt":"2014-03-29T10:09:14","guid":{"rendered":"http:\/\/bmibearings.com\/products\/single-row-angular-contact-ball-bearings\/"},"modified":"2026-04-11T14:11:19","modified_gmt":"2026-04-11T14:11:19","slug":"single-row-angular-contact-ball-bearings","status":"publish","type":"page","link":"https:\/\/bmibearings.com\/de\/products\/ball-angular-bearings\/single-row-angular-contact-ball-bearings\/","title":{"rendered":"EEinreihige Schr\u00e4gkugellager"},"content":{"rendered":"<div class=\"su-column su-column-size-1-3\"><div class=\"su-column-inner su-u-clearfix su-u-trim\">\n<h4>Standard-Lager<\/h4>\n<ul style=\"margin: 0 0 0 -20px; padding: 0; font-size: 90%;\">\n<li><a href=\"#small-medium\">Kleine und Mittlere Bohrung<\/a><\/li>\n<\/ul>\n<\/div><\/div>\n<div class=\"su-column su-column-size-1-3\"><div class=\"su-column-inner su-u-clearfix su-u-trim\">\n<h4>Nicht-Standard-Lager<\/h4>\n<ul style=\"margin: 0 0 0 -20px; padding: 0; font-size: 90%;\">\n<li><a href=\"#inch series\">Flush Boden matched-pairs auch hergestellt regelm\u00e4\u00dfig<\/a><\/li>\n<li><a href=\"#non-standard\">ALS und AMS Gr\u00f6\u00dfen Fertigung in Stahl-und Messing-Massivk\u00e4fig<\/a><\/li>\n<li><a href=\"#large-bore\">Gro\u00dfe Bohrung<\/a><\/li>\n<\/ul>\n<\/div><\/div>\n<div class=\"su-column su-column-size-1-3\"><div class=\"su-column-inner su-u-clearfix su-u-trim\">\n<h4>Produkt Akzente<\/h4>\n<ul style=\"margin: 0 0 0 -20px; padding: 0; font-size: 90%;\">\n<li>Hohe Laufgenauigkeit und speed-Funktionen<\/li>\n<li>Universelle Abstimmung<\/li>\n<li>Gro\u00dfes Produkt-Sortiment<\/li>\n<li>Massivk\u00e4fig aus Messing f\u00fcr heavy-duty-Anwendungen<\/li>\n<li>Als ANSI-Pumpe Anforderungen<\/li>\n<\/ul>\n<\/div><\/div>\n<a name=\"inch series\"><\/a><br \/>\n<div class=\"su-divider su-divider-style-default\" style=\"margin:15px 0;border-width:3px;border-color:#999999\"><\/div>\n<h2><div class=\"su-service\"><div class=\"su-service-title\" style=\"padding-left:46px;min-height:32px;line-height:32px\"><i class=\"sui sui-cog\" style=\"font-size:32px;color:#feb018\"><\/i> Flush Boden matched-pairs auch hergestellt regelm\u00e4\u00dfig<\/div><div class=\"su-service-content su-u-clearfix su-u-trim\" style=\"padding-left:46px\"><\/div><\/div><\/h2>\n<h2><div class=\"su-service\"><div class=\"su-service-title\" style=\"padding-left:46px;min-height:32px;line-height:32px\"><i class=\"sui sui-cog\" style=\"font-size:32px;color:#feb018\"><\/i> ALS, und AMS GR\u00d6\u00dfEN Herstellung Regelm\u00e4\u00dfig In Stahl-und Messing-Massivk\u00e4fig<\/div><div class=\"su-service-content su-u-clearfix su-u-trim\" style=\"padding-left:46px\"><\/div><\/div><\/h2>\n<ul>\n<li>XLS, RLS und RMS-Serie ebenfalls erh\u00e4ltlich.<\/li>\n<li>Edelstahl Rillenkugellager.<\/li>\n<\/ul>\n<div class=\"su-divider su-divider-style-default\" style=\"margin:15px 0;border-width:3px;border-color:#999999\"><\/div>\n<h2>Kleine und Mittlere Bohrung<\/h2>\n<div class=\"su-column su-column-size-1-2\"><div class=\"su-column-inner su-u-clearfix su-u-trim\">\n<table border=\"0\" cellspacing=\"0\" cellpadding=\"0\">\n<tbody>\n<tr>\n<td>7004 &#8211; 7020<\/td>\n<td>71900 &#8211; 71920<\/td>\n<\/tr>\n<tr>\n<td>71806 &#8211; 71820<\/td>\n<td>7302\u00c2 &#8211; 7322<\/td>\n<\/tr>\n<tr>\n<td>7200 &#8211; 7224<\/td>\n<td class=\"empty\"><\/td>\n<\/tr>\n<\/tbody>\n<\/table>\n<\/div><\/div><div class=\"su-column su-column-size-1-2\"><div class=\"su-column-inner su-u-clearfix su-u-trim\">\nErh\u00e4ltlich in Stahl, Messing und Fibre-K\u00e4fig<br \/>\n<\/div><\/div>\n<a name=\"inch series\"><\/a><br \/>\n<div class=\"su-divider su-divider-style-default\" style=\"margin:15px 0;border-width:3px;border-color:#999999\"><a href=\"#\" style=\"color:#999999\">Nach oben<\/a><\/div>\n<h2>Gro\u00dfe Bohrung<\/h2>\n<div class=\"su-column su-column-size-1-2\"><div class=\"su-column-inner su-u-clearfix su-u-trim\">\n<table border=\"0\" cellspacing=\"0\" cellpadding=\"0\">\n<tbody>\n<tr>\n<td>7022 &#8211; 7048<\/td>\n<td>71900 &#8211; 71920<\/td>\n<\/tr>\n<tr>\n<td>7226 &#8211; 7248<\/td>\n<td>7324 &#8211; 7340<\/td>\n<\/tr>\n<\/tbody>\n<\/table>\n<\/div><\/div><div class=\"su-column su-column-size-1-2\"><div class=\"su-column-inner su-u-clearfix su-u-trim\">\nErh\u00e4ltlich in Stahl, Messing und Fibre-K\u00e4fig<\/div><\/div>","protected":false},"excerpt":{"rendered":"<p>XLS, RLS und RMS-Serie ebenfalls erh\u00e4ltlich. Edelstahl Rillenkugellager. Kleine und Mittlere Bohrung Gro\u00dfe Bohrung<\/p>\n","protected":false},"author":2,"featured_media":476,"parent":5557,"menu_order":0,"comment_status":"closed","ping_status":"closed","template":"","meta":{"_acf_changed":false,"_themeisle_gutenberg_block_has_review":false,"footnotes":""},"tags":[],"class_list":["post-147","page","type-page","status-publish","has-post-thumbnail","hentry"],"acf":{"hero_image":null,"hero_title":"","hero_description":"","cta_primary_text":"Get a Quote","cta_primary_link":null,"cta_secondary_text":"View Products","cta_secondary_link":null,"intro_content":"","features":null,"description":"","applications":"","stock_list":null},"yoast_head":"<!-- This site is optimized with the Yoast SEO plugin v27.3 - https:\/\/yoast.com\/product\/yoast-seo-wordpress\/ -->\n<title>EEinreihige Schr\u00e4gkugellager Bearing Manufacturing India<\/title>\n<meta name=\"description\" content=\"BMI angular contact bearings are manufactured in various constructive versions with various contact angles depending upon the application.\" \/>\n<meta name=\"robots\" content=\"index, follow, max-snippet:-1, max-image-preview:large, max-video-preview:-1\" \/>\n<link rel=\"canonical\" href=\"https:\/\/bmibearings.com\/products\/ball-angular-bearings\/single-row-angular-contact-ball-bearings\/\" \/>\n<meta property=\"og:locale\" content=\"de_DE\" \/>\n<meta property=\"og:type\" content=\"article\" \/>\n<meta property=\"og:title\" content=\"EEinreihige Schr\u00e4gkugellager Bearing Manufacturing India\" \/>\n<meta property=\"og:description\" content=\"BMI angular contact bearings are manufactured in various constructive versions with various contact angles depending upon the application.\" \/>\n<meta property=\"og:url\" content=\"https:\/\/bmibearings.com\/products\/ball-angular-bearings\/single-row-angular-contact-ball-bearings\/\" \/>\n<meta property=\"og:site_name\" content=\"Bearing Manufacturing India\" \/>\n<meta property=\"article:modified_time\" content=\"2026-04-11T14:11:19+00:00\" \/>\n<meta property=\"og:image\" content=\"http:\/\/bmibearings.com\/wp-content\/uploads\/2014\/03\/hdr-sgrow-ang-contact1.jpg\" \/>\n\t<meta property=\"og:image:width\" content=\"1000\" \/>\n\t<meta property=\"og:image:height\" content=\"290\" \/>\n\t<meta property=\"og:image:type\" content=\"image\/jpeg\" \/>\n<meta name=\"twitter:card\" content=\"summary_large_image\" \/>\n<meta name=\"twitter:label1\" content=\"Gesch\u00e4tzte Lesezeit\" \/>\n\t<meta name=\"twitter:data1\" content=\"5\u00a0Minuten\" \/>\n<script type=\"application\/ld+json\" class=\"yoast-schema-graph\">{\"@context\":\"https:\\\/\\\/schema.org\",\"@graph\":[{\"@type\":\"WebPage\",\"@id\":\"https:\\\/\\\/bmibearings.com\\\/products\\\/ball-angular-bearings\\\/single-row-angular-contact-ball-bearings\\\/\",\"url\":\"https:\\\/\\\/bmibearings.com\\\/products\\\/ball-angular-bearings\\\/single-row-angular-contact-ball-bearings\\\/\",\"name\":\"EEinreihige Schr\u00e4gkugellager Bearing Manufacturing India\",\"isPartOf\":{\"@id\":\"https:\\\/\\\/bmibearings.com\\\/ru\\\/#website\"},\"primaryImageOfPage\":{\"@id\":\"https:\\\/\\\/bmibearings.com\\\/products\\\/ball-angular-bearings\\\/single-row-angular-contact-ball-bearings\\\/#primaryimage\"},\"image\":{\"@id\":\"https:\\\/\\\/bmibearings.com\\\/products\\\/ball-angular-bearings\\\/single-row-angular-contact-ball-bearings\\\/#primaryimage\"},\"thumbnailUrl\":\"https:\\\/\\\/bmibearings.com\\\/wp-content\\\/uploads\\\/2014\\\/03\\\/hdr-sgrow-ang-contact1.jpg\",\"datePublished\":\"2014-03-29T10:09:14+00:00\",\"dateModified\":\"2026-04-11T14:11:19+00:00\",\"description\":\"BMI angular contact bearings are manufactured in various constructive versions with various contact angles depending upon the application.\",\"breadcrumb\":{\"@id\":\"https:\\\/\\\/bmibearings.com\\\/products\\\/ball-angular-bearings\\\/single-row-angular-contact-ball-bearings\\\/#breadcrumb\"},\"inLanguage\":\"de\",\"potentialAction\":[{\"@type\":\"ReadAction\",\"target\":[\"https:\\\/\\\/bmibearings.com\\\/products\\\/ball-angular-bearings\\\/single-row-angular-contact-ball-bearings\\\/\"]}]},{\"@type\":\"ImageObject\",\"inLanguage\":\"de\",\"@id\":\"https:\\\/\\\/bmibearings.com\\\/products\\\/ball-angular-bearings\\\/single-row-angular-contact-ball-bearings\\\/#primaryimage\",\"url\":\"https:\\\/\\\/bmibearings.com\\\/wp-content\\\/uploads\\\/2014\\\/03\\\/hdr-sgrow-ang-contact1.jpg\",\"contentUrl\":\"https:\\\/\\\/bmibearings.com\\\/wp-content\\\/uploads\\\/2014\\\/03\\\/hdr-sgrow-ang-contact1.jpg\",\"width\":1000,\"height\":290},{\"@type\":\"BreadcrumbList\",\"@id\":\"https:\\\/\\\/bmibearings.com\\\/products\\\/ball-angular-bearings\\\/single-row-angular-contact-ball-bearings\\\/#breadcrumb\",\"itemListElement\":[{\"@type\":\"ListItem\",\"position\":1,\"name\":\"Home\",\"item\":\"https:\\\/\\\/bmibearings.com\\\/\"},{\"@type\":\"ListItem\",\"position\":2,\"name\":\"Products\",\"item\":\"https:\\\/\\\/bmibearings.com\\\/products\\\/\"},{\"@type\":\"ListItem\",\"position\":3,\"name\":\"Ball &#038; Angular Bearings\",\"item\":\"https:\\\/\\\/bmibearings.com\\\/products\\\/ball-angular-bearings\\\/\"},{\"@type\":\"ListItem\",\"position\":4,\"name\":\"Single Row Angular Contact Ball Bearings\"}]},{\"@type\":\"WebSite\",\"@id\":\"https:\\\/\\\/bmibearings.com\\\/ru\\\/#website\",\"url\":\"https:\\\/\\\/bmibearings.com\\\/ru\\\/\",\"name\":\"Bearing Manufacturing India\",\"description\":\"\",\"publisher\":{\"@id\":\"https:\\\/\\\/bmibearings.com\\\/ru\\\/#organization\"},\"potentialAction\":[{\"@type\":\"SearchAction\",\"target\":{\"@type\":\"EntryPoint\",\"urlTemplate\":\"https:\\\/\\\/bmibearings.com\\\/ru\\\/?s={search_term_string}\"},\"query-input\":{\"@type\":\"PropertyValueSpecification\",\"valueRequired\":true,\"valueName\":\"search_term_string\"}}],\"inLanguage\":\"de\"},{\"@type\":\"Organization\",\"@id\":\"https:\\\/\\\/bmibearings.com\\\/ru\\\/#organization\",\"name\":\"Bearing Manufacturing India\",\"url\":\"https:\\\/\\\/bmibearings.com\\\/ru\\\/\",\"logo\":{\"@type\":\"ImageObject\",\"inLanguage\":\"de\",\"@id\":\"https:\\\/\\\/bmibearings.com\\\/ru\\\/#\\\/schema\\\/logo\\\/image\\\/\",\"url\":\"https:\\\/\\\/bmibearings.com\\\/wp-content\\\/uploads\\\/2014\\\/03\\\/logo211.png\",\"contentUrl\":\"https:\\\/\\\/bmibearings.com\\\/wp-content\\\/uploads\\\/2014\\\/03\\\/logo211.png\",\"width\":541,\"height\":72,\"caption\":\"Bearing Manufacturing India\"},\"image\":{\"@id\":\"https:\\\/\\\/bmibearings.com\\\/ru\\\/#\\\/schema\\\/logo\\\/image\\\/\"}}]}<\/script>\n<!-- \/ Yoast SEO plugin. -->","yoast_head_json":{"title":"EEinreihige Schr\u00e4gkugellager Bearing Manufacturing India","description":"BMI angular contact bearings are manufactured in various constructive versions with various contact angles depending upon the application.","robots":{"index":"index","follow":"follow","max-snippet":"max-snippet:-1","max-image-preview":"max-image-preview:large","max-video-preview":"max-video-preview:-1"},"canonical":"https:\/\/bmibearings.com\/products\/ball-angular-bearings\/single-row-angular-contact-ball-bearings\/","og_locale":"de_DE","og_type":"article","og_title":"EEinreihige Schr\u00e4gkugellager Bearing Manufacturing India","og_description":"BMI angular contact bearings are manufactured in various constructive versions with various contact angles depending upon the application.","og_url":"https:\/\/bmibearings.com\/products\/ball-angular-bearings\/single-row-angular-contact-ball-bearings\/","og_site_name":"Bearing Manufacturing India","article_modified_time":"2026-04-11T14:11:19+00:00","og_image":[{"width":1000,"height":290,"url":"http:\/\/bmibearings.com\/wp-content\/uploads\/2014\/03\/hdr-sgrow-ang-contact1.jpg","type":"image\/jpeg"}],"twitter_card":"summary_large_image","twitter_misc":{"Gesch\u00e4tzte Lesezeit":"5\u00a0Minuten"},"schema":{"@context":"https:\/\/schema.org","@graph":[{"@type":"WebPage","@id":"https:\/\/bmibearings.com\/products\/ball-angular-bearings\/single-row-angular-contact-ball-bearings\/","url":"https:\/\/bmibearings.com\/products\/ball-angular-bearings\/single-row-angular-contact-ball-bearings\/","name":"EEinreihige Schr\u00e4gkugellager Bearing Manufacturing India","isPartOf":{"@id":"https:\/\/bmibearings.com\/ru\/#website"},"primaryImageOfPage":{"@id":"https:\/\/bmibearings.com\/products\/ball-angular-bearings\/single-row-angular-contact-ball-bearings\/#primaryimage"},"image":{"@id":"https:\/\/bmibearings.com\/products\/ball-angular-bearings\/single-row-angular-contact-ball-bearings\/#primaryimage"},"thumbnailUrl":"https:\/\/bmibearings.com\/wp-content\/uploads\/2014\/03\/hdr-sgrow-ang-contact1.jpg","datePublished":"2014-03-29T10:09:14+00:00","dateModified":"2026-04-11T14:11:19+00:00","description":"BMI angular contact bearings are manufactured in various constructive versions with various contact angles depending upon the application.","breadcrumb":{"@id":"https:\/\/bmibearings.com\/products\/ball-angular-bearings\/single-row-angular-contact-ball-bearings\/#breadcrumb"},"inLanguage":"de","potentialAction":[{"@type":"ReadAction","target":["https:\/\/bmibearings.com\/products\/ball-angular-bearings\/single-row-angular-contact-ball-bearings\/"]}]},{"@type":"ImageObject","inLanguage":"de","@id":"https:\/\/bmibearings.com\/products\/ball-angular-bearings\/single-row-angular-contact-ball-bearings\/#primaryimage","url":"https:\/\/bmibearings.com\/wp-content\/uploads\/2014\/03\/hdr-sgrow-ang-contact1.jpg","contentUrl":"https:\/\/bmibearings.com\/wp-content\/uploads\/2014\/03\/hdr-sgrow-ang-contact1.jpg","width":1000,"height":290},{"@type":"BreadcrumbList","@id":"https:\/\/bmibearings.com\/products\/ball-angular-bearings\/single-row-angular-contact-ball-bearings\/#breadcrumb","itemListElement":[{"@type":"ListItem","position":1,"name":"Home","item":"https:\/\/bmibearings.com\/"},{"@type":"ListItem","position":2,"name":"Products","item":"https:\/\/bmibearings.com\/products\/"},{"@type":"ListItem","position":3,"name":"Ball &#038; Angular Bearings","item":"https:\/\/bmibearings.com\/products\/ball-angular-bearings\/"},{"@type":"ListItem","position":4,"name":"Single Row Angular Contact Ball Bearings"}]},{"@type":"WebSite","@id":"https:\/\/bmibearings.com\/ru\/#website","url":"https:\/\/bmibearings.com\/ru\/","name":"Bearing Manufacturing India","description":"","publisher":{"@id":"https:\/\/bmibearings.com\/ru\/#organization"},"potentialAction":[{"@type":"SearchAction","target":{"@type":"EntryPoint","urlTemplate":"https:\/\/bmibearings.com\/ru\/?s={search_term_string}"},"query-input":{"@type":"PropertyValueSpecification","valueRequired":true,"valueName":"search_term_string"}}],"inLanguage":"de"},{"@type":"Organization","@id":"https:\/\/bmibearings.com\/ru\/#organization","name":"Bearing Manufacturing India","url":"https:\/\/bmibearings.com\/ru\/","logo":{"@type":"ImageObject","inLanguage":"de","@id":"https:\/\/bmibearings.com\/ru\/#\/schema\/logo\/image\/","url":"https:\/\/bmibearings.com\/wp-content\/uploads\/2014\/03\/logo211.png","contentUrl":"https:\/\/bmibearings.com\/wp-content\/uploads\/2014\/03\/logo211.png","width":541,"height":72,"caption":"Bearing Manufacturing India"},"image":{"@id":"https:\/\/bmibearings.com\/ru\/#\/schema\/logo\/image\/"}}]}},"_links":{"self":[{"href":"https:\/\/bmibearings.com\/de\/wp-json\/wp\/v2\/pages\/147","targetHints":{"allow":["GET"]}}],"collection":[{"href":"https:\/\/bmibearings.com\/de\/wp-json\/wp\/v2\/pages"}],"about":[{"href":"https:\/\/bmibearings.com\/de\/wp-json\/wp\/v2\/types\/page"}],"author":[{"embeddable":true,"href":"https:\/\/bmibearings.com\/de\/wp-json\/wp\/v2\/users\/2"}],"replies":[{"embeddable":true,"href":"https:\/\/bmibearings.com\/de\/wp-json\/wp\/v2\/comments?post=147"}],"version-history":[{"count":1,"href":"https:\/\/bmibearings.com\/de\/wp-json\/wp\/v2\/pages\/147\/revisions"}],"predecessor-version":[{"id":5607,"href":"https:\/\/bmibearings.com\/de\/wp-json\/wp\/v2\/pages\/147\/revisions\/5607"}],"up":[{"embeddable":true,"href":"https:\/\/bmibearings.com\/de\/wp-json\/wp\/v2\/pages\/5557"}],"wp:featuredmedia":[{"embeddable":true,"href":"https:\/\/bmibearings.com\/de\/wp-json\/wp\/v2\/media\/476"}],"wp:attachment":[{"href":"https:\/\/bmibearings.com\/de\/wp-json\/wp\/v2\/media?parent=147"}],"wp:term":[{"taxonomy":"post_tag","embeddable":true,"href":"https:\/\/bmibearings.com\/de\/wp-json\/wp\/v2\/tags?post=147"}],"curies":[{"name":"wp","href":"https:\/\/api.w.org\/{rel}","templated":true}]}}